{"id":77661,"date":"2025-07-06T11:09:44","date_gmt":"2025-07-06T11:09:44","guid":{"rendered":"https:\/\/skinstudio.ee\/?post_type=product&#038;p=77661"},"modified":"2026-02-13T15:29:19","modified_gmt":"2026-02-13T15:29:19","slug":"p-o-w-e-r-essence-tonic","status":"publish","type":"product","link":"https:\/\/skinstudio.ee\/lt\/catalog\/ph-formula\/p-o-w-e-r-essence-tonic\/","title":{"rendered":"P.O.W.E.R. Essence Tonic"},"content":{"rendered":"<p data-start=\"5104\" data-end=\"5367\"><strong data-start=\"5104\" data-end=\"5146\">P.O.W.E.R. Essence Tonic nuo pHformula<\/strong> yra tonikas\u2013pur\u0161kalas su koncentruota formule, sukurtas intensyviai dr\u0117kinti od\u0105, didinti jos stangrum\u0105 ir suteikti gaivumo poj\u016bt\u012f. Priemon\u0117 padeda pagerinti odos tekst\u016br\u0105, padarydama j\u0105 lygesn\u0119, \u0161velnesn\u0119 ir skaistesn\u0119.<\/p>\n<p data-start=\"5369\" data-end=\"5555\">Tonikas akimirksniu \u012fsigeria ir paruo\u0161ia od\u0105 efektyvesniam tolimesni\u0173 prie\u017ei\u016bros priemoni\u0173, toki\u0173 kaip serumai ir kremai, \u012fsisavinimui, taip pat padeda palaikyti odos apsaug\u0105 vis\u0105 dien\u0105.<\/p>\n<p data-start=\"5557\" data-end=\"5803\"><strong data-start=\"5557\" data-end=\"5593\">Pagrindini\u0173 ingredient\u0173 poveikis<\/strong><\/p>\n<ul>\n<li data-start=\"5557\" data-end=\"5803\"><strong data-start=\"5596\" data-end=\"5612\">Niacinamide:<\/strong> padeda suvienodinti odos ton\u0105 ir pagerinti bendr\u0105 odos b\u016bkl\u0119<\/li>\n<li data-start=\"5557\" data-end=\"5803\"><strong data-start=\"5676\" data-end=\"5699\">Sodium Hyaluronate:<\/strong> u\u017etikrina gil\u0173 ir ilgalaik\u012f dr\u0117kinim\u0105<\/li>\n<li data-start=\"5557\" data-end=\"5803\"><strong data-start=\"5740\" data-end=\"5754\">Panthenol:<\/strong> ramina od\u0105 ir padeda palaikyti komforto poj\u016bt\u012f<\/li>\n<\/ul>\n<p data-start=\"5805\" data-end=\"5926\">Tinka vis\u0173 tip\u0173 odai, \u012fskaitant jautri\u0105 ir dehidratuot\u0105, ypa\u010d esant tempimo poj\u016b\u010diui, papilk\u0117jimui ir gaivumo praradimui.<\/p>\n<p data-start=\"5928\" data-end=\"5944\"><strong data-start=\"5928\" data-end=\"5938\">T\u016bris:<\/strong> 75 ml<\/p>\n","protected":false},"excerpt":{"rendered":"<p data-start=\"6128\" data-end=\"6196\"><span style=\"color: #ff0000;\"><strong data-start=\"6128\" data-end=\"6196\">pHFormula produkt\u0173 pristatymas galimas tik Estijos teritorijoje.<\/strong><\/span><\/p>\n<p data-start=\"6198\" data-end=\"6384\"><span style=\"color: #ff0000;\">NB! Produkt\u0105 galima \u012fsigyti tik pasikonsultavus su specialistu. Skambinkite +372 58 500 171 arba ra\u0161ykite <a class=\"decorated-link cursor-pointer\" style=\"color: #ff0000;\" href=\"mailto:info@skinstudio.ee\" rel=\"noopener\" data-start=\"6304\" data-end=\"6322\">info@skinstudio.ee<\/a>. M\u016bs\u0173 konsultantai pad\u0117s \u012fsigyti \u0161io prek\u0117s \u017eenklo produktus.<\/span><\/p>\n<p data-start=\"6386\" data-end=\"6403\">Tonikas\u2013pur\u0161kalas<\/p>\n<h2 data-start=\"6405\" data-end=\"6453\"><strong data-start=\"6405\" data-end=\"6453\">pHformula &#8211; P.O.W.E.R. Essence Tonic Savyb\u0117s<\/strong><\/h2>\n<p data-start=\"6455\" data-end=\"6714\">\u2714\ufe0f Intensyviai dr\u0117kina ir suteikia odai komforto poj\u016bt\u012f<br data-start=\"6510\" data-end=\"6513\" \/>\u2714\ufe0f Pagerina odos ton\u0105 ir suteikia gaiv\u0173, pri\u017ei\u016br\u0117t\u0105 vaizd\u0105<br data-start=\"6571\" data-end=\"6574\" \/>\u2714\ufe0f Padaro od\u0105 lygesn\u0119 ir \u0161velnesn\u0119 liesti<br data-start=\"6615\" data-end=\"6618\" \/>\u2714\ufe0f Padeda apsaugoti od\u0105 nuo i\u0161orini\u0173 veiksni\u0173<br data-start=\"6663\" data-end=\"6666\" \/>\u2714\ufe0f Sustiprina tolimesn\u0117s prie\u017ei\u016bros efektyvum\u0105<\/p>\n","protected":false},"featured_media":64789,"template":"","meta":[],"pwb-brand":[779],"product_brand":[],"product_cat":[654,722],"product_tag":[],"giftcard-category":[],"class_list":{"0":"post-77661","1":"product","2":"type-product","3":"status-publish","4":"has-post-thumbnail","6":"pwb-brand-ph-formula","7":"product_cat-ph-formula-lt","8":"product_cat-toneriai","10":"first","11":"instock","12":"taxable","13":"shipping-taxable","14":"purchasable","15":"product-type-simple"},"acf":[],"brands":[{"id":779,"name":"pH Formula","slug":"ph-formula"}],"_links":{"self":[{"href":"https:\/\/skinstudio.ee\/lt\/wp-json\/wp\/v2\/product\/77661","targetHints":{"allow":["GET"]}}],"collection":[{"href":"https:\/\/skinstudio.ee\/lt\/wp-json\/wp\/v2\/product"}],"about":[{"href":"https:\/\/skinstudio.ee\/lt\/wp-json\/wp\/v2\/types\/product"}],"version-history":[{"count":1,"href":"https:\/\/skinstudio.ee\/lt\/wp-json\/wp\/v2\/product\/77661\/revisions"}],"predecessor-version":[{"id":77662,"href":"https:\/\/skinstudio.ee\/lt\/wp-json\/wp\/v2\/product\/77661\/revisions\/77662"}],"wp:featuredmedia":[{"embeddable":true,"href":"https:\/\/skinstudio.ee\/lt\/wp-json\/wp\/v2\/media\/64789"}],"wp:attachment":[{"href":"https:\/\/skinstudio.ee\/lt\/wp-json\/wp\/v2\/media?parent=77661"}],"wp:term":[{"taxonomy":"pwb-brand","embeddable":true,"href":"https:\/\/skinstudio.ee\/lt\/wp-json\/wp\/v2\/pwb-brand?post=77661"},{"taxonomy":"product_brand","embeddable":true,"href":"https:\/\/skinstudio.ee\/lt\/wp-json\/wp\/v2\/product_brand?post=77661"},{"taxonomy":"product_cat","embeddable":true,"href":"https:\/\/skinstudio.ee\/lt\/wp-json\/wp\/v2\/product_cat?post=77661"},{"taxonomy":"product_tag","embeddable":true,"href":"https:\/\/skinstudio.ee\/lt\/wp-json\/wp\/v2\/product_tag?post=77661"},{"taxonomy":"giftcard-category","embeddable":true,"href":"https:\/\/skinstudio.ee\/lt\/wp-json\/wp\/v2\/giftcard-category?post=77661"}],"curies":[{"name":"wp","href":"https:\/\/api.w.org\/{rel}","templated":true}]}}