{"id":77669,"date":"2025-07-06T10:45:35","date_gmt":"2025-07-06T10:45:35","guid":{"rendered":"https:\/\/skinstudio.ee\/?post_type=product&#038;p=77669"},"modified":"2026-02-13T15:29:11","modified_gmt":"2026-02-13T15:29:11","slug":"l-i-p-hydrate-spf15","status":"publish","type":"product","link":"https:\/\/skinstudio.ee\/lt\/catalog\/ph-formula\/l-i-p-hydrate-spf15\/","title":{"rendered":"L.I.P. Hydrate SPF15"},"content":{"rendered":"<p data-start=\"5766\" data-end=\"6003\"><strong data-start=\"5766\" data-end=\"5804\">L.I.P. Hydrate SPF15 nuo pHformula<\/strong> yra vegani\u0161kas l\u016bp\u0173 balzamas, pagamintas i\u0161 auk\u0161tos kokyb\u0117s ingredient\u0173 ir tinkamas visai \u0161eimai. Jis intensyviai dr\u0117kina, ramina ir pri\u017ei\u016bri l\u016bpas, atkurdamas j\u0173 sveik\u0105 i\u0161vaizd\u0105 ir komforto poj\u016bt\u012f.<\/p>\n<p data-start=\"6005\" data-end=\"6253\">L\u016bp\u0173 balzamas su SPF15 apsaugo l\u016bpas nuo \u017ealingo saul\u0117s poveikio. Taukmed\u017eio sviestas padeda apsaugoti od\u0105 nuo i\u0161orini\u0173 veiksni\u0173 (UV spinduli\u0173 ir v\u0117jo) ir turi daug antioksidant\u0173 (vitamin\u0173 A, E ir F), kurie padeda kovoti su laisvaisiais radikalais.<\/p>\n<p data-start=\"6255\" data-end=\"6293\"><strong data-start=\"6255\" data-end=\"6291\">Pagrindini\u0173 ingredient\u0173 poveikis<\/strong><\/p>\n<ul data-start=\"6294\" data-end=\"6750\">\n<li data-start=\"6294\" data-end=\"6483\">\n<p data-start=\"6296\" data-end=\"6483\"><strong data-start=\"6296\" data-end=\"6320\">Taukmed\u017eio sviestas:<\/strong> turtingas mink\u0161tinamasis komponentas, daugiausia sudarytas i\u0161 oleino ir stearino r\u016bg\u0161\u010di\u0173, padeda palaikyti odos dr\u0117gm\u0119 ir pasi\u017eymi prie\u0161u\u017edegimin\u0117mis savyb\u0117mis.<\/p>\n<\/li>\n<li data-start=\"6484\" data-end=\"6667\">\n<p data-start=\"6486\" data-end=\"6667\"><strong data-start=\"6486\" data-end=\"6519\">Caprylic\/Capric Triglyceride:<\/strong> gaunamas i\u0161 kokos\u0173 aliejaus ir glicerino \u2013 veiksmingi mink\u0161tinantys ir maitinantys komponentai, kurie greitai \u012fsigeria ir palaiko odos dr\u0117kinim\u0105.<\/p>\n<\/li>\n<li data-start=\"6668\" data-end=\"6750\">\n<p data-start=\"6670\" data-end=\"6750\"><strong data-start=\"6670\" data-end=\"6693\">UVA ir UVB filtrai:<\/strong> b\u016btini patikimai ir plataus spektro apsaugai nuo saul\u0117s.<\/p>\n<\/li>\n<\/ul>\n<p data-start=\"6752\" data-end=\"6853\">Tinka kasdieniam naudojimui visai \u0161eimai, ypa\u010d esant sausumui, jautrumui ir saul\u0117s ar v\u0117jo poveikiui.<\/p>\n<p data-start=\"6855\" data-end=\"6871\"><strong data-start=\"6855\" data-end=\"6865\">T\u016bris:<\/strong> 15 ml<\/p>\n","protected":false},"excerpt":{"rendered":"<p data-start=\"6970\" data-end=\"7038\"><span style=\"color: #ff0000;\"><strong data-start=\"6970\" data-end=\"7038\">pHFormula produkt\u0173 pristatymas galimas tik Estijos teritorijoje.<\/strong><\/span><\/p>\n<p data-start=\"7040\" data-end=\"7226\"><span style=\"color: #ff0000;\">NB! Produkt\u0105 galima \u012fsigyti tik pasikonsultavus su specialistu. Skambinkite +372 58 500 171 arba ra\u0161ykite <a class=\"decorated-link cursor-pointer\" style=\"color: #ff0000;\" href=\"mailto:info@skinstudio.ee\" rel=\"noopener\" data-start=\"7146\" data-end=\"7164\">info@skinstudio.ee<\/a>. M\u016bs\u0173 konsultantai pad\u0117s \u012fsigyti \u0161io prek\u0117s \u017eenklo produktus.<\/span><\/p>\n<p data-start=\"7228\" data-end=\"7269\">Dr\u0117kinamasis l\u016bp\u0173 balzamas su SPF apsauga<\/p>\n<h2 data-start=\"7271\" data-end=\"7315\"><strong data-start=\"7271\" data-end=\"7315\">pHformula &#8211; L.I.P. Hydrate SPF15 Savyb\u0117s<\/strong><\/h2>\n<p data-start=\"7317\" data-end=\"7566\">\u2714\ufe0f Intensyviai dr\u0117kina ir maitina l\u016bpas<br data-start=\"7356\" data-end=\"7359\" \/>\u2714\ufe0f Apsaugo nuo \u017ealingo saul\u0117s poveikio (SPF15)<br data-start=\"7405\" data-end=\"7408\" \/>\u2714\ufe0f Mink\u0161tina ir padeda i\u0161vengti sausumo bei skilin\u0117jimo<br data-start=\"7463\" data-end=\"7466\" \/>\u2714\ufe0f Suteikia l\u016bpoms komfort\u0105 ir glotnum\u0105<br data-start=\"7505\" data-end=\"7508\" \/>\u2714\ufe0f Lengva tekst\u016bra greitai \u012fsigeria ir nepalieka lipnumo<\/p>\n","protected":false},"featured_media":64794,"template":"","meta":[],"pwb-brand":[779],"product_brand":[],"product_cat":[760,654,732],"product_tag":[],"giftcard-category":[],"class_list":{"0":"post-77669","1":"product","2":"type-product","3":"status-publish","4":"has-post-thumbnail","6":"pwb-brand-ph-formula","7":"product_cat-lupu-prieziura","8":"product_cat-ph-formula-lt","9":"product_cat-spf-apsauga","11":"first","12":"instock","13":"taxable","14":"shipping-taxable","15":"purchasable","16":"product-type-simple"},"acf":[],"brands":[{"id":779,"name":"pH Formula","slug":"ph-formula"}],"_links":{"self":[{"href":"https:\/\/skinstudio.ee\/lt\/wp-json\/wp\/v2\/product\/77669","targetHints":{"allow":["GET"]}}],"collection":[{"href":"https:\/\/skinstudio.ee\/lt\/wp-json\/wp\/v2\/product"}],"about":[{"href":"https:\/\/skinstudio.ee\/lt\/wp-json\/wp\/v2\/types\/product"}],"version-history":[{"count":1,"href":"https:\/\/skinstudio.ee\/lt\/wp-json\/wp\/v2\/product\/77669\/revisions"}],"predecessor-version":[{"id":77670,"href":"https:\/\/skinstudio.ee\/lt\/wp-json\/wp\/v2\/product\/77669\/revisions\/77670"}],"wp:featuredmedia":[{"embeddable":true,"href":"https:\/\/skinstudio.ee\/lt\/wp-json\/wp\/v2\/media\/64794"}],"wp:attachment":[{"href":"https:\/\/skinstudio.ee\/lt\/wp-json\/wp\/v2\/media?parent=77669"}],"wp:term":[{"taxonomy":"pwb-brand","embeddable":true,"href":"https:\/\/skinstudio.ee\/lt\/wp-json\/wp\/v2\/pwb-brand?post=77669"},{"taxonomy":"product_brand","embeddable":true,"href":"https:\/\/skinstudio.ee\/lt\/wp-json\/wp\/v2\/product_brand?post=77669"},{"taxonomy":"product_cat","embeddable":true,"href":"https:\/\/skinstudio.ee\/lt\/wp-json\/wp\/v2\/product_cat?post=77669"},{"taxonomy":"product_tag","embeddable":true,"href":"https:\/\/skinstudio.ee\/lt\/wp-json\/wp\/v2\/product_tag?post=77669"},{"taxonomy":"giftcard-category","embeddable":true,"href":"https:\/\/skinstudio.ee\/lt\/wp-json\/wp\/v2\/giftcard-category?post=77669"}],"curies":[{"name":"wp","href":"https:\/\/api.w.org\/{rel}","templated":true}]}}