{"id":77676,"date":"2025-07-06T10:21:35","date_gmt":"2025-07-06T10:21:35","guid":{"rendered":"https:\/\/skinstudio.ee\/?post_type=product&#038;p=77676"},"modified":"2026-02-13T15:29:22","modified_gmt":"2026-02-13T15:29:22","slug":"sos-hydra-gel-mask","status":"publish","type":"product","link":"https:\/\/skinstudio.ee\/lt\/catalog\/ph-formula\/sos-hydra-gel-mask\/","title":{"rendered":"SOS Hydra Gel Mask"},"content":{"rendered":"<p data-start=\"5080\" data-end=\"5357\"><strong data-start=\"5080\" data-end=\"5116\">SOS Hydra Gel Mask nuo pHformula<\/strong> yra gelin\u0117 kauk\u0117 su hialurono r\u016bg\u0161timi, alaviju ir pantenoliu, kuri intensyviai dr\u0117kina od\u0105 ir akimirksniu nuramina sudirgim\u0105. Ji gr\u0105\u017eina komforto poj\u016bt\u012f, pagerina odos tekst\u016br\u0105 ir padeda odai grei\u010diau atsigauti po i\u0161orini\u0173 streso veiksni\u0173.<\/p>\n<p data-start=\"5359\" data-end=\"5535\">Kauk\u0117 ypa\u010d tinka jautriai, dehidratuotai ir pavargusiai odai. J\u0105 galima naudoti tiek kaip SOS priemon\u0119 esant sudirgimui ir sausumui, tiek kaip reguliari\u0105 dr\u0117kinam\u0105j\u0105 prie\u017ei\u016br\u0105.<\/p>\n<p data-start=\"5537\" data-end=\"5575\"><strong data-start=\"5537\" data-end=\"5573\">Pagrindini\u0173 ingredient\u0173 poveikis<\/strong><\/p>\n<ul data-start=\"5576\" data-end=\"5837\">\n<li data-start=\"5576\" data-end=\"5680\">\n<p data-start=\"5578\" data-end=\"5680\"><strong data-start=\"5578\" data-end=\"5598\">Hyaluronic Acid:<\/strong> intensyviai dr\u0117kina od\u0105 ir padeda i\u0161laikyti dr\u0117gm\u0119, pa\u0161alindama tempimo poj\u016bt\u012f.<\/p>\n<\/li>\n<li data-start=\"5681\" data-end=\"5749\">\n<p data-start=\"5683\" data-end=\"5749\"><strong data-start=\"5683\" data-end=\"5697\">Aloe Vera:<\/strong> ramina od\u0105, ma\u017eina paraudim\u0105 ir padeda atsigauti.<\/p>\n<\/li>\n<li data-start=\"5750\" data-end=\"5837\">\n<p data-start=\"5752\" data-end=\"5837\"><strong data-start=\"5752\" data-end=\"5766\">Panthenol:<\/strong> palaiko odos regeneracij\u0105, ma\u017eina sudirgim\u0105 ir didina komforto poj\u016bt\u012f.<\/p>\n<\/li>\n<\/ul>\n<p data-start=\"5839\" data-end=\"5954\">Tinka sausai, jautriai, dehidratuotai ir pavargusiai odai, ypa\u010d po saul\u0117s, v\u0117jo, proced\u016br\u0173 ir kit\u0173 streso veiksni\u0173.<\/p>\n<p data-start=\"5956\" data-end=\"5972\"><strong data-start=\"5956\" data-end=\"5966\">T\u016bris:<\/strong> 50 ml<\/p>\n","protected":false},"excerpt":{"rendered":"<p data-start=\"6064\" data-end=\"6132\"><span style=\"color: #ff0000;\"><strong data-start=\"6064\" data-end=\"6132\">pHFormula produkt\u0173 pristatymas galimas tik Estijos teritorijoje.<\/strong><\/span><\/p>\n<p data-start=\"6134\" data-end=\"6320\"><span style=\"color: #ff0000;\">NB! Produkt\u0105 galima \u012fsigyti tik pasikonsultavus su specialistu. Skambinkite +372 58 500 171 arba ra\u0161ykite <a class=\"decorated-link cursor-pointer\" style=\"color: #ff0000;\" href=\"mailto:info@skinstudio.ee\" rel=\"noopener\" data-start=\"6240\" data-end=\"6258\">info@skinstudio.ee<\/a>. M\u016bs\u0173 konsultantai pad\u0117s \u012fsigyti \u0161io prek\u0117s \u017eenklo produktus.<\/span><\/p>\n<p data-start=\"6322\" data-end=\"6345\">Gaivinanti gelin\u0117 kauk\u0117<\/p>\n<h2 data-start=\"6347\" data-end=\"6389\"><strong data-start=\"6347\" data-end=\"6389\">pHformula &#8211; SOS Hydra Gel Mask Savyb\u0117s<\/strong><\/h2>\n<p data-start=\"6391\" data-end=\"6637\">\u2714\ufe0f Greitai pa\u0161alina sausum\u0105 ir tempimo poj\u016bt\u012f<br data-start=\"6436\" data-end=\"6439\" \/>\u2714\ufe0f Intensyviai dr\u0117kina ir atkuria odos dr\u0117gm\u0117s balans\u0105<br data-start=\"6493\" data-end=\"6496\" \/>\u2714\ufe0f Ramina od\u0105 ir ma\u017eina jautrum\u0105<br data-start=\"6528\" data-end=\"6531\" \/>\u2714\ufe0f Padaro od\u0105 \u0161velnesn\u0119, gaivesn\u0119 ir lygesn\u0119<br data-start=\"6575\" data-end=\"6578\" \/>\u2714\ufe0f Idealiai tinka po saul\u0117s, v\u0117jo ir kosmetini\u0173 proced\u016br\u0173<\/p>\n","protected":false},"featured_media":36108,"template":"","meta":[],"pwb-brand":[779],"product_brand":[],"product_cat":[726,654],"product_tag":[],"giftcard-category":[],"class_list":{"0":"post-77676","1":"product","2":"type-product","3":"status-publish","4":"has-post-thumbnail","6":"pwb-brand-ph-formula","7":"product_cat-maskas-lt","8":"product_cat-ph-formula-lt","10":"first","11":"instock","12":"taxable","13":"shipping-taxable","14":"purchasable","15":"product-type-simple"},"acf":[],"brands":[{"id":779,"name":"pH Formula","slug":"ph-formula"}],"_links":{"self":[{"href":"https:\/\/skinstudio.ee\/lt\/wp-json\/wp\/v2\/product\/77676","targetHints":{"allow":["GET"]}}],"collection":[{"href":"https:\/\/skinstudio.ee\/lt\/wp-json\/wp\/v2\/product"}],"about":[{"href":"https:\/\/skinstudio.ee\/lt\/wp-json\/wp\/v2\/types\/product"}],"version-history":[{"count":1,"href":"https:\/\/skinstudio.ee\/lt\/wp-json\/wp\/v2\/product\/77676\/revisions"}],"predecessor-version":[{"id":77677,"href":"https:\/\/skinstudio.ee\/lt\/wp-json\/wp\/v2\/product\/77676\/revisions\/77677"}],"wp:featuredmedia":[{"embeddable":true,"href":"https:\/\/skinstudio.ee\/lt\/wp-json\/wp\/v2\/media\/36108"}],"wp:attachment":[{"href":"https:\/\/skinstudio.ee\/lt\/wp-json\/wp\/v2\/media?parent=77676"}],"wp:term":[{"taxonomy":"pwb-brand","embeddable":true,"href":"https:\/\/skinstudio.ee\/lt\/wp-json\/wp\/v2\/pwb-brand?post=77676"},{"taxonomy":"product_brand","embeddable":true,"href":"https:\/\/skinstudio.ee\/lt\/wp-json\/wp\/v2\/product_brand?post=77676"},{"taxonomy":"product_cat","embeddable":true,"href":"https:\/\/skinstudio.ee\/lt\/wp-json\/wp\/v2\/product_cat?post=77676"},{"taxonomy":"product_tag","embeddable":true,"href":"https:\/\/skinstudio.ee\/lt\/wp-json\/wp\/v2\/product_tag?post=77676"},{"taxonomy":"giftcard-category","embeddable":true,"href":"https:\/\/skinstudio.ee\/lt\/wp-json\/wp\/v2\/giftcard-category?post=77676"}],"curies":[{"name":"wp","href":"https:\/\/api.w.org\/{rel}","templated":true}]}}