{"id":77683,"date":"2025-07-06T10:17:01","date_gmt":"2025-07-06T10:17:01","guid":{"rendered":"https:\/\/skinstudio.ee\/?post_type=product&#038;p=77683"},"modified":"2026-02-13T15:29:10","modified_gmt":"2026-02-13T15:29:10","slug":"h-a-n-d-perfection-cream","status":"publish","type":"product","link":"https:\/\/skinstudio.ee\/lt\/catalog\/ph-formula\/h-a-n-d-perfection-cream\/","title":{"rendered":"H.A.N.D. Perfection Cream"},"content":{"rendered":"<p data-start=\"5595\" data-end=\"5937\"><strong data-start=\"5595\" data-end=\"5638\">H.A.N.D. Perfection Cream nuo pHformula<\/strong> yra dr\u0117kinamasis rank\u0173 kremas, sukurtas kovoti su ankstyvais ir matomais odos sen\u0117jimo po\u017eymiais. Rank\u0173 oda yra viena i\u0161 pirm\u0173j\u0173 sri\u010di\u0173, kuriose atsiranda sen\u0117jimo po\u017eymiai: padid\u0117jusi pigmentacija, smulkios rauk\u0161l\u0117s ir glotnumo praradimas d\u0117l nuolatinio UV spinduli\u0173 ir aplinkos veiksni\u0173 poveikio.<\/p>\n<p data-start=\"5939\" data-end=\"6079\">Kremas padeda suma\u017einti matomus sen\u0117jimo po\u017eymius, palaiko optimal\u0173 dr\u0117gm\u0117s lyg\u012f ir padeda i\u0161laikyti rank\u0173 od\u0105 \u0161velni\u0105, lygi\u0105 ir pri\u017ei\u016br\u0117t\u0105.<\/p>\n<p data-start=\"6081\" data-end=\"6119\"><strong data-start=\"6081\" data-end=\"6117\">Pagrindini\u0173 ingredient\u0173 poveikis<\/strong><\/p>\n<ul data-start=\"6120\" data-end=\"6434\">\n<li data-start=\"6120\" data-end=\"6242\">\n<p data-start=\"6122\" data-end=\"6242\"><strong data-start=\"6122\" data-end=\"6138\">Niacinamide:<\/strong> padeda suvienodinti odos ton\u0105, suma\u017einti pigmentacijos po\u017eymius ir pagerinti bendr\u0105 rank\u0173 odos b\u016bkl\u0119.<\/p>\n<\/li>\n<li data-start=\"6243\" data-end=\"6358\">\n<p data-start=\"6245\" data-end=\"6358\"><strong data-start=\"6245\" data-end=\"6261\">Shea Butter:<\/strong> intensyviai maitina ir mink\u0161tina od\u0105 bei padeda apsaugoti j\u0105 nuo sausumo ir i\u0161orini\u0173 veiksni\u0173.<\/p>\n<\/li>\n<li data-start=\"6359\" data-end=\"6434\">\n<p data-start=\"6361\" data-end=\"6434\"><strong data-start=\"6361\" data-end=\"6375\">Panthenol:<\/strong> ramina od\u0105, palaiko atsistatym\u0105 ir didina komforto poj\u016bt\u012f.<\/p>\n<\/li>\n<\/ul>\n<p data-start=\"6436\" data-end=\"6549\">Tinka vis\u0173 tip\u0173 odai, ypa\u010d sausai rank\u0173 odai, odai su fotosen\u0117jimo po\u017eymiais, pigmentacija ir glotnumo praradimu.<\/p>\n<p data-start=\"6551\" data-end=\"6567\"><strong data-start=\"6551\" data-end=\"6561\">T\u016bris:<\/strong> 50 ml<\/p>\n","protected":false},"excerpt":{"rendered":"<p data-start=\"6662\" data-end=\"6730\"><span style=\"color: #ff0000;\"><strong data-start=\"6662\" data-end=\"6730\">pHFormula produkt\u0173 pristatymas galimas tik Estijos teritorijoje.<\/strong><\/span><\/p>\n<p data-start=\"6732\" data-end=\"6918\"><span style=\"color: #ff0000;\">NB! Produkt\u0105 galima \u012fsigyti tik pasikonsultavus su specialistu. Skambinkite +372 58 500 171 arba ra\u0161ykite <a class=\"decorated-link cursor-pointer\" style=\"color: #ff0000;\" href=\"mailto:info@skinstudio.ee\" rel=\"noopener\" data-start=\"6838\" data-end=\"6856\">info@skinstudio.ee<\/a>. M\u016bs\u0173 konsultantai pad\u0117s \u012fsigyti \u0161io prek\u0117s \u017eenklo produktus.<\/span><\/p>\n<p data-start=\"6920\" data-end=\"6945\">Dr\u0117kinamasis rank\u0173 kremas<\/p>\n<h2 data-start=\"6947\" data-end=\"6996\"><strong data-start=\"6947\" data-end=\"6996\">pHformula &#8211; H.A.N.D. Perfection Cream Savyb\u0117s<\/strong><\/h2>\n<p data-start=\"6998\" data-end=\"7340\">\u2714\ufe0f Giliai dr\u0117kina ir padeda atkurti od\u0105 po sausumo ir sudirgimo<br data-start=\"7061\" data-end=\"7064\" \/>\u2714\ufe0f I\u0161lygina odos tekst\u016br\u0105 ir daro od\u0105 stangresn\u0119 bei elastingesn\u0119<br data-start=\"7129\" data-end=\"7132\" \/>\u2714\ufe0f Padeda kovoti su pigmentacija ir papilk\u0117jusiu odos tonu<br data-start=\"7190\" data-end=\"7193\" \/>\u2714\ufe0f Suteikia apsaugos poj\u016bt\u012f nuo \u0161al\u010dio, v\u0117jo ir agresyvi\u0173 aplinkos veiksni\u0173<br data-start=\"7268\" data-end=\"7271\" \/>\u2714\ufe0f Padeda sul\u0117tinti sen\u0117jimo procesus, i\u0161laikant rankas pri\u017ei\u016br\u0117tas<\/p>\n","protected":false},"featured_media":64809,"template":"","meta":[],"pwb-brand":[779],"product_brand":[],"product_cat":[758,654],"product_tag":[],"giftcard-category":[],"class_list":{"0":"post-77683","1":"product","2":"type-product","3":"status-publish","4":"has-post-thumbnail","6":"pwb-brand-ph-formula","7":"product_cat-kuno-prieziura","8":"product_cat-ph-formula-lt","10":"first","11":"instock","12":"taxable","13":"shipping-taxable","14":"purchasable","15":"product-type-simple"},"acf":[],"brands":[{"id":779,"name":"pH Formula","slug":"ph-formula"}],"_links":{"self":[{"href":"https:\/\/skinstudio.ee\/lt\/wp-json\/wp\/v2\/product\/77683","targetHints":{"allow":["GET"]}}],"collection":[{"href":"https:\/\/skinstudio.ee\/lt\/wp-json\/wp\/v2\/product"}],"about":[{"href":"https:\/\/skinstudio.ee\/lt\/wp-json\/wp\/v2\/types\/product"}],"version-history":[{"count":1,"href":"https:\/\/skinstudio.ee\/lt\/wp-json\/wp\/v2\/product\/77683\/revisions"}],"predecessor-version":[{"id":77684,"href":"https:\/\/skinstudio.ee\/lt\/wp-json\/wp\/v2\/product\/77683\/revisions\/77684"}],"wp:featuredmedia":[{"embeddable":true,"href":"https:\/\/skinstudio.ee\/lt\/wp-json\/wp\/v2\/media\/64809"}],"wp:attachment":[{"href":"https:\/\/skinstudio.ee\/lt\/wp-json\/wp\/v2\/media?parent=77683"}],"wp:term":[{"taxonomy":"pwb-brand","embeddable":true,"href":"https:\/\/skinstudio.ee\/lt\/wp-json\/wp\/v2\/pwb-brand?post=77683"},{"taxonomy":"product_brand","embeddable":true,"href":"https:\/\/skinstudio.ee\/lt\/wp-json\/wp\/v2\/product_brand?post=77683"},{"taxonomy":"product_cat","embeddable":true,"href":"https:\/\/skinstudio.ee\/lt\/wp-json\/wp\/v2\/product_cat?post=77683"},{"taxonomy":"product_tag","embeddable":true,"href":"https:\/\/skinstudio.ee\/lt\/wp-json\/wp\/v2\/product_tag?post=77683"},{"taxonomy":"giftcard-category","embeddable":true,"href":"https:\/\/skinstudio.ee\/lt\/wp-json\/wp\/v2\/giftcard-category?post=77683"}],"curies":[{"name":"wp","href":"https:\/\/api.w.org\/{rel}","templated":true}]}}