{"id":77690,"date":"2025-07-06T10:18:48","date_gmt":"2025-07-06T10:18:48","guid":{"rendered":"https:\/\/skinstudio.ee\/?post_type=product&#038;p=77690"},"modified":"2026-02-13T15:29:23","modified_gmt":"2026-02-13T15:29:23","slug":"sos-repair-cream","status":"publish","type":"product","link":"https:\/\/skinstudio.ee\/lt\/catalog\/ph-formula\/sos-repair-cream\/","title":{"rendered":"SOS Repair Cream"},"content":{"rendered":"<p data-start=\"5289\" data-end=\"5568\"><strong data-start=\"5289\" data-end=\"5323\">SOS Repair Cream nuo pHformula<\/strong> yra sodrios tekst\u016bros ir apgalvotos formul\u0117s kremas, sukurtas kaip universalus pagalbininkas odai stresin\u0117se b\u016bkl\u0117se. Jis sud\u0117tyje turi pantenolio, alantoino ir raminan\u010di\u0173 komponent\u0173, kurie padeda atkurti od\u0105 ir stiprinti jos apsaugin\u012f barjer\u0105.<\/p>\n<p data-start=\"5570\" data-end=\"5797\">Kremas yra nepakei\u010diamas po piling\u0173, lazerini\u0173 proced\u016br\u0173 ir kit\u0173 kosmetini\u0173 proced\u016br\u0173, taip pat sezoninio odos jautrumo laikotarpiu. Jis padeda suma\u017einti diskomfort\u0105, nuraminti paraudim\u0105 ir paspartinti odos atsigavimo procesus.<\/p>\n<p data-start=\"5799\" data-end=\"5837\"><strong data-start=\"5799\" data-end=\"5835\">Pagrindini\u0173 ingredient\u0173 poveikis<\/strong><\/p>\n<ul data-start=\"5838\" data-end=\"6094\">\n<li data-start=\"5838\" data-end=\"5926\">\n<p data-start=\"5840\" data-end=\"5926\"><strong data-start=\"5840\" data-end=\"5854\">Panthenol:<\/strong> palaiko odos atsistatym\u0105, ma\u017eina sudirgim\u0105 ir didina komforto poj\u016bt\u012f.<\/p>\n<\/li>\n<li data-start=\"5927\" data-end=\"6011\">\n<p data-start=\"5929\" data-end=\"6011\"><strong data-start=\"5929\" data-end=\"5943\">Allantoin:<\/strong> ramina od\u0105, padeda suma\u017einti jautrum\u0105 ir palaiko gijimo procesus.<\/p>\n<\/li>\n<li data-start=\"6012\" data-end=\"6094\">\n<p data-start=\"6014\" data-end=\"6094\"><strong data-start=\"6014\" data-end=\"6028\">Bisabolol:<\/strong> pasi\u017eymi ry\u0161kiu raminamuoju poveikiu ir padeda ma\u017einti paraudim\u0105.<\/p>\n<\/li>\n<\/ul>\n<p data-start=\"6096\" data-end=\"6221\">Tinka vis\u0173 tip\u0173 odai, \u012fskaitant jautri\u0105 ir itin jautri\u0105, ypa\u010d po proced\u016br\u0173, esant sudirgimui, paraudimui ir tempimo poj\u016b\u010diui.<\/p>\n<p data-start=\"6223\" data-end=\"6239\"><strong data-start=\"6223\" data-end=\"6233\">T\u016bris:<\/strong> 30 ml<\/p>\n","protected":false},"excerpt":{"rendered":"<p data-start=\"6332\" data-end=\"6400\"><span style=\"color: #ff0000;\"><strong data-start=\"6332\" data-end=\"6400\">pHFormula produkt\u0173 pristatymas galimas tik Estijos teritorijoje.<\/strong><\/span><\/p>\n<p data-start=\"6402\" data-end=\"6588\"><span style=\"color: #ff0000;\">NB! Produkt\u0105 galima \u012fsigyti tik pasikonsultavus su specialistu. Skambinkite +372 58 500 171 arba ra\u0161ykite <a class=\"decorated-link cursor-pointer\" style=\"color: #ff0000;\" href=\"mailto:info@skinstudio.ee\" rel=\"noopener\" data-start=\"6508\" data-end=\"6526\">info@skinstudio.ee<\/a>. M\u016bs\u0173 konsultantai pad\u0117s \u012fsigyti \u0161io prek\u0117s \u017eenklo produktus.<\/span><\/p>\n<p data-start=\"6590\" data-end=\"6621\">Universalus atkuriamasis kremas<\/p>\n<h2 data-start=\"6623\" data-end=\"6663\"><strong data-start=\"6623\" data-end=\"6663\">pHformula &#8211; SOS Repair Cream Savyb\u0117s<\/strong><\/h2>\n<p data-start=\"6665\" data-end=\"6905\">\u2714\ufe0f Paspartina odos atsistatym\u0105 po proced\u016br\u0173 ir sudirgimo<br data-start=\"6721\" data-end=\"6724\" \/>\u2714\ufe0f Ma\u017eina paraudim\u0105 ir tempimo poj\u016bt\u012f<br data-start=\"6761\" data-end=\"6764\" \/>\u2714\ufe0f Ramina jautri\u0105 ir reaktyvi\u0105 od\u0105<br data-start=\"6798\" data-end=\"6801\" \/>\u2714\ufe0f Maitina od\u0105 ir palaiko jos apsaugin\u012f barjer\u0105<br data-start=\"6848\" data-end=\"6851\" \/>\u2714\ufe0f Tinka kaip SOS priemon\u0117 po saul\u0117s, \u0161al\u010dio ir v\u0117jo<\/p>\n","protected":false},"featured_media":64804,"template":"","meta":[],"pwb-brand":[779],"product_brand":[],"product_cat":[738,746,654,740],"product_tag":[],"giftcard-category":[],"class_list":{"0":"post-77690","1":"product","2":"type-product","3":"status-publish","4":"has-post-thumbnail","6":"pwb-brand-ph-formula","7":"product_cat-drekinimas","8":"product_cat-jautriai-odai","9":"product_cat-ph-formula-lt","10":"product_cat-sausai-odai","12":"first","13":"instock","14":"taxable","15":"shipping-taxable","16":"purchasable","17":"product-type-simple"},"acf":[],"brands":[{"id":779,"name":"pH Formula","slug":"ph-formula"}],"_links":{"self":[{"href":"https:\/\/skinstudio.ee\/lt\/wp-json\/wp\/v2\/product\/77690","targetHints":{"allow":["GET"]}}],"collection":[{"href":"https:\/\/skinstudio.ee\/lt\/wp-json\/wp\/v2\/product"}],"about":[{"href":"https:\/\/skinstudio.ee\/lt\/wp-json\/wp\/v2\/types\/product"}],"version-history":[{"count":1,"href":"https:\/\/skinstudio.ee\/lt\/wp-json\/wp\/v2\/product\/77690\/revisions"}],"predecessor-version":[{"id":77691,"href":"https:\/\/skinstudio.ee\/lt\/wp-json\/wp\/v2\/product\/77690\/revisions\/77691"}],"wp:featuredmedia":[{"embeddable":true,"href":"https:\/\/skinstudio.ee\/lt\/wp-json\/wp\/v2\/media\/64804"}],"wp:attachment":[{"href":"https:\/\/skinstudio.ee\/lt\/wp-json\/wp\/v2\/media?parent=77690"}],"wp:term":[{"taxonomy":"pwb-brand","embeddable":true,"href":"https:\/\/skinstudio.ee\/lt\/wp-json\/wp\/v2\/pwb-brand?post=77690"},{"taxonomy":"product_brand","embeddable":true,"href":"https:\/\/skinstudio.ee\/lt\/wp-json\/wp\/v2\/product_brand?post=77690"},{"taxonomy":"product_cat","embeddable":true,"href":"https:\/\/skinstudio.ee\/lt\/wp-json\/wp\/v2\/product_cat?post=77690"},{"taxonomy":"product_tag","embeddable":true,"href":"https:\/\/skinstudio.ee\/lt\/wp-json\/wp\/v2\/product_tag?post=77690"},{"taxonomy":"giftcard-category","embeddable":true,"href":"https:\/\/skinstudio.ee\/lt\/wp-json\/wp\/v2\/giftcard-category?post=77690"}],"curies":[{"name":"wp","href":"https:\/\/api.w.org\/{rel}","templated":true}]}}