{"id":77720,"date":"2025-07-06T10:15:08","date_gmt":"2025-07-06T10:15:08","guid":{"rendered":"https:\/\/skinstudio.ee\/?post_type=product&#038;p=77720"},"modified":"2026-02-13T15:29:12","modified_gmt":"2026-02-13T15:29:12","slug":"md-cr-active-recovery","status":"publish","type":"product","link":"https:\/\/skinstudio.ee\/lt\/catalog\/ph-formula\/md-cr-active-recovery\/","title":{"rendered":"MD CR Active Recovery"},"content":{"rendered":"<p data-start=\"5204\" data-end=\"5495\"><strong data-start=\"5204\" data-end=\"5243\">MD CR Active Recovery nuo pHformula<\/strong> yra intensyvi atkuriamoji priemon\u0117, skirta odai, linkusiai \u012f paraudim\u0105 ir jautrum\u0105, ypa\u010d profesionali\u0173 proced\u016br\u0173 metu ir po j\u0173. Formul\u0117 padeda nuraminti od\u0105, suma\u017einti reaktyvum\u0105, sustiprinti odos apsaugin\u012f barjer\u0105 ir palaikyti atsinaujinimo procesus.<\/p>\n<p data-start=\"5497\" data-end=\"5593\">Ji padeda subalansuoti od\u0105, palaikyti optimal\u0173 dr\u0117gm\u0117s lyg\u012f ir grei\u010diau atkurti komforto poj\u016bt\u012f.<\/p>\n<p data-start=\"5595\" data-end=\"5631\"><strong data-start=\"5595\" data-end=\"5631\">Pagrindini\u0173 ingredient\u0173 poveikis<\/strong><\/p>\n<ul data-start=\"5633\" data-end=\"5973\">\n<li data-start=\"5633\" data-end=\"5756\">\n<p data-start=\"5635\" data-end=\"5756\"><strong data-start=\"5635\" data-end=\"5660\">Laktobionin\u0117 r\u016bg\u0161tis:<\/strong> \u0161velniai palaiko odos atsinaujinim\u0105, stiprina apsaugin\u012f barjer\u0105 ir padeda suma\u017einti jautrum\u0105.<\/p>\n<\/li>\n<li data-start=\"5757\" data-end=\"5842\">\n<p data-start=\"5759\" data-end=\"5842\"><strong data-start=\"5759\" data-end=\"5790\">Azeloglicinas + pantenolis:<\/strong> ramina od\u0105, ma\u017eina paraudim\u0105 ir palaiko komfort\u0105.<\/p>\n<\/li>\n<li data-start=\"5843\" data-end=\"5973\">\n<p data-start=\"5845\" data-end=\"5973\"><strong data-start=\"5845\" data-end=\"5886\">Retinolis + antioksidant\u0173 kompleksas:<\/strong> skatina l\u0105steli\u0173 atsinaujinim\u0105 ir padeda apsaugoti od\u0105 nuo laisv\u0173j\u0173 radikal\u0173 poveikio.<\/p>\n<\/li>\n<\/ul>\n<p data-start=\"5975\" data-end=\"6070\">Tinka odai, linkusiai \u012f paraudim\u0105, jautrum\u0105 ir reaktyvias b\u016bkles, ypa\u010d proced\u016br\u0173 metu ir po j\u0173.<\/p>\n<p data-start=\"6072\" data-end=\"6088\"><strong data-start=\"6072\" data-end=\"6082\">T\u016bris:<\/strong> 50 ml<\/p>\n","protected":false},"excerpt":{"rendered":"<p data-start=\"6309\" data-end=\"6377\"><span style=\"color: #ff0000;\"><strong data-start=\"6309\" data-end=\"6377\">pHFormula produkt\u0173 pristatymas galimas tik Estijos teritorijoje.<\/strong><\/span><\/p>\n<p data-start=\"6379\" data-end=\"6504\"><span style=\"color: #ff0000;\">NB! Produkt\u0105 galima \u012fsigyti tik pasikonsultavus su specialistu. Skambinkite +372 58 500 171 arba ra\u0161ykite <a class=\"decorated-link cursor-pointer\" style=\"color: #ff0000;\" rel=\"noopener\" data-start=\"6485\" data-end=\"6503\">info@skinstudio.ee<\/a>.<\/span><\/p>\n<p data-start=\"6506\" data-end=\"6544\">Atkuriamoji priemon\u0117 jautriai odai<\/p>\n<h2 data-start=\"6546\" data-end=\"6591\"><strong data-start=\"6546\" data-end=\"6591\">pHformula &#8211; MD CR Active Recovery Savyb\u0117s<\/strong><\/h2>\n<p data-start=\"6593\" data-end=\"6821\">\u2714\ufe0f Ramina paraudim\u0105 ir ma\u017eina odos reaktyvum\u0105<br data-start=\"6638\" data-end=\"6641\" \/>\u2714\ufe0f Stiprina odos apsaugin\u012f barjer\u0105<br data-start=\"6675\" data-end=\"6678\" \/>\u2714\ufe0f Palaiko atsinaujinimo ir atsistatymo procesus<br data-start=\"6726\" data-end=\"6729\" \/>\u2714\ufe0f Padeda normalizuoti sebumo i\u0161siskyrim\u0105<br data-start=\"6770\" data-end=\"6773\" \/>\u2714\ufe0f Padeda palaikyti optimal\u0173 odos dr\u0117gm\u0117s lyg\u012f<\/p>\n","protected":false},"featured_media":36716,"template":"","meta":[],"pwb-brand":[779],"product_brand":[],"product_cat":[746,654,724],"product_tag":[],"giftcard-category":[],"class_list":{"0":"post-77720","1":"product","2":"type-product","3":"status-publish","4":"has-post-thumbnail","6":"pwb-brand-ph-formula","7":"product_cat-jautriai-odai","8":"product_cat-ph-formula-lt","9":"product_cat-serumai","11":"first","12":"instock","13":"taxable","14":"shipping-taxable","15":"purchasable","16":"product-type-simple"},"acf":[],"brands":[{"id":779,"name":"pH Formula","slug":"ph-formula"}],"_links":{"self":[{"href":"https:\/\/skinstudio.ee\/lt\/wp-json\/wp\/v2\/product\/77720","targetHints":{"allow":["GET"]}}],"collection":[{"href":"https:\/\/skinstudio.ee\/lt\/wp-json\/wp\/v2\/product"}],"about":[{"href":"https:\/\/skinstudio.ee\/lt\/wp-json\/wp\/v2\/types\/product"}],"version-history":[{"count":1,"href":"https:\/\/skinstudio.ee\/lt\/wp-json\/wp\/v2\/product\/77720\/revisions"}],"predecessor-version":[{"id":77721,"href":"https:\/\/skinstudio.ee\/lt\/wp-json\/wp\/v2\/product\/77720\/revisions\/77721"}],"wp:featuredmedia":[{"embeddable":true,"href":"https:\/\/skinstudio.ee\/lt\/wp-json\/wp\/v2\/media\/36716"}],"wp:attachment":[{"href":"https:\/\/skinstudio.ee\/lt\/wp-json\/wp\/v2\/media?parent=77720"}],"wp:term":[{"taxonomy":"pwb-brand","embeddable":true,"href":"https:\/\/skinstudio.ee\/lt\/wp-json\/wp\/v2\/pwb-brand?post=77720"},{"taxonomy":"product_brand","embeddable":true,"href":"https:\/\/skinstudio.ee\/lt\/wp-json\/wp\/v2\/product_brand?post=77720"},{"taxonomy":"product_cat","embeddable":true,"href":"https:\/\/skinstudio.ee\/lt\/wp-json\/wp\/v2\/product_cat?post=77720"},{"taxonomy":"product_tag","embeddable":true,"href":"https:\/\/skinstudio.ee\/lt\/wp-json\/wp\/v2\/product_tag?post=77720"},{"taxonomy":"giftcard-category","embeddable":true,"href":"https:\/\/skinstudio.ee\/lt\/wp-json\/wp\/v2\/giftcard-category?post=77720"}],"curies":[{"name":"wp","href":"https:\/\/api.w.org\/{rel}","templated":true}]}}