{"id":77727,"date":"2025-07-06T09:45:52","date_gmt":"2025-07-06T09:45:52","guid":{"rendered":"https:\/\/skinstudio.ee\/?post_type=product&#038;p=77727"},"modified":"2026-02-13T15:29:14","modified_gmt":"2026-02-13T15:29:14","slug":"md-sos-repair-cream","status":"publish","type":"product","link":"https:\/\/skinstudio.ee\/lt\/catalog\/ph-formula\/md-sos-repair-cream\/","title":{"rendered":"MD SOS Repair Cream"},"content":{"rendered":"<p data-start=\"5760\" data-end=\"6074\"><strong data-start=\"5760\" data-end=\"5797\">MD SOS Repair Cream nuo pHformula<\/strong> yra atkuriamasis kremas labai sausai ir jautriai odai, skirtas odos apsaugai ir palaikymui atsistatymo laikotarpiu, kai odos apsauginis barjeras yra susilpn\u0117j\u0119s ir padid\u0117ja dr\u0117gm\u0117s netekimas. Kremas padeda suma\u017einti sausum\u0105, ramina od\u0105 ir atkuria komforto bei apsaugos poj\u016bt\u012f.<\/p>\n<p data-start=\"6076\" data-end=\"6338\">Produktas ypa\u010d naudingas po estetini\u0173 proced\u016br\u0173, taip pat situacijose, kurios sukelia stres\u0105 odai, pavyzd\u017eiui, skryd\u017ei\u0173 metu, kei\u010diantis klimatui, esant \u0161al\u010diui, v\u0117jui ar sausam orui. Reguliariai naudojant padeda palaikyti od\u0105 stabili\u0105, komforti\u0161k\u0105 ir apsaugot\u0105.<\/p>\n<p data-start=\"6340\" data-end=\"6376\"><strong data-start=\"6340\" data-end=\"6376\">Pagrindini\u0173 ingredient\u0173 poveikis<\/strong><\/p>\n<ul data-start=\"6378\" data-end=\"6682\">\n<li data-start=\"6378\" data-end=\"6492\">\n<p data-start=\"6380\" data-end=\"6492\"><strong data-start=\"6380\" data-end=\"6404\">Taukmed\u017eio sviestas:<\/strong> intensyviai maitina od\u0105, ma\u017eina dr\u0117gm\u0117s netekim\u0105 ir padeda atkurti apsaugin\u012f barjer\u0105.<\/p>\n<\/li>\n<li data-start=\"6493\" data-end=\"6574\">\n<p data-start=\"6495\" data-end=\"6574\"><strong data-start=\"6495\" data-end=\"6510\">Pantenolis:<\/strong> ramina od\u0105, ma\u017eina sudirgim\u0105 ir palaiko atsistatymo procesus.<\/p>\n<\/li>\n<li data-start=\"6575\" data-end=\"6682\">\n<p data-start=\"6577\" data-end=\"6682\"><strong data-start=\"6577\" data-end=\"6600\">Rooibos ekstraktas:<\/strong> pasi\u017eymi antioksidaciniu ir raminamuoju poveikiu, padeda suma\u017einti odos jautrum\u0105.<\/p>\n<\/li>\n<\/ul>\n<p data-start=\"6684\" data-end=\"6779\">Tinka vis\u0173 tip\u0173 odai, ypa\u010d sausai, jautriai ir nusilpusiai odai su pa\u017eeistu apsauginiu barjeru.<\/p>\n<p data-start=\"6781\" data-end=\"6797\"><strong data-start=\"6781\" data-end=\"6791\">T\u016bris:<\/strong> 50 ml<\/p>\n","protected":false},"excerpt":{"rendered":"<p data-start=\"7030\" data-end=\"7098\"><span style=\"color: #ff0000;\"><strong data-start=\"7030\" data-end=\"7098\">pHFormula produkt\u0173 pristatymas galimas tik Estijos teritorijoje.<\/strong><\/span><\/p>\n<p data-start=\"7100\" data-end=\"7225\"><span style=\"color: #ff0000;\">NB! Produkt\u0105 galima \u012fsigyti tik pasikonsultavus su specialistu. Skambinkite mums telefonu +372 58 500 171 arba si\u0173skite u\u017eklaus\u0105 el. pa\u0161tu <a class=\"decorated-link cursor-pointer\" style=\"color: #ff0000;\" href=\"mailto:info@skinstudio.ee\" rel=\"noopener\" data-start=\"495\" data-end=\"513\">info@skinstudio.ee<\/a>. M\u016bs\u0173 konsultantai pad\u0117s jums \u012fsigyti \u0161\u012f prek\u0117s \u017eenkl\u0105.<\/span><\/p>\n<p data-start=\"7227\" data-end=\"7260\">Atkuriamasis kremas jautriai odai<\/p>\n<h2 data-start=\"7262\" data-end=\"7305\"><strong data-start=\"7262\" data-end=\"7305\">pHformula &#8211; MD SOS Repair Cream Savyb\u0117s<\/strong><\/h2>\n<p data-start=\"7307\" data-end=\"7548\">\u2714\ufe0f Intensyviai maitina ir ma\u017eina dr\u0117gm\u0117s netekim\u0105<br data-start=\"7356\" data-end=\"7359\" \/>\u2714\ufe0f Padeda atkurti odos apsaugin\u012f barjer\u0105<br data-start=\"7399\" data-end=\"7402\" \/>\u2714\ufe0f Ramina sudirgusi\u0105 ir jautri\u0105 od\u0105<br data-start=\"7437\" data-end=\"7440\" \/>\u2714\ufe0f Palaiko od\u0105 atsistatymo ir gijimo laikotarpiu<br data-start=\"7488\" data-end=\"7491\" \/>\u2714\ufe0f Idealiai tinka naudoti stresin\u0117mis klimato s\u0105lygomis<\/p>\n","protected":false},"featured_media":36621,"template":"","meta":[],"pwb-brand":[779],"product_brand":[],"product_cat":[738,654,740],"product_tag":[],"giftcard-category":[],"class_list":{"0":"post-77727","1":"product","2":"type-product","3":"status-publish","4":"has-post-thumbnail","6":"pwb-brand-ph-formula","7":"product_cat-drekinimas","8":"product_cat-ph-formula-lt","9":"product_cat-sausai-odai","11":"first","12":"instock","13":"taxable","14":"shipping-taxable","15":"purchasable","16":"product-type-simple"},"acf":[],"brands":[{"id":779,"name":"pH Formula","slug":"ph-formula"}],"_links":{"self":[{"href":"https:\/\/skinstudio.ee\/lt\/wp-json\/wp\/v2\/product\/77727","targetHints":{"allow":["GET"]}}],"collection":[{"href":"https:\/\/skinstudio.ee\/lt\/wp-json\/wp\/v2\/product"}],"about":[{"href":"https:\/\/skinstudio.ee\/lt\/wp-json\/wp\/v2\/types\/product"}],"version-history":[{"count":1,"href":"https:\/\/skinstudio.ee\/lt\/wp-json\/wp\/v2\/product\/77727\/revisions"}],"predecessor-version":[{"id":77728,"href":"https:\/\/skinstudio.ee\/lt\/wp-json\/wp\/v2\/product\/77727\/revisions\/77728"}],"wp:featuredmedia":[{"embeddable":true,"href":"https:\/\/skinstudio.ee\/lt\/wp-json\/wp\/v2\/media\/36621"}],"wp:attachment":[{"href":"https:\/\/skinstudio.ee\/lt\/wp-json\/wp\/v2\/media?parent=77727"}],"wp:term":[{"taxonomy":"pwb-brand","embeddable":true,"href":"https:\/\/skinstudio.ee\/lt\/wp-json\/wp\/v2\/pwb-brand?post=77727"},{"taxonomy":"product_brand","embeddable":true,"href":"https:\/\/skinstudio.ee\/lt\/wp-json\/wp\/v2\/product_brand?post=77727"},{"taxonomy":"product_cat","embeddable":true,"href":"https:\/\/skinstudio.ee\/lt\/wp-json\/wp\/v2\/product_cat?post=77727"},{"taxonomy":"product_tag","embeddable":true,"href":"https:\/\/skinstudio.ee\/lt\/wp-json\/wp\/v2\/product_tag?post=77727"},{"taxonomy":"giftcard-category","embeddable":true,"href":"https:\/\/skinstudio.ee\/lt\/wp-json\/wp\/v2\/giftcard-category?post=77727"}],"curies":[{"name":"wp","href":"https:\/\/api.w.org\/{rel}","templated":true}]}}