{"id":77738,"date":"2025-07-06T09:41:05","date_gmt":"2025-07-06T09:41:05","guid":{"rendered":"https:\/\/skinstudio.ee\/?post_type=product&#038;p=77738"},"modified":"2026-02-13T15:29:22","modified_gmt":"2026-02-13T15:29:22","slug":"sos-eye-rescue","status":"publish","type":"product","link":"https:\/\/skinstudio.ee\/lt\/catalog\/ph-formula\/sos-eye-rescue\/","title":{"rendered":"SOS Eye Rescue"},"content":{"rendered":"<p data-start=\"5369\" data-end=\"5645\"><strong data-start=\"5369\" data-end=\"5401\">SOS Eye Rescue nuo pHformula<\/strong> yra paaki\u0173 srities kremas, skirtas suma\u017einti patinim\u0105, tamsius ratilus ir pirmuosius sen\u0117jimo po\u017eymius. Formul\u0117 su peptid\u0173 kompleksu ir keramidai padeda palaikyti odos elastingum\u0105, gerina paaki\u0173 srities i\u0161vaizd\u0105 ir saugo nuo dr\u0117gm\u0117s praradimo.<\/p>\n<p data-start=\"5647\" data-end=\"5908\">Kremas pasi\u017eymi lengva, \u0161velnia tekst\u016bra, lengvai pasiskirsto ir greitai susigeria. \u0160vies\u0105 atspindinti formul\u0117 akimirksniu suteikia paaki\u0173 sri\u010diai gaivesn\u0119 ir pails\u0117jusi\u0105 i\u0161vaizd\u0105. Produktas puikiai tinka odai paruo\u0161ti lygesniam ir ilgiau i\u0161liekan\u010diam makia\u017eui.<\/p>\n<p data-start=\"5910\" data-end=\"5947\"><strong data-start=\"5910\" data-end=\"5947\">Pagrindini\u0173 ingredient\u0173 poveikis:<\/strong><\/p>\n<ul data-start=\"5949\" data-end=\"6280\">\n<li data-start=\"5949\" data-end=\"6059\">\n<p data-start=\"5951\" data-end=\"6059\"><strong data-start=\"5951\" data-end=\"5974\">Peptid\u0173 kompleksas:<\/strong> padeda palaikyti odos stangrum\u0105 ir ma\u017eina nuovargio bei smulki\u0173 rauk\u0161li\u0173 po\u017eymius.<\/p>\n<\/li>\n<li data-start=\"6060\" data-end=\"6167\">\n<p data-start=\"6062\" data-end=\"6167\"><strong data-start=\"6062\" data-end=\"6079\">Chrysinimide:<\/strong> padeda suma\u017einti tamsius ratilus ir patinim\u0105, gerina paaki\u0173 srities ton\u0105 ir i\u0161vaizd\u0105.<\/p>\n<\/li>\n<li data-start=\"6168\" data-end=\"6280\">\n<p data-start=\"6170\" data-end=\"6280\"><strong data-start=\"6170\" data-end=\"6210\">Odos keramidams identi\u0161ki keramidai:<\/strong> stiprina odos apsaugin\u012f barjer\u0105 ir padeda i\u0161vengti dr\u0117gm\u0117s praradimo.<\/p>\n<\/li>\n<\/ul>\n<p data-start=\"6282\" data-end=\"6384\">Tinka vis\u0173 tip\u0173 odai, \u012fskaitant jautri\u0105, ypa\u010d pavargusiai, patinusiai ar papilk\u0117jusiai paaki\u0173 sri\u010diai.<\/p>\n<p data-start=\"6386\" data-end=\"6402\"><strong data-start=\"6386\" data-end=\"6396\">T\u016bris:<\/strong> 15 ml<\/p>\n","protected":false},"excerpt":{"rendered":"<p data-start=\"6572\" data-end=\"6640\"><span style=\"color: #ff0000;\"><strong data-start=\"6572\" data-end=\"6640\">pHFormula produkt\u0173 pristatymas galimas tik Estijos teritorijoje.<\/strong><\/span><\/p>\n<p data-start=\"6642\" data-end=\"6859\"><span style=\"color: #ff0000;\"><strong data-start=\"6642\" data-end=\"6649\">NB!<\/strong> Produkt\u0105 galima \u012fsigyti tik pasikonsultavus su specialistu. Skambinkite mums telefonu +372 58 500 171 arba si\u0173skite u\u017eklaus\u0105 el. pa\u0161tu <a class=\"decorated-link cursor-pointer\" style=\"color: #ff0000;\" href=\"mailto:info@skinstudio.ee\" rel=\"noopener\" data-start=\"6785\" data-end=\"6803\">info@skinstudio.ee<\/a>. M\u016bs\u0173 konsultantai pad\u0117s jums \u012fsigyti \u0161\u012f prek\u0117s \u017eenkl\u0105.<\/span><\/p>\n<p data-start=\"6861\" data-end=\"6882\">Paaki\u0173 srities kremas<\/p>\n<h2 data-start=\"6884\" data-end=\"6922\"><strong data-start=\"6884\" data-end=\"6922\">pHformula &#8211; SOS Eye Rescue Savyb\u0117s<\/strong><\/h2>\n<p data-start=\"6924\" data-end=\"7120\">\u2714\ufe0f Ma\u017eina patinim\u0105 ir tamsius ratilus<br data-start=\"6961\" data-end=\"6964\" \/>\u2714\ufe0f Intensyviai dr\u0117kina ir mink\u0161tina<br data-start=\"6999\" data-end=\"7002\" \/>\u2714\ufe0f Ramina jautri\u0105 od\u0105<br data-start=\"7023\" data-end=\"7026\" \/>\u2714\ufe0f Gerina odos stangrum\u0105 ir elastingum\u0105<br data-start=\"7065\" data-end=\"7068\" \/>\u2714\ufe0f Atgaivina \u017evilgsn\u012f ir ma\u017eina nuovargio po\u017eymius<\/p>\n","protected":false},"featured_media":64814,"template":"","meta":[],"pwb-brand":[779],"product_brand":[],"product_cat":[734,654],"product_tag":[],"giftcard-category":[],"class_list":{"0":"post-77738","1":"product","2":"type-product","3":"status-publish","4":"has-post-thumbnail","6":"pwb-brand-ph-formula","7":"product_cat-oda-aplink-akis","8":"product_cat-ph-formula-lt","10":"first","11":"instock","12":"taxable","13":"shipping-taxable","14":"purchasable","15":"product-type-simple"},"acf":[],"brands":[{"id":779,"name":"pH Formula","slug":"ph-formula"}],"_links":{"self":[{"href":"https:\/\/skinstudio.ee\/lt\/wp-json\/wp\/v2\/product\/77738","targetHints":{"allow":["GET"]}}],"collection":[{"href":"https:\/\/skinstudio.ee\/lt\/wp-json\/wp\/v2\/product"}],"about":[{"href":"https:\/\/skinstudio.ee\/lt\/wp-json\/wp\/v2\/types\/product"}],"version-history":[{"count":1,"href":"https:\/\/skinstudio.ee\/lt\/wp-json\/wp\/v2\/product\/77738\/revisions"}],"predecessor-version":[{"id":77739,"href":"https:\/\/skinstudio.ee\/lt\/wp-json\/wp\/v2\/product\/77738\/revisions\/77739"}],"wp:featuredmedia":[{"embeddable":true,"href":"https:\/\/skinstudio.ee\/lt\/wp-json\/wp\/v2\/media\/64814"}],"wp:attachment":[{"href":"https:\/\/skinstudio.ee\/lt\/wp-json\/wp\/v2\/media?parent=77738"}],"wp:term":[{"taxonomy":"pwb-brand","embeddable":true,"href":"https:\/\/skinstudio.ee\/lt\/wp-json\/wp\/v2\/pwb-brand?post=77738"},{"taxonomy":"product_brand","embeddable":true,"href":"https:\/\/skinstudio.ee\/lt\/wp-json\/wp\/v2\/product_brand?post=77738"},{"taxonomy":"product_cat","embeddable":true,"href":"https:\/\/skinstudio.ee\/lt\/wp-json\/wp\/v2\/product_cat?post=77738"},{"taxonomy":"product_tag","embeddable":true,"href":"https:\/\/skinstudio.ee\/lt\/wp-json\/wp\/v2\/product_tag?post=77738"},{"taxonomy":"giftcard-category","embeddable":true,"href":"https:\/\/skinstudio.ee\/lt\/wp-json\/wp\/v2\/giftcard-category?post=77738"}],"curies":[{"name":"wp","href":"https:\/\/api.w.org\/{rel}","templated":true}]}}