{"id":77748,"date":"2025-07-04T11:50:07","date_gmt":"2025-07-04T11:50:07","guid":{"rendered":"https:\/\/skinstudio.ee\/?post_type=product&#038;p=77748"},"modified":"2026-02-13T15:29:15","modified_gmt":"2026-02-13T15:29:15","slug":"md-synergy-advanced-serum","status":"publish","type":"product","link":"https:\/\/skinstudio.ee\/lt\/catalog\/ph-formula\/md-synergy-advanced-serum\/","title":{"rendered":"MD Synergy Advanced Serum"},"content":{"rendered":"<p data-start=\"5945\" data-end=\"6240\"><strong data-start=\"5945\" data-end=\"5988\">MD Synergy Advanced Serum nuo pHformula<\/strong> yra koncentruotas sen\u0117jim\u0105 stabdantis serumas, skirtas pagerinti odos stangrum\u0105, pary\u0161kinti veido kont\u016brus ir atkurti \u0161vyt\u0117jim\u0105. Formul\u0117 veikia odos atsinaujinimo lygmenyje, pad\u0117dama suma\u017einti rauk\u0161li\u0173 matomum\u0105 ir palaikyti odos tank\u012f bei elastingum\u0105.<\/p>\n<p data-start=\"6242\" data-end=\"6486\">Serumas aktyviai palaiko regeneracijos procesus, gerina odos tekst\u016br\u0105 ir padaro od\u0105 lygesn\u0119, gaivesn\u0119 bei vizualiai stangresn\u0119. Tinka naudoti tiek po proced\u016br\u0173 atsistatymo laikotarpiu, tiek kaip kasdien\u0119 sen\u0117jim\u0105 stabdan\u010di\u0105 prie\u017ei\u016bros priemon\u0119.<\/p>\n<p data-start=\"6488\" data-end=\"6525\"><strong data-start=\"6488\" data-end=\"6525\">Pagrindini\u0173 ingredient\u0173 poveikis:<\/strong><\/p>\n<ul data-start=\"6527\" data-end=\"6878\">\n<li data-start=\"6527\" data-end=\"6638\">\n<p data-start=\"6529\" data-end=\"6638\"><strong data-start=\"6529\" data-end=\"6547\">Bioretinoidas:<\/strong> palaiko odos atsinaujinim\u0105 ir padeda suma\u017einti rauk\u0161li\u0173 matomum\u0105 be agresyvaus poveikio.<\/p>\n<\/li>\n<li data-start=\"6639\" data-end=\"6754\">\n<p data-start=\"6641\" data-end=\"6754\"><strong data-start=\"6641\" data-end=\"6675\">Liposominiai augimo faktoriai:<\/strong> palaiko regeneracijos procesus ir padeda pagerinti odos tank\u012f bei stangrum\u0105.<\/p>\n<\/li>\n<li data-start=\"6755\" data-end=\"6878\">\n<p data-start=\"6757\" data-end=\"6878\"><strong data-start=\"6757\" data-end=\"6781\">Ubichinonas (CoQ10):<\/strong> stiprus antioksidantas, saugantis od\u0105 nuo prie\u0161laikinio sen\u0117jimo ir primedantis jos gyvybingum\u0105.<\/p>\n<\/li>\n<\/ul>\n<p data-start=\"6880\" data-end=\"7011\">Tinka vis\u0173 tip\u0173 odai, ypa\u010d kai suma\u017e\u0117j\u0119s stangrumas, prarastas \u0161vyt\u0117jimas, nelygi tekst\u016bra ir atsiranda pirmieji sen\u0117jimo po\u017eymiai.<\/p>\n<p data-start=\"7013\" data-end=\"7029\"><strong data-start=\"7013\" data-end=\"7023\">T\u016bris:<\/strong> 50 ml<\/p>\n","protected":false},"excerpt":{"rendered":"<p data-start=\"7220\" data-end=\"7288\"><span style=\"color: #ff0000;\"><strong data-start=\"7220\" data-end=\"7288\">pHFormula produkt\u0173 pristatymas galimas tik Estijos teritorijoje.<\/strong><\/span><\/p>\n<p data-start=\"7290\" data-end=\"7507\"><span style=\"color: #ff0000;\"><strong data-start=\"7290\" data-end=\"7297\">NB!<\/strong> Produkt\u0105 galima \u012fsigyti tik pasikonsultavus su specialistu. Skambinkite mums telefonu +372 58 500 171 arba si\u0173skite u\u017eklaus\u0105 el. pa\u0161tu <a class=\"decorated-link cursor-pointer\" style=\"color: #ff0000;\" href=\"mailto:info@skinstudio.ee\" rel=\"noopener\" data-start=\"7433\" data-end=\"7451\">info@skinstudio.ee<\/a>. M\u016bs\u0173 konsultantai pad\u0117s jums \u012fsigyti \u0161\u012f prek\u0117s \u017eenkl\u0105.<\/span><\/p>\n<p data-start=\"7509\" data-end=\"7559\">\u0160vyt\u0117jim\u0105 suteikiantis sen\u0117jim\u0105 stabdantis serumas<\/p>\n<h2 data-start=\"7561\" data-end=\"7610\"><strong data-start=\"7561\" data-end=\"7610\">pHformula &#8211; MD Synergy Advanced Serum Savyb\u0117s<\/strong><\/h2>\n<p data-start=\"7612\" data-end=\"7846\">\u2714\ufe0f Pastebimai gerina odos stangrum\u0105 ir tank\u012f<br data-start=\"7656\" data-end=\"7659\" \/>\u2714\ufe0f Padeda suma\u017einti rauk\u0161li\u0173 matomum\u0105<br data-start=\"7696\" data-end=\"7699\" \/>\u2714\ufe0f Gerina veido kont\u016brus ir odos tekst\u016br\u0105<br data-start=\"7740\" data-end=\"7743\" \/>\u2714\ufe0f Suteikia odai gaivesn\u0119 ir \u0161vytin\u010di\u0105 i\u0161vaizd\u0105<br data-start=\"7790\" data-end=\"7793\" \/>\u2714\ufe0f Palaiko od\u0105 atsistatymo laikotarpiu po proced\u016br\u0173<\/p>\n","protected":false},"featured_media":64819,"template":"","meta":[],"pwb-brand":[779],"product_brand":[],"product_cat":[654,750,724],"product_tag":[],"giftcard-category":[],"class_list":{"0":"post-77748","1":"product","2":"type-product","3":"status-publish","4":"has-post-thumbnail","6":"pwb-brand-ph-formula","7":"product_cat-ph-formula-lt","8":"product_cat-senstanti-oda","9":"product_cat-serumai","11":"first","12":"instock","13":"taxable","14":"shipping-taxable","15":"purchasable","16":"product-type-simple"},"acf":[],"brands":[{"id":779,"name":"pH Formula","slug":"ph-formula"}],"_links":{"self":[{"href":"https:\/\/skinstudio.ee\/lt\/wp-json\/wp\/v2\/product\/77748","targetHints":{"allow":["GET"]}}],"collection":[{"href":"https:\/\/skinstudio.ee\/lt\/wp-json\/wp\/v2\/product"}],"about":[{"href":"https:\/\/skinstudio.ee\/lt\/wp-json\/wp\/v2\/types\/product"}],"version-history":[{"count":1,"href":"https:\/\/skinstudio.ee\/lt\/wp-json\/wp\/v2\/product\/77748\/revisions"}],"predecessor-version":[{"id":77749,"href":"https:\/\/skinstudio.ee\/lt\/wp-json\/wp\/v2\/product\/77748\/revisions\/77749"}],"wp:featuredmedia":[{"embeddable":true,"href":"https:\/\/skinstudio.ee\/lt\/wp-json\/wp\/v2\/media\/64819"}],"wp:attachment":[{"href":"https:\/\/skinstudio.ee\/lt\/wp-json\/wp\/v2\/media?parent=77748"}],"wp:term":[{"taxonomy":"pwb-brand","embeddable":true,"href":"https:\/\/skinstudio.ee\/lt\/wp-json\/wp\/v2\/pwb-brand?post=77748"},{"taxonomy":"product_brand","embeddable":true,"href":"https:\/\/skinstudio.ee\/lt\/wp-json\/wp\/v2\/product_brand?post=77748"},{"taxonomy":"product_cat","embeddable":true,"href":"https:\/\/skinstudio.ee\/lt\/wp-json\/wp\/v2\/product_cat?post=77748"},{"taxonomy":"product_tag","embeddable":true,"href":"https:\/\/skinstudio.ee\/lt\/wp-json\/wp\/v2\/product_tag?post=77748"},{"taxonomy":"giftcard-category","embeddable":true,"href":"https:\/\/skinstudio.ee\/lt\/wp-json\/wp\/v2\/giftcard-category?post=77748"}],"curies":[{"name":"wp","href":"https:\/\/api.w.org\/{rel}","templated":true}]}}