{"id":77757,"date":"2025-07-04T11:46:08","date_gmt":"2025-07-04T11:46:08","guid":{"rendered":"https:\/\/skinstudio.ee\/?post_type=product&#038;p=77757"},"modified":"2026-02-13T15:29:20","modified_gmt":"2026-02-13T15:29:20","slug":"point-extra-firm","status":"publish","type":"product","link":"https:\/\/skinstudio.ee\/lt\/catalog\/ph-formula\/point-extra-firm\/","title":{"rendered":"POINT Extra Firm"},"content":{"rendered":"<p data-start=\"5750\" data-end=\"6006\"><strong data-start=\"5750\" data-end=\"5784\">POINT Extra Firm nuo pHformula<\/strong> yra stangrinamasis veido kremas, skirtas pagerinti odos stangrum\u0105, i\u0161ry\u0161kinti veido kont\u016brus ir suma\u017einti rauk\u0161li\u0173 matomum\u0105. Formul\u0117 palaiko odos tank\u012f, pad\u0117dama atkurti stangresn\u0119, ai\u0161kesn\u0119 ir labiau pri\u017ei\u016br\u0117t\u0105 i\u0161vaizd\u0105.<\/p>\n<p data-start=\"6008\" data-end=\"6212\">Kremas giliai dr\u0117kina, maitina ir saugo od\u0105 nuo i\u0161orini\u0173 streso veiksni\u0173, tod\u0117l oda tampa lygesn\u0117, stangresn\u0117 ir vizualiai jaunesn\u0117. Tinka reguliariam naudojimui, ypa\u010d kai oda praranda stangrum\u0105 ir tank\u012f.<\/p>\n<p data-start=\"6214\" data-end=\"6251\"><strong data-start=\"6214\" data-end=\"6251\">Pagrindini\u0173 ingredient\u0173 poveikis:<\/strong><\/p>\n<ul data-start=\"6253\" data-end=\"6546\">\n<li data-start=\"6253\" data-end=\"6351\">\n<p data-start=\"6255\" data-end=\"6351\"><strong data-start=\"6255\" data-end=\"6278\">Peptid\u0173 kompleksas:<\/strong> skatina kolageno sintez\u0119 ir padeda pagerinti odos stangrum\u0105 bei tank\u012f.<\/p>\n<\/li>\n<li data-start=\"6352\" data-end=\"6448\">\n<p data-start=\"6354\" data-end=\"6448\"><strong data-start=\"6354\" data-end=\"6371\">Niacinamidas:<\/strong> stiprina odos apsaugin\u012f barjer\u0105 ir gerina bendr\u0105 odos kokyb\u0119 bei tekst\u016br\u0105.<\/p>\n<\/li>\n<li data-start=\"6449\" data-end=\"6546\">\n<p data-start=\"6451\" data-end=\"6546\"><strong data-start=\"6451\" data-end=\"6473\">Hialurono r\u016bg\u0161tis:<\/strong> suteikia intensyv\u0173 ir ilgalaik\u012f dr\u0117kinim\u0105, pagerindama odos elastingum\u0105.<\/p>\n<\/li>\n<\/ul>\n<p data-start=\"6548\" data-end=\"6638\">Tinka vis\u0173 tip\u0173 odai, ypa\u010d brand\u017eiai odai ir odai, kurios stangrumas bei tonusas suma\u017e\u0117j\u0119.<\/p>\n<p data-start=\"6640\" data-end=\"6656\"><strong data-start=\"6640\" data-end=\"6650\">T\u016bris:<\/strong> 50 ml<\/p>\n","protected":false},"excerpt":{"rendered":"<p data-start=\"6921\" data-end=\"6989\"><span style=\"color: #ff0000;\"><strong data-start=\"6921\" data-end=\"6989\">pHFormula produkt\u0173 pristatymas galimas tik Estijos teritorijoje.<\/strong><\/span><\/p>\n<p data-start=\"6991\" data-end=\"7208\"><span style=\"color: #ff0000;\"><strong data-start=\"6991\" data-end=\"6998\">NB!<\/strong> Produkt\u0105 galima \u012fsigyti tik pasikonsultavus su specialistu. Skambinkite mums telefonu +372 58 500 171 arba si\u0173skite u\u017eklaus\u0105 el. pa\u0161tu <a class=\"decorated-link cursor-pointer\" style=\"color: #ff0000;\" href=\"mailto:info@skinstudio.ee\" rel=\"noopener\" data-start=\"7134\" data-end=\"7152\">info@skinstudio.ee<\/a>. M\u016bs\u0173 konsultantai pad\u0117s jums \u012fsigyti \u0161\u012f prek\u0117s \u017eenkl\u0105.<\/span><\/p>\n<p data-start=\"7210\" data-end=\"7247\">Prabangus stangrinamasis veido kremas<\/p>\n<h2 data-start=\"7249\" data-end=\"7289\"><strong data-start=\"7249\" data-end=\"7289\">pHformula &#8211; POINT Extra Firm Savyb\u0117s<\/strong><\/h2>\n<p data-start=\"7291\" data-end=\"7549\">\u2714\ufe0f Suteikia matom\u0105 liftingo efekt\u0105 ir stangrina veido kont\u016brus<br data-start=\"7353\" data-end=\"7356\" \/>\u2714\ufe0f Gerina odos stangrum\u0105 ir tank\u012f<br data-start=\"7389\" data-end=\"7392\" \/>\u2714\ufe0f Lygina rauk\u0161les ir gerina odos tekst\u016br\u0105<br data-start=\"7434\" data-end=\"7437\" \/>\u2714\ufe0f Giliai maitina ir intensyviai dr\u0117kina<br data-start=\"7477\" data-end=\"7480\" \/>\u2714\ufe0f Saugo od\u0105 nuo i\u0161orini\u0173 streso veiksni\u0173 ir prie\u0161laikinio sen\u0117jimo<\/p>\n","protected":false},"featured_media":64824,"template":"","meta":[],"pwb-brand":[779],"product_brand":[],"product_cat":[738,654,750],"product_tag":[],"giftcard-category":[],"class_list":{"0":"post-77757","1":"product","2":"type-product","3":"status-publish","4":"has-post-thumbnail","6":"pwb-brand-ph-formula","7":"product_cat-drekinimas","8":"product_cat-ph-formula-lt","9":"product_cat-senstanti-oda","11":"first","12":"instock","13":"taxable","14":"shipping-taxable","15":"purchasable","16":"product-type-simple"},"acf":[],"brands":[{"id":779,"name":"pH Formula","slug":"ph-formula"}],"_links":{"self":[{"href":"https:\/\/skinstudio.ee\/lt\/wp-json\/wp\/v2\/product\/77757","targetHints":{"allow":["GET"]}}],"collection":[{"href":"https:\/\/skinstudio.ee\/lt\/wp-json\/wp\/v2\/product"}],"about":[{"href":"https:\/\/skinstudio.ee\/lt\/wp-json\/wp\/v2\/types\/product"}],"version-history":[{"count":1,"href":"https:\/\/skinstudio.ee\/lt\/wp-json\/wp\/v2\/product\/77757\/revisions"}],"predecessor-version":[{"id":77759,"href":"https:\/\/skinstudio.ee\/lt\/wp-json\/wp\/v2\/product\/77757\/revisions\/77759"}],"wp:featuredmedia":[{"embeddable":true,"href":"https:\/\/skinstudio.ee\/lt\/wp-json\/wp\/v2\/media\/64824"}],"wp:attachment":[{"href":"https:\/\/skinstudio.ee\/lt\/wp-json\/wp\/v2\/media?parent=77757"}],"wp:term":[{"taxonomy":"pwb-brand","embeddable":true,"href":"https:\/\/skinstudio.ee\/lt\/wp-json\/wp\/v2\/pwb-brand?post=77757"},{"taxonomy":"product_brand","embeddable":true,"href":"https:\/\/skinstudio.ee\/lt\/wp-json\/wp\/v2\/product_brand?post=77757"},{"taxonomy":"product_cat","embeddable":true,"href":"https:\/\/skinstudio.ee\/lt\/wp-json\/wp\/v2\/product_cat?post=77757"},{"taxonomy":"product_tag","embeddable":true,"href":"https:\/\/skinstudio.ee\/lt\/wp-json\/wp\/v2\/product_tag?post=77757"},{"taxonomy":"giftcard-category","embeddable":true,"href":"https:\/\/skinstudio.ee\/lt\/wp-json\/wp\/v2\/giftcard-category?post=77757"}],"curies":[{"name":"wp","href":"https:\/\/api.w.org\/{rel}","templated":true}]}}