{"id":77766,"date":"2025-07-04T11:36:59","date_gmt":"2025-07-04T11:36:59","guid":{"rendered":"https:\/\/skinstudio.ee\/?post_type=product&#038;p=77766"},"modified":"2026-02-13T15:29:20","modified_gmt":"2026-02-13T15:29:20","slug":"point-multi-protect","status":"publish","type":"product","link":"https:\/\/skinstudio.ee\/lt\/catalog\/ph-formula\/point-multi-protect\/","title":{"rendered":"POINT Multi Protect"},"content":{"rendered":"<p data-start=\"5730\" data-end=\"6004\"><strong data-start=\"5730\" data-end=\"5767\">POINT Multi Protect nuo pHformula<\/strong> yra daugiafunkcinis apsauginis kremas su auk\u0161to lygio fotoprotekcija ir sen\u0117jim\u0105 stabdan\u010diu poveikiu. Jis patikimai saugo od\u0105 nuo UVA\/UVB spinduli\u0173 ir aplinkos streso veiksni\u0173, pad\u0117damas i\u0161vengti fotosen\u0117jimo, u\u017edegim\u0173 ir pigmentacijos.<\/p>\n<p data-start=\"6006\" data-end=\"6228\">Formul\u0117 dr\u0117kina, palaiko odos komfort\u0105 ir padeda i\u0161laikyti od\u0105 lygesn\u0119, tolygesn\u0119 bei apsaugot\u0105 vis\u0105 dien\u0105. Lengva, nematoma tekst\u016bra tolygiai pasiskirsto ir nepalieka riebumo ar balt\u0173 p\u0117dsak\u0173. Tinka kasdieniam naudojimui.<\/p>\n<p data-start=\"6230\" data-end=\"6267\"><strong data-start=\"6230\" data-end=\"6267\">Pagrindini\u0173 ingredient\u0173 poveikis:<\/strong><\/p>\n<ul data-start=\"6269\" data-end=\"6555\">\n<li data-start=\"6269\" data-end=\"6368\">\n<p data-start=\"6271\" data-end=\"6368\"><strong data-start=\"6271\" data-end=\"6298\">Palmitoyl Tripeptide-8:<\/strong> padeda suma\u017einti odos jautrum\u0105 ir palaiko jos apsaugines funkcijas.<\/p>\n<\/li>\n<li data-start=\"6369\" data-end=\"6462\">\n<p data-start=\"6371\" data-end=\"6462\"><strong data-start=\"6371\" data-end=\"6393\">Hialurono r\u016bg\u0161tis:<\/strong> suteikia ilgalaik\u012f dr\u0117kinim\u0105 ir padeda i\u0161laikyti odos elastingum\u0105.<\/p>\n<\/li>\n<li data-start=\"6463\" data-end=\"6555\">\n<p data-start=\"6465\" data-end=\"6555\"><strong data-start=\"6465\" data-end=\"6494\">Antioksidant\u0173 kompleksas:<\/strong> padeda apsaugoti od\u0105 nuo fotosen\u0117jimo ir oksidacinio streso.<\/p>\n<\/li>\n<\/ul>\n<p data-start=\"6557\" data-end=\"6664\">Tinka vis\u0173 tip\u0173 odai, \u012fskaitant jautri\u0105, ypa\u010d linkusiai \u012f paraudim\u0105, pigmentacij\u0105 ir prie\u0161laikin\u012f sen\u0117jim\u0105.<\/p>\n<p data-start=\"6666\" data-end=\"6682\"><strong data-start=\"6666\" data-end=\"6676\">T\u016bris:<\/strong> 50 ml<\/p>\n","protected":false},"excerpt":{"rendered":"<p data-start=\"6880\" data-end=\"6948\"><span style=\"color: #ff0000;\"><strong data-start=\"6880\" data-end=\"6948\">pHFormula produkt\u0173 pristatymas galimas tik Estijos teritorijoje.<\/strong><\/span><\/p>\n<p data-start=\"6950\" data-end=\"7167\"><span style=\"color: #ff0000;\"><strong data-start=\"6950\" data-end=\"6957\">NB!<\/strong> Produkt\u0105 galima \u012fsigyti tik pasikonsultavus su specialistu. Skambinkite mums telefonu +372 58 500 171 arba si\u0173skite u\u017eklaus\u0105 el. pa\u0161tu <a class=\"decorated-link cursor-pointer\" style=\"color: #ff0000;\" href=\"mailto:info@skinstudio.ee\" rel=\"noopener\" data-start=\"7093\" data-end=\"7111\">info@skinstudio.ee<\/a>. M\u016bs\u0173 konsultantai pad\u0117s jums \u012fsigyti \u0161\u012f prek\u0117s \u017eenkl\u0105.<\/span><\/p>\n<p data-start=\"7169\" data-end=\"7206\">Apsauginis sen\u0117jim\u0105 stabdantis kremas<\/p>\n<h2 data-start=\"7208\" data-end=\"7251\"><strong data-start=\"7208\" data-end=\"7251\">pHformula &#8211; POINT Multi Protect Savyb\u0117s<\/strong><\/h2>\n<p data-start=\"7253\" data-end=\"7503\">\u2714\ufe0f Suteikia plataus spektro UVA ir UVB apsaug\u0105<br data-start=\"7299\" data-end=\"7302\" \/>\u2714\ufe0f Padeda i\u0161vengti fotosen\u0117jimo ir pigmentacijos<br data-start=\"7350\" data-end=\"7353\" \/>\u2714\ufe0f Dr\u0117kina ir palaiko odos komfort\u0105 vis\u0105 dien\u0105<br data-start=\"7399\" data-end=\"7402\" \/>\u2714\ufe0f Stiprina odos apsaugin\u012f barjer\u0105 ir ma\u017eina jautrum\u0105<br data-start=\"7455\" data-end=\"7458\" \/>\u2714\ufe0f Lengva tekst\u016bra, nepalieka balt\u0173 p\u0117dsak\u0173<\/p>\n","protected":false},"featured_media":64829,"template":"","meta":[],"pwb-brand":[779],"product_brand":[],"product_cat":[738,746,654,750],"product_tag":[],"giftcard-category":[],"class_list":{"0":"post-77766","1":"product","2":"type-product","3":"status-publish","4":"has-post-thumbnail","6":"pwb-brand-ph-formula","7":"product_cat-drekinimas","8":"product_cat-jautriai-odai","9":"product_cat-ph-formula-lt","10":"product_cat-senstanti-oda","12":"first","13":"instock","14":"taxable","15":"shipping-taxable","16":"purchasable","17":"product-type-simple"},"acf":[],"brands":[{"id":779,"name":"pH Formula","slug":"ph-formula"}],"_links":{"self":[{"href":"https:\/\/skinstudio.ee\/lt\/wp-json\/wp\/v2\/product\/77766","targetHints":{"allow":["GET"]}}],"collection":[{"href":"https:\/\/skinstudio.ee\/lt\/wp-json\/wp\/v2\/product"}],"about":[{"href":"https:\/\/skinstudio.ee\/lt\/wp-json\/wp\/v2\/types\/product"}],"version-history":[{"count":1,"href":"https:\/\/skinstudio.ee\/lt\/wp-json\/wp\/v2\/product\/77766\/revisions"}],"predecessor-version":[{"id":77767,"href":"https:\/\/skinstudio.ee\/lt\/wp-json\/wp\/v2\/product\/77766\/revisions\/77767"}],"wp:featuredmedia":[{"embeddable":true,"href":"https:\/\/skinstudio.ee\/lt\/wp-json\/wp\/v2\/media\/64829"}],"wp:attachment":[{"href":"https:\/\/skinstudio.ee\/lt\/wp-json\/wp\/v2\/media?parent=77766"}],"wp:term":[{"taxonomy":"pwb-brand","embeddable":true,"href":"https:\/\/skinstudio.ee\/lt\/wp-json\/wp\/v2\/pwb-brand?post=77766"},{"taxonomy":"product_brand","embeddable":true,"href":"https:\/\/skinstudio.ee\/lt\/wp-json\/wp\/v2\/product_brand?post=77766"},{"taxonomy":"product_cat","embeddable":true,"href":"https:\/\/skinstudio.ee\/lt\/wp-json\/wp\/v2\/product_cat?post=77766"},{"taxonomy":"product_tag","embeddable":true,"href":"https:\/\/skinstudio.ee\/lt\/wp-json\/wp\/v2\/product_tag?post=77766"},{"taxonomy":"giftcard-category","embeddable":true,"href":"https:\/\/skinstudio.ee\/lt\/wp-json\/wp\/v2\/giftcard-category?post=77766"}],"curies":[{"name":"wp","href":"https:\/\/api.w.org\/{rel}","templated":true}]}}