{"id":77774,"date":"2025-07-04T11:26:09","date_gmt":"2025-07-04T11:26:09","guid":{"rendered":"https:\/\/skinstudio.ee\/?post_type=product&#038;p=77774"},"modified":"2026-02-13T15:29:19","modified_gmt":"2026-02-13T15:29:19","slug":"point-age-reverse","status":"publish","type":"product","link":"https:\/\/skinstudio.ee\/lt\/catalog\/ph-formula\/point-age-reverse\/","title":{"rendered":"POINT Age Reverse"},"content":{"rendered":"<p data-start=\"5795\" data-end=\"6088\"><strong data-start=\"5795\" data-end=\"5830\">POINT Age Reverse nuo pHformula<\/strong> yra intensyvus sen\u0117jim\u0105 stabdantis kremas, skirtas giliam odos atstatymui, stangrumo gerinimui ir matom\u0173 sen\u0117jimo po\u017eymi\u0173 ma\u017einimui. Formul\u0117 palaiko odos strukt\u016br\u0105, padeda pagerinti elastingum\u0105, i\u0161lygina tekst\u016br\u0105 ir suteikia odai labiau pri\u017ei\u016br\u0117t\u0105 i\u0161vaizd\u0105.<\/p>\n<p data-start=\"6090\" data-end=\"6324\">Kremas pastebimai lygina rauk\u0161les, gerina odos ton\u0105 ir i\u0161vaizd\u0105, taip pat padeda apsaugoti od\u0105 nuo oksidacinio streso. Tinka tiek kasdienei sen\u0117jim\u0105 stabdan\u010diai prie\u017ei\u016brai, tiek laikotarpiais, kai oda nusilpusi ir praradusi stangrum\u0105.<\/p>\n<p data-start=\"6326\" data-end=\"6363\"><strong data-start=\"6326\" data-end=\"6363\">Pagrindini\u0173 ingredient\u0173 poveikis:<\/strong><\/p>\n<ul data-start=\"6365\" data-end=\"6638\">\n<li data-start=\"6365\" data-end=\"6462\">\n<p data-start=\"6367\" data-end=\"6462\"><strong data-start=\"6367\" data-end=\"6390\">Peptid\u0173 kompleksas:<\/strong> skatina kolageno gamyb\u0105 ir padeda pagerinti odos stangrum\u0105 bei tank\u012f.<\/p>\n<\/li>\n<li data-start=\"6463\" data-end=\"6547\">\n<p data-start=\"6465\" data-end=\"6547\"><strong data-start=\"6465\" data-end=\"6479\">Retinolis:<\/strong> palaiko odos atsinaujinim\u0105 ir padeda suma\u017einti rauk\u0161li\u0173 matomum\u0105.<\/p>\n<\/li>\n<li data-start=\"6548\" data-end=\"6638\">\n<p data-start=\"6550\" data-end=\"6638\"><strong data-start=\"6550\" data-end=\"6567\">Niacinamidas:<\/strong> stiprina odos apsaugin\u012f barjer\u0105 ir gerina bendr\u0105 odos kokyb\u0119 bei ton\u0105.<\/p>\n<\/li>\n<\/ul>\n<p data-start=\"6640\" data-end=\"6729\">Tinka vis\u0173 tip\u0173 odai, ypa\u010d brand\u017eiai ir nusilpusiai odai, praradusiai stangrum\u0105 ir tank\u012f.<\/p>\n<p data-start=\"6731\" data-end=\"6747\"><strong data-start=\"6731\" data-end=\"6741\">T\u016bris:<\/strong> 50 ml<\/p>\n","protected":false},"excerpt":{"rendered":"<p data-start=\"6938\" data-end=\"7006\"><span style=\"color: #ff0000;\"><strong data-start=\"6938\" data-end=\"7006\">pHFormula produkt\u0173 pristatymas galimas tik Estijos teritorijoje.<\/strong><\/span><\/p>\n<p data-start=\"7008\" data-end=\"7225\"><span style=\"color: #ff0000;\"><strong data-start=\"7008\" data-end=\"7015\">NB!<\/strong> Produkt\u0105 galima \u012fsigyti tik pasikonsultavus su specialistu. Skambinkite mums telefonu +372 58 500 171 arba si\u0173skite u\u017eklaus\u0105 el. pa\u0161tu <a class=\"decorated-link cursor-pointer\" style=\"color: #ff0000;\" href=\"mailto:info@skinstudio.ee\" rel=\"noopener\" data-start=\"7151\" data-end=\"7169\">info@skinstudio.ee<\/a>. M\u016bs\u0173 konsultantai pad\u0117s jums \u012fsigyti \u0161\u012f prek\u0117s \u017eenkl\u0105.<\/span><\/p>\n<p data-start=\"7227\" data-end=\"7264\">Intensyvus sen\u0117jim\u0105 stabdantis kremas<\/p>\n<h2 data-start=\"7266\" data-end=\"7307\"><strong data-start=\"7266\" data-end=\"7307\">pHformula &#8211; POINT Age Reverse Savyb\u0117s<\/strong><\/h2>\n<p data-start=\"7309\" data-end=\"7586\">\u2714\ufe0f Suteikia ry\u0161k\u0173 liftingo efekt\u0105 ir atkuria odos stangrum\u0105<br data-start=\"7368\" data-end=\"7371\" \/>\u2714\ufe0f Lygina rauk\u0161les ir gerina odos tekst\u016br\u0105<br data-start=\"7413\" data-end=\"7416\" \/>\u2714\ufe0f Skatina kolageno gamyb\u0105 ir l\u0105steli\u0173 atsinaujinim\u0105<br data-start=\"7468\" data-end=\"7471\" \/>\u2714\ufe0f Gerina odos tank\u012f ir padeda atkurti veido oval\u0105<br data-start=\"7521\" data-end=\"7524\" \/>\u2714\ufe0f Saugo od\u0105 nuo laisv\u0173j\u0173 radikal\u0173 ir prie\u0161laikinio sen\u0117jimo<\/p>\n","protected":false},"featured_media":64834,"template":"","meta":[],"pwb-brand":[779],"product_brand":[],"product_cat":[738,654,740,750],"product_tag":[],"giftcard-category":[],"class_list":{"0":"post-77774","1":"product","2":"type-product","3":"status-publish","4":"has-post-thumbnail","6":"pwb-brand-ph-formula","7":"product_cat-drekinimas","8":"product_cat-ph-formula-lt","9":"product_cat-sausai-odai","10":"product_cat-senstanti-oda","12":"first","13":"instock","14":"taxable","15":"shipping-taxable","16":"purchasable","17":"product-type-simple"},"acf":[],"brands":[{"id":779,"name":"pH Formula","slug":"ph-formula"}],"_links":{"self":[{"href":"https:\/\/skinstudio.ee\/lt\/wp-json\/wp\/v2\/product\/77774","targetHints":{"allow":["GET"]}}],"collection":[{"href":"https:\/\/skinstudio.ee\/lt\/wp-json\/wp\/v2\/product"}],"about":[{"href":"https:\/\/skinstudio.ee\/lt\/wp-json\/wp\/v2\/types\/product"}],"version-history":[{"count":1,"href":"https:\/\/skinstudio.ee\/lt\/wp-json\/wp\/v2\/product\/77774\/revisions"}],"predecessor-version":[{"id":77775,"href":"https:\/\/skinstudio.ee\/lt\/wp-json\/wp\/v2\/product\/77774\/revisions\/77775"}],"wp:featuredmedia":[{"embeddable":true,"href":"https:\/\/skinstudio.ee\/lt\/wp-json\/wp\/v2\/media\/64834"}],"wp:attachment":[{"href":"https:\/\/skinstudio.ee\/lt\/wp-json\/wp\/v2\/media?parent=77774"}],"wp:term":[{"taxonomy":"pwb-brand","embeddable":true,"href":"https:\/\/skinstudio.ee\/lt\/wp-json\/wp\/v2\/pwb-brand?post=77774"},{"taxonomy":"product_brand","embeddable":true,"href":"https:\/\/skinstudio.ee\/lt\/wp-json\/wp\/v2\/product_brand?post=77774"},{"taxonomy":"product_cat","embeddable":true,"href":"https:\/\/skinstudio.ee\/lt\/wp-json\/wp\/v2\/product_cat?post=77774"},{"taxonomy":"product_tag","embeddable":true,"href":"https:\/\/skinstudio.ee\/lt\/wp-json\/wp\/v2\/product_tag?post=77774"},{"taxonomy":"giftcard-category","embeddable":true,"href":"https:\/\/skinstudio.ee\/lt\/wp-json\/wp\/v2\/giftcard-category?post=77774"}],"curies":[{"name":"wp","href":"https:\/\/api.w.org\/{rel}","templated":true}]}}