{"id":77782,"date":"2025-07-04T11:01:16","date_gmt":"2025-07-04T11:01:16","guid":{"rendered":"https:\/\/skinstudio.ee\/?post_type=product&#038;p=77782"},"modified":"2026-02-13T15:29:11","modified_gmt":"2026-02-13T15:29:11","slug":"md-ac-active-recovery","status":"publish","type":"product","link":"https:\/\/skinstudio.ee\/lt\/catalog\/ph-formula\/md-ac-active-recovery\/","title":{"rendered":"MD AC Active Recovery"},"content":{"rendered":"<p data-start=\"6093\" data-end=\"6371\">MD AC Active Recovery nuo pHformula \u2013 tai atkuriamasis koncentratas, skirtas \u012f akn\u0119 linkusiai ir u\u017edegiminei odai. Produktas sukurtas palaikyti profesionalias proced\u016bras ir nam\u0173 prie\u017ei\u016br\u0105, siekiant suma\u017einti u\u017edegimus, pagerinti odos b\u016bkl\u0119 ir paspartinti atsinaujinimo procesus.<\/p>\n<p data-start=\"6373\" data-end=\"6601\">Koncentratas padeda suma\u017einti u\u017edegiminius b\u0117rimus, palaiko odos balans\u0105, gerina tekst\u016br\u0105 ir ton\u0105 bei suteikia antioksidacin\u0119 apsaug\u0105. Formul\u0117 skatina greitesn\u012f odos atsinaujinim\u0105, tod\u0117l oda tampa \u0161varesn\u0117, lygesn\u0117 ir tolygesn\u0117.<\/p>\n<p data-start=\"6603\" data-end=\"6790\"><strong data-start=\"6603\" data-end=\"6614\">PH-DVC\u2122<\/strong> pristatymo sistema u\u017etikrina kontroliuojam\u0105 ir gil\u0173 veikli\u0173j\u0173 med\u017eiag\u0173 \u012fsisavinim\u0105, suma\u017eina sudirginimo rizik\u0105 ir padidina naudojimo komfort\u0105 net jautriai ir reaktyviai odai.<\/p>\n<p data-start=\"6792\" data-end=\"6829\"><strong data-start=\"6792\" data-end=\"6829\">Pagrindini\u0173 ingredient\u0173 poveikis:<\/strong><\/p>\n<p data-start=\"6831\" data-end=\"7084\"><strong data-start=\"6831\" data-end=\"6848\">Niacinamidas:<\/strong> padeda ma\u017einti u\u017edegim\u0105, gerina odos ton\u0105 ir stiprina odos barjer\u0105.<br data-start=\"6916\" data-end=\"6919\" \/><strong data-start=\"6919\" data-end=\"6939\">Migdol\u0173 r\u016bg\u0161tis:<\/strong> \u0161velniai \u0161vei\u010dia, valo poras ir gerina odos tekst\u016br\u0105.<br data-start=\"6993\" data-end=\"6996\" \/><strong data-start=\"6996\" data-end=\"7014\">Azeloglicinas:<\/strong> ramina od\u0105, ma\u017eina paraudim\u0105 ir padeda reguliuoti sebumo i\u0161siskyrim\u0105.<\/p>\n<p data-start=\"7086\" data-end=\"7222\">Tinka \u012f akn\u0119 linkusiai odai (I\u2013III laipsnio), riebiai ir mi\u0161riai odai, taip pat odai su i\u0161sipl\u0117tusiomis poromis ir polinkiu \u012f u\u017edegimus.<\/p>\n<p data-start=\"7224\" data-end=\"7240\"><strong data-start=\"7224\" data-end=\"7240\">T\u016bris: 30 ml<\/strong><\/p>\n","protected":false},"excerpt":{"rendered":"<p data-start=\"7435\" data-end=\"7714\"><span style=\"color: #ff0000;\"><strong data-start=\"7435\" data-end=\"7503\">pHformula produkt\u0173 pristatymas galimas tik Estijos teritorijoje.<\/strong><\/span><\/p>\n<p data-start=\"7435\" data-end=\"7714\"><span style=\"color: #ff0000;\"><strong data-start=\"7506\" data-end=\"7513\">NB!<\/strong> Produkt\u0105 galima \u012fsigyti tik pasikonsultavus su specialistu. Skambinkite mums telefonu +372 58 500 171 arba ra\u0161ykite el. pa\u0161tu <a class=\"decorated-link cursor-pointer\" style=\"color: #ff0000;\" href=\"mailto:info@skinstudio.ee\" rel=\"noopener\" data-start=\"7640\" data-end=\"7658\">info@skinstudio.ee<\/a>. M\u016bs\u0173 konsultantai pad\u0117s jums \u012fsigyti \u0161\u012f prek\u0117s \u017eenkl\u0105.<\/span><\/p>\n<p data-start=\"7716\" data-end=\"7751\">Atkuriamasis koncentratas nuo akn\u0117s<\/p>\n<h2 data-start=\"7753\" data-end=\"7798\"><strong data-start=\"7753\" data-end=\"7798\">pHformula &#8211; MD AC Active Recovery savyb\u0117s<\/strong><\/h2>\n<p data-start=\"7800\" data-end=\"8017\">\u2714\ufe0f Padeda ma\u017einti u\u017edegim\u0105 ir paraudim\u0105<br data-start=\"7839\" data-end=\"7842\" \/>\u2714\ufe0f Reguliuoja perteklin\u0119 sebumo gamyb\u0105<br data-start=\"7880\" data-end=\"7883\" \/>\u2714\ufe0f Gerina odos tekst\u016br\u0105 ir suvienodina ton\u0105<br data-start=\"7926\" data-end=\"7929\" \/>\u2714\ufe0f Skatina greitesn\u012f odos atsinaujinim\u0105<br data-start=\"7968\" data-end=\"7971\" \/>\u2714\ufe0f Padeda palaikyti \u0161vari\u0105 ir pri\u017ei\u016br\u0117t\u0105 od\u0105<\/p>\n","protected":false},"featured_media":64840,"template":"","meta":[],"pwb-brand":[779],"product_brand":[],"product_cat":[742,744,654,724,748],"product_tag":[],"giftcard-category":[],"class_list":{"0":"post-77782","1":"product","2":"type-product","3":"status-publish","4":"has-post-thumbnail","6":"pwb-brand-ph-formula","7":"product_cat-berimai","8":"product_cat-issipletusios-poros","9":"product_cat-ph-formula-lt","10":"product_cat-serumai","11":"product_cat-taukainai-adai-lt","13":"first","14":"instock","15":"taxable","16":"shipping-taxable","17":"purchasable","18":"product-type-simple"},"acf":[],"brands":[{"id":779,"name":"pH Formula","slug":"ph-formula"}],"_links":{"self":[{"href":"https:\/\/skinstudio.ee\/lt\/wp-json\/wp\/v2\/product\/77782","targetHints":{"allow":["GET"]}}],"collection":[{"href":"https:\/\/skinstudio.ee\/lt\/wp-json\/wp\/v2\/product"}],"about":[{"href":"https:\/\/skinstudio.ee\/lt\/wp-json\/wp\/v2\/types\/product"}],"version-history":[{"count":1,"href":"https:\/\/skinstudio.ee\/lt\/wp-json\/wp\/v2\/product\/77782\/revisions"}],"predecessor-version":[{"id":77783,"href":"https:\/\/skinstudio.ee\/lt\/wp-json\/wp\/v2\/product\/77782\/revisions\/77783"}],"wp:featuredmedia":[{"embeddable":true,"href":"https:\/\/skinstudio.ee\/lt\/wp-json\/wp\/v2\/media\/64840"}],"wp:attachment":[{"href":"https:\/\/skinstudio.ee\/lt\/wp-json\/wp\/v2\/media?parent=77782"}],"wp:term":[{"taxonomy":"pwb-brand","embeddable":true,"href":"https:\/\/skinstudio.ee\/lt\/wp-json\/wp\/v2\/pwb-brand?post=77782"},{"taxonomy":"product_brand","embeddable":true,"href":"https:\/\/skinstudio.ee\/lt\/wp-json\/wp\/v2\/product_brand?post=77782"},{"taxonomy":"product_cat","embeddable":true,"href":"https:\/\/skinstudio.ee\/lt\/wp-json\/wp\/v2\/product_cat?post=77782"},{"taxonomy":"product_tag","embeddable":true,"href":"https:\/\/skinstudio.ee\/lt\/wp-json\/wp\/v2\/product_tag?post=77782"},{"taxonomy":"giftcard-category","embeddable":true,"href":"https:\/\/skinstudio.ee\/lt\/wp-json\/wp\/v2\/giftcard-category?post=77782"}],"curies":[{"name":"wp","href":"https:\/\/api.w.org\/{rel}","templated":true}]}}