{"id":77790,"date":"2025-07-04T10:38:56","date_gmt":"2025-07-04T10:38:56","guid":{"rendered":"https:\/\/skinstudio.ee\/?post_type=product&#038;p=77790"},"modified":"2026-02-13T15:29:10","modified_gmt":"2026-02-13T15:29:10","slug":"h2o-flash","status":"publish","type":"product","link":"https:\/\/skinstudio.ee\/lt\/catalog\/ph-formula\/h2o-flash\/","title":{"rendered":"H2O Flash"},"content":{"rendered":"<p data-start=\"6004\" data-end=\"6294\">H2O Flash nuo pHformula \u2013 tai mineralizuotas dr\u0117kinamasis pur\u0161kalas su terminiu vandeniu, skirtas kasdienei odos prie\u017ei\u016brai, ypa\u010d jautriai ir dehidratuotai odai. Produktas akimirksniu ramina od\u0105, atgaivina j\u0105 po valymo ir padeda palaikyti komfort\u0105 bei dr\u0117kinim\u0105 vis\u0105 dien\u0105, ypa\u010d kar\u0161tu oru.<\/p>\n<p data-start=\"6296\" data-end=\"6544\">Formul\u0117 praturtinta <strong data-start=\"6316\" data-end=\"6346\">Kigelia Africana ekstraktu<\/strong>, kuris \u017einomas d\u0117l stangrinam\u0173j\u0173 ir antioksidacini\u0173 savybi\u0173. Pur\u0161kalas padeda palaikyti odos stangrum\u0105 ir elastingum\u0105, saugo nuo oksidacinio streso ir skatina sveikesn\u0119, labiau spindin\u010di\u0105 i\u0161vaizd\u0105.<\/p>\n<p data-start=\"6546\" data-end=\"6674\">Produktas taip pat stiprina odos apsaugin\u012f barjer\u0105, padeda odai grei\u010diau atsistatyti ir tampa atsparesnei i\u0161oriniams veiksniams.<\/p>\n<p data-start=\"6676\" data-end=\"6713\"><strong data-start=\"6676\" data-end=\"6713\">Pagrindini\u0173 ingredient\u0173 poveikis:<\/strong><\/p>\n<p data-start=\"6715\" data-end=\"7033\"><strong data-start=\"6715\" data-end=\"6750\">Mineralizuotas terminis vanduo:<\/strong> ramina od\u0105, ma\u017eina diskomfort\u0105 ir tempimo poj\u016bt\u012f, gaivina ir dr\u0117kina.<br data-start=\"6820\" data-end=\"6823\" \/><strong data-start=\"6823\" data-end=\"6839\">Bisabololis:<\/strong> ramina jautri\u0105 od\u0105 ir palaiko atsistatymo procesus.<br data-start=\"6891\" data-end=\"6894\" \/><strong data-start=\"6894\" data-end=\"6926\">Kigelia Africana ekstraktas:<\/strong> gerina odos stangrum\u0105 ir elastingum\u0105, suteikia antioksidacin\u0119 apsaug\u0105 ir padeda l\u0117tinti sen\u0117jimo po\u017eymius.<\/p>\n<p data-start=\"7035\" data-end=\"7114\">Tinka vis\u0173 tip\u0173 odai, \u012fskaitant jautri\u0105, dehidratuot\u0105 ir linkusi\u0105 \u012f sudirgimus.<\/p>\n<p data-start=\"7116\" data-end=\"7132\"><strong data-start=\"7116\" data-end=\"7132\">T\u016bris: 50 ml<\/strong><\/p>\n","protected":false},"excerpt":{"rendered":"<p data-start=\"7306\" data-end=\"7374\"><span style=\"color: #ff0000;\"><strong data-start=\"7306\" data-end=\"7374\">pHformula produkt\u0173 pristatymas galimas tik Estijos teritorijoje.<\/strong><\/span><\/p>\n<p data-start=\"7376\" data-end=\"7584\"><span style=\"color: #ff0000;\"><strong data-start=\"7376\" data-end=\"7383\">NB!<\/strong> Produkt\u0105 galima \u012fsigyti tik pasikonsultavus su specialistu. Skambinkite mums telefonu +372 58 500 171 arba ra\u0161ykite el. pa\u0161tu <a class=\"decorated-link cursor-pointer\" style=\"color: #ff0000;\" href=\"mailto:info@skinstudio.ee\" rel=\"noopener\" data-start=\"7510\" data-end=\"7528\">info@skinstudio.ee<\/a>. M\u016bs\u0173 konsultantai pad\u0117s jums \u012fsigyti \u0161\u012f prek\u0117s \u017eenkl\u0105.<\/span><\/p>\n<p data-start=\"7586\" data-end=\"7616\">Lengvas dr\u0117kinamasis pur\u0161kalas<\/p>\n<h2 data-start=\"7618\" data-end=\"7651\"><strong data-start=\"7618\" data-end=\"7651\">pHformula &#8211; H2O Flash savyb\u0117s<\/strong><\/h2>\n<p data-start=\"7653\" data-end=\"7853\">\u2714\ufe0f Greitai dr\u0117kina ir ramina od\u0105<br data-start=\"7685\" data-end=\"7688\" \/>\u2714\ufe0f Suteikia gaivumo ir komforto poj\u016bt\u012f<br data-start=\"7726\" data-end=\"7729\" \/>\u2714\ufe0f Palaiko odos stangrum\u0105 ir elastingum\u0105<br data-start=\"7769\" data-end=\"7772\" \/>\u2714\ufe0f Stiprina odos apsaugin\u012f barjer\u0105<br data-start=\"7806\" data-end=\"7809\" \/>\u2714\ufe0f Tinka vis\u0173 tip\u0173 odai, \u012fskaitant jautri\u0105<\/p>\n","protected":false},"featured_media":64845,"template":"","meta":[],"pwb-brand":[779],"product_brand":[],"product_cat":[738,746,654,722],"product_tag":[],"giftcard-category":[],"class_list":{"0":"post-77790","1":"product","2":"type-product","3":"status-publish","4":"has-post-thumbnail","6":"pwb-brand-ph-formula","7":"product_cat-drekinimas","8":"product_cat-jautriai-odai","9":"product_cat-ph-formula-lt","10":"product_cat-toneriai","12":"first","13":"instock","14":"taxable","15":"shipping-taxable","16":"purchasable","17":"product-type-simple"},"acf":[],"brands":[{"id":779,"name":"pH Formula","slug":"ph-formula"}],"_links":{"self":[{"href":"https:\/\/skinstudio.ee\/lt\/wp-json\/wp\/v2\/product\/77790","targetHints":{"allow":["GET"]}}],"collection":[{"href":"https:\/\/skinstudio.ee\/lt\/wp-json\/wp\/v2\/product"}],"about":[{"href":"https:\/\/skinstudio.ee\/lt\/wp-json\/wp\/v2\/types\/product"}],"version-history":[{"count":1,"href":"https:\/\/skinstudio.ee\/lt\/wp-json\/wp\/v2\/product\/77790\/revisions"}],"predecessor-version":[{"id":77791,"href":"https:\/\/skinstudio.ee\/lt\/wp-json\/wp\/v2\/product\/77790\/revisions\/77791"}],"wp:featuredmedia":[{"embeddable":true,"href":"https:\/\/skinstudio.ee\/lt\/wp-json\/wp\/v2\/media\/64845"}],"wp:attachment":[{"href":"https:\/\/skinstudio.ee\/lt\/wp-json\/wp\/v2\/media?parent=77790"}],"wp:term":[{"taxonomy":"pwb-brand","embeddable":true,"href":"https:\/\/skinstudio.ee\/lt\/wp-json\/wp\/v2\/pwb-brand?post=77790"},{"taxonomy":"product_brand","embeddable":true,"href":"https:\/\/skinstudio.ee\/lt\/wp-json\/wp\/v2\/product_brand?post=77790"},{"taxonomy":"product_cat","embeddable":true,"href":"https:\/\/skinstudio.ee\/lt\/wp-json\/wp\/v2\/product_cat?post=77790"},{"taxonomy":"product_tag","embeddable":true,"href":"https:\/\/skinstudio.ee\/lt\/wp-json\/wp\/v2\/product_tag?post=77790"},{"taxonomy":"giftcard-category","embeddable":true,"href":"https:\/\/skinstudio.ee\/lt\/wp-json\/wp\/v2\/giftcard-category?post=77790"}],"curies":[{"name":"wp","href":"https:\/\/api.w.org\/{rel}","templated":true}]}}