{"id":77798,"date":"2025-07-04T10:22:39","date_gmt":"2025-07-04T10:22:39","guid":{"rendered":"https:\/\/skinstudio.ee\/?post_type=product&#038;p=77798"},"modified":"2026-02-13T15:29:23","modified_gmt":"2026-02-13T15:29:23","slug":"sos-rescue-cream","status":"publish","type":"product","link":"https:\/\/skinstudio.ee\/lt\/catalog\/ph-formula\/sos-rescue-cream\/","title":{"rendered":"SOS Rescue Cream"},"content":{"rendered":"<p data-start=\"5797\" data-end=\"6067\">SOS Rescue Cream nuo pHformula \u2013 tai daugiafunkcinis SOS kremas odai, kuriai reikalinga ypatinga prie\u017ei\u016bra, apsauga ir greitas atsistatymas. Produktas skirtas naudoti padid\u0117jusio jautrumo laikotarpiais, po agresyvi\u0173 proced\u016br\u0173, \u0161altuoju sezonu arba pa\u017eeidus odos barjer\u0105.<\/p>\n<p data-start=\"6069\" data-end=\"6341\">Formul\u0117 praturtinta pantenoliu, niacinamidu ir nat\u016braliais aliejais, kurie padeda greitai nuraminti od\u0105, atkurti jos apsaugines funkcijas ir suma\u017einti reaktyvum\u0105. Kremas padeda suma\u017einti tempimo poj\u016bt\u012f, diskomfort\u0105 ir sausum\u0105, tod\u0117l oda tampa atsparesn\u0117 ir komforti\u0161kesn\u0117.<\/p>\n<p data-start=\"6343\" data-end=\"6380\"><strong data-start=\"6343\" data-end=\"6380\">Pagrindini\u0173 ingredient\u0173 poveikis:<\/strong><\/p>\n<p data-start=\"6382\" data-end=\"6659\"><strong data-start=\"6382\" data-end=\"6397\">Pantenolis:<\/strong> ramina od\u0105, spartina atsistatym\u0105 ir ma\u017eina sudirgim\u0105 bei diskomfort\u0105.<br data-start=\"6467\" data-end=\"6470\" \/><strong data-start=\"6470\" data-end=\"6487\">Niacinamidas:<\/strong> stiprina odos barjer\u0105, ma\u017eina jautrum\u0105 ir palaiko sveik\u0105 odos b\u016bkl\u0119.<br data-start=\"6556\" data-end=\"6559\" \/><strong data-start=\"6559\" data-end=\"6589\">Sald\u017ei\u0173j\u0173 migdol\u0173 aliejus:<\/strong> maitina ir mink\u0161tina od\u0105, padeda i\u0161vengti sausumo ir tempimo poj\u016b\u010dio.<\/p>\n<p data-start=\"6661\" data-end=\"6871\">Tinka vis\u0173 tip\u0173 odai, \u012fskaitant jautri\u0105, reaktyvi\u0105 ir pa\u017eeist\u0105. Idealiai tinka po proced\u016br\u0173, \u0161altuoju sezonu ar pa\u017eeidus odos barjer\u0105. Galima naudoti tiek lokaliai, tiek visam veidui, suaugusiesiems ir vaikams.<\/p>\n<p data-start=\"6873\" data-end=\"6889\"><strong data-start=\"6873\" data-end=\"6889\">T\u016bris: 50 ml<\/strong><\/p>\n","protected":false},"excerpt":{"rendered":"<p data-start=\"6990\" data-end=\"7058\"><span style=\"color: #ff0000;\"><strong data-start=\"6990\" data-end=\"7058\">pHformula produkt\u0173 pristatymas galimas tik Estijos teritorijoje.<\/strong><\/span><\/p>\n<p data-start=\"7060\" data-end=\"7268\"><span style=\"color: #ff0000;\"><strong data-start=\"7060\" data-end=\"7067\">NB!<\/strong> Produkt\u0105 galima \u012fsigyti tik pasikonsultavus su specialistu. Skambinkite mums telefonu +372 58 500 171 arba ra\u0161ykite el. pa\u0161tu <a class=\"decorated-link cursor-pointer\" style=\"color: #ff0000;\" href=\"mailto:info@skinstudio.ee\" rel=\"noopener\" data-start=\"7194\" data-end=\"7212\">info@skinstudio.ee<\/a>. M\u016bs\u0173 konsultantai pad\u0117s jums \u012fsigyti \u0161\u012f prek\u0117s \u017eenkl\u0105.<\/span><\/p>\n<p data-start=\"7270\" data-end=\"7296\">Intensyvus komforto kremas<\/p>\n<h2 data-start=\"7298\" data-end=\"7338\"><strong data-start=\"7298\" data-end=\"7338\">pHformula &#8211; SOS Rescue Cream savyb\u0117s<\/strong><\/h2>\n<p data-start=\"7340\" data-end=\"7530\">\u2714\ufe0f Ma\u017eina sudirgim\u0105 ir paraudim\u0105<br data-start=\"7372\" data-end=\"7375\" \/>\u2714\ufe0f Stiprina odos apsaugin\u012f barjer\u0105<br data-start=\"7409\" data-end=\"7412\" \/>\u2714\ufe0f Ramina od\u0105 po proced\u016br\u0173 ir streso<br data-start=\"7448\" data-end=\"7451\" \/>\u2714\ufe0f Intensyviai dr\u0117kina ir maitina<br data-start=\"7484\" data-end=\"7487\" \/>\u2714\ufe0f Tinka reaktyviai ir itin jautriai odai<\/p>\n","protected":false},"featured_media":64850,"template":"","meta":[],"pwb-brand":[779],"product_brand":[],"product_cat":[738,746,654,740],"product_tag":[],"giftcard-category":[],"class_list":{"0":"post-77798","1":"product","2":"type-product","3":"status-publish","4":"has-post-thumbnail","6":"pwb-brand-ph-formula","7":"product_cat-drekinimas","8":"product_cat-jautriai-odai","9":"product_cat-ph-formula-lt","10":"product_cat-sausai-odai","12":"first","13":"instock","14":"taxable","15":"shipping-taxable","16":"purchasable","17":"product-type-simple"},"acf":[],"brands":[{"id":779,"name":"pH Formula","slug":"ph-formula"}],"_links":{"self":[{"href":"https:\/\/skinstudio.ee\/lt\/wp-json\/wp\/v2\/product\/77798","targetHints":{"allow":["GET"]}}],"collection":[{"href":"https:\/\/skinstudio.ee\/lt\/wp-json\/wp\/v2\/product"}],"about":[{"href":"https:\/\/skinstudio.ee\/lt\/wp-json\/wp\/v2\/types\/product"}],"version-history":[{"count":1,"href":"https:\/\/skinstudio.ee\/lt\/wp-json\/wp\/v2\/product\/77798\/revisions"}],"predecessor-version":[{"id":77799,"href":"https:\/\/skinstudio.ee\/lt\/wp-json\/wp\/v2\/product\/77798\/revisions\/77799"}],"wp:featuredmedia":[{"embeddable":true,"href":"https:\/\/skinstudio.ee\/lt\/wp-json\/wp\/v2\/media\/64850"}],"wp:attachment":[{"href":"https:\/\/skinstudio.ee\/lt\/wp-json\/wp\/v2\/media?parent=77798"}],"wp:term":[{"taxonomy":"pwb-brand","embeddable":true,"href":"https:\/\/skinstudio.ee\/lt\/wp-json\/wp\/v2\/pwb-brand?post=77798"},{"taxonomy":"product_brand","embeddable":true,"href":"https:\/\/skinstudio.ee\/lt\/wp-json\/wp\/v2\/product_brand?post=77798"},{"taxonomy":"product_cat","embeddable":true,"href":"https:\/\/skinstudio.ee\/lt\/wp-json\/wp\/v2\/product_cat?post=77798"},{"taxonomy":"product_tag","embeddable":true,"href":"https:\/\/skinstudio.ee\/lt\/wp-json\/wp\/v2\/product_tag?post=77798"},{"taxonomy":"giftcard-category","embeddable":true,"href":"https:\/\/skinstudio.ee\/lt\/wp-json\/wp\/v2\/giftcard-category?post=77798"}],"curies":[{"name":"wp","href":"https:\/\/api.w.org\/{rel}","templated":true}]}}