{"id":77805,"date":"2025-07-04T10:17:10","date_gmt":"2025-07-04T10:17:10","guid":{"rendered":"https:\/\/skinstudio.ee\/?post_type=product&#038;p=77805"},"modified":"2026-02-13T15:29:23","modified_gmt":"2026-02-13T15:29:23","slug":"sos-rescue-oil","status":"publish","type":"product","link":"https:\/\/skinstudio.ee\/lt\/catalog\/ph-formula\/sos-rescue-oil\/","title":{"rendered":"SOS Rescue Oil"},"content":{"rendered":"<p data-start=\"5610\" data-end=\"5934\"><strong data-start=\"5610\" data-end=\"5643\">SOS Rescue Oil nuo pH Formula<\/strong> &#8211; tai maitinamasis atkuriamasis aliejus, padedantis greitai sugr\u0105\u017einti odos komfort\u0105, \u0161velnum\u0105 ir apsaug\u0105. Jis padeda odai atsigauti po agresyvaus i\u0161orinio poveikio, proced\u016br\u0173 ir temperat\u016bros poky\u010di\u0173, ma\u017eina sausum\u0105 ir tempimo poj\u016bt\u012f, stiprina odos barjer\u0105 ir daro od\u0105 pastebimai glotnesn\u0119.<\/p>\n<p data-start=\"5936\" data-end=\"6105\">Lengva, \u0161ilkin\u0117 tekst\u016bra greitai susigeria ir neapsunkina odos. Puikiai tinka naudoti tiek vien\u0105, tiek mai\u0161yti su kremu, kai odai reikia papildomo maitinimo ir apsaugos.<\/p>\n<p data-start=\"6107\" data-end=\"6156\"><strong data-start=\"6107\" data-end=\"6154\">Pagrindini\u0173 aktyvi\u0173j\u0173 ingredient\u0173 poveikis:<\/strong><\/p>\n<ul data-start=\"6157\" data-end=\"6545\">\n<li data-start=\"6157\" data-end=\"6275\">\n<p data-start=\"6159\" data-end=\"6275\"><strong data-start=\"6159\" data-end=\"6173\">Skvalanas:<\/strong> akimirksniu mink\u0161tina od\u0105, ma\u017eina tempimo poj\u016bt\u012f, padeda i\u0161laikyti dr\u0117gm\u0119 ir stiprina odos barjer\u0105.<\/p>\n<\/li>\n<li data-start=\"6276\" data-end=\"6411\">\n<p data-start=\"6278\" data-end=\"6411\"><strong data-start=\"6278\" data-end=\"6304\">Omega riebal\u0173 r\u016bg\u0161tys:<\/strong> atkuria lipidin\u012f sluoksn\u012f, ma\u017eina sausum\u0105 ir pleiskanojim\u0105, saugo od\u0105 nuo dehidratacijos ir diskomforto.<\/p>\n<\/li>\n<li data-start=\"6412\" data-end=\"6545\">\n<p data-start=\"6414\" data-end=\"6545\"><strong data-start=\"6414\" data-end=\"6430\">Vitaminas E:<\/strong> stiprina antioksidacin\u0119 apsaug\u0105 ir padeda odai grei\u010diau atsistatyti po streso veiksni\u0173, i\u0161laikant sveik\u0105 i\u0161vaizd\u0105.<\/p>\n<\/li>\n<\/ul>\n<p data-start=\"6547\" data-end=\"6666\">Tinka sausai, dehidratuotai, jautriai ir pa\u017eeistai odai, taip pat naudoti po proced\u016br\u0173 ir \u0161altu ar v\u0117juotu laikotarpiu.<\/p>\n<p data-start=\"6668\" data-end=\"6688\"><strong data-start=\"6668\" data-end=\"6678\">T\u016bris:<\/strong> <strong data-start=\"6679\" data-end=\"6688\">30 ml<\/strong><\/p>\n","protected":false},"excerpt":{"rendered":"<p data-start=\"6800\" data-end=\"6869\"><span style=\"color: #ff0000;\"><strong data-start=\"6800\" data-end=\"6869\">pH Formula produkt\u0173 pristatymas galimas tik Estijos teritorijoje.<\/strong><\/span><\/p>\n<p data-start=\"6871\" data-end=\"7053\"><span style=\"color: #ff0000;\"><strong data-start=\"6871\" data-end=\"6878\">NB!<\/strong> Produkt\u0105 galima \u012fsigyti tik po specialisto konsultacijos. Skambinkite +372 58 500 171 arba ra\u0161ykite <a class=\"decorated-link cursor-pointer\" style=\"color: #ff0000;\" href=\"mailto:info@skinstudio.ee\" rel=\"noopener\" data-start=\"6979\" data-end=\"6997\">info@skinstudio.ee<\/a>. M\u016bs\u0173 konsultantai pad\u0117s jums \u012fsigyti \u0161\u012f prek\u0117s \u017eenkl\u0105.<\/span><\/p>\n<p data-start=\"7055\" data-end=\"7086\">Maitinamasis prie\u017ei\u016bros aliejus<\/p>\n<h2 data-start=\"7088\" data-end=\"7127\"><strong data-start=\"7088\" data-end=\"7127\">pH Formula &#8211; SOS Rescue Oil Savyb\u0117s<\/strong><\/h2>\n<p data-start=\"7129\" data-end=\"7337\">\u2714\ufe0f Greitai pa\u0161alina sausum\u0105 ir tempimo poj\u016bt\u012f<br data-start=\"7174\" data-end=\"7177\" \/>\u2714\ufe0f Atkuria odos barjer\u0105 ir saugo od\u0105<br data-start=\"7213\" data-end=\"7216\" \/>\u2714\ufe0f Mink\u0161tina ir glotnina od\u0105<br data-start=\"7244\" data-end=\"7247\" \/>\u2714\ufe0f Ramina stresuot\u0105 ir reaktyvi\u0105 od\u0105<br data-start=\"7283\" data-end=\"7286\" \/>\u2714\ufe0f Puikiai tinka po proced\u016br\u0173 ir \u0161altu\/v\u0117juotu metu<\/p>\n","protected":false},"featured_media":64855,"template":"","meta":[],"pwb-brand":[779],"product_brand":[],"product_cat":[738,654,740],"product_tag":[],"giftcard-category":[],"class_list":{"0":"post-77805","1":"product","2":"type-product","3":"status-publish","4":"has-post-thumbnail","6":"pwb-brand-ph-formula","7":"product_cat-drekinimas","8":"product_cat-ph-formula-lt","9":"product_cat-sausai-odai","11":"first","12":"instock","13":"taxable","14":"shipping-taxable","15":"purchasable","16":"product-type-simple"},"acf":[],"brands":[{"id":779,"name":"pH Formula","slug":"ph-formula"}],"_links":{"self":[{"href":"https:\/\/skinstudio.ee\/lt\/wp-json\/wp\/v2\/product\/77805","targetHints":{"allow":["GET"]}}],"collection":[{"href":"https:\/\/skinstudio.ee\/lt\/wp-json\/wp\/v2\/product"}],"about":[{"href":"https:\/\/skinstudio.ee\/lt\/wp-json\/wp\/v2\/types\/product"}],"version-history":[{"count":1,"href":"https:\/\/skinstudio.ee\/lt\/wp-json\/wp\/v2\/product\/77805\/revisions"}],"predecessor-version":[{"id":77806,"href":"https:\/\/skinstudio.ee\/lt\/wp-json\/wp\/v2\/product\/77805\/revisions\/77806"}],"wp:featuredmedia":[{"embeddable":true,"href":"https:\/\/skinstudio.ee\/lt\/wp-json\/wp\/v2\/media\/64855"}],"wp:attachment":[{"href":"https:\/\/skinstudio.ee\/lt\/wp-json\/wp\/v2\/media?parent=77805"}],"wp:term":[{"taxonomy":"pwb-brand","embeddable":true,"href":"https:\/\/skinstudio.ee\/lt\/wp-json\/wp\/v2\/pwb-brand?post=77805"},{"taxonomy":"product_brand","embeddable":true,"href":"https:\/\/skinstudio.ee\/lt\/wp-json\/wp\/v2\/product_brand?post=77805"},{"taxonomy":"product_cat","embeddable":true,"href":"https:\/\/skinstudio.ee\/lt\/wp-json\/wp\/v2\/product_cat?post=77805"},{"taxonomy":"product_tag","embeddable":true,"href":"https:\/\/skinstudio.ee\/lt\/wp-json\/wp\/v2\/product_tag?post=77805"},{"taxonomy":"giftcard-category","embeddable":true,"href":"https:\/\/skinstudio.ee\/lt\/wp-json\/wp\/v2\/giftcard-category?post=77805"}],"curies":[{"name":"wp","href":"https:\/\/api.w.org\/{rel}","templated":true}]}}