{"id":77814,"date":"2025-07-04T10:09:27","date_gmt":"2025-07-04T10:09:27","guid":{"rendered":"https:\/\/skinstudio.ee\/?post_type=product&#038;p=77814"},"modified":"2026-02-25T12:12:46","modified_gmt":"2026-02-25T12:12:46","slug":"p-o-s-t-recovery-cream","status":"publish","type":"product","link":"https:\/\/skinstudio.ee\/lt\/catalog\/ph-formula\/p-o-s-t-recovery-cream\/","title":{"rendered":"P.O.S.T. Recovery Cream"},"content":{"rendered":"<p data-start=\"5980\" data-end=\"6325\"><strong data-start=\"5980\" data-end=\"6022\">P.O.S.T. Recovery Cream nuo pH Formula<\/strong> &#8211; tai intensyviai atkuriantis kremas, sukurtas specialiai odos prie\u017ei\u016brai po profesionali\u0173 proced\u016br\u0173, toki\u0173 kaip cheminiai pilingai, lazerin\u0117s proced\u016bros ir mikrodermabrazija. Jis padeda odai grei\u010diau atgauti komfort\u0105, ma\u017eina reaktyvum\u0105, deginimo ir tempimo poj\u016bt\u012f bei palaiko odos barjero atsistatym\u0105.<\/p>\n<p data-start=\"6327\" data-end=\"6525\">Kremas veikia ne tik komforto lygiu, bet ir gerina odos kokyb\u0119: didina elastingum\u0105, suvienodina odos atspalv\u012f ir padeda odai atsigavimo laikotarpiu atrodyti ramesnei, lygesnei ir labiau pri\u017ei\u016br\u0117tai.<\/p>\n<p data-start=\"6527\" data-end=\"6576\"><strong data-start=\"6527\" data-end=\"6574\">Pagrindini\u0173 aktyvi\u0173j\u0173 ingredient\u0173 poveikis:<\/strong><\/p>\n<ul data-start=\"6577\" data-end=\"6946\">\n<li data-start=\"6577\" data-end=\"6706\">\n<p data-start=\"6579\" data-end=\"6706\"><strong data-start=\"6579\" data-end=\"6601\">Hialurono r\u016bg\u0161tis:<\/strong> intensyviai dr\u0117kina od\u0105, pa\u0161alina tempimo poj\u016bt\u012f ir padeda atkurti komfort\u0105 jau nuo pirm\u0173j\u0173 naudojim\u0173.<\/p>\n<\/li>\n<li data-start=\"6707\" data-end=\"6833\">\n<p data-start=\"6709\" data-end=\"6833\"><strong data-start=\"6709\" data-end=\"6726\">Niacinamidas:<\/strong> ma\u017eina odos reaktyvum\u0105, padeda suvienodinti atspalv\u012f, stiprina odos barjer\u0105 ir gerina bendr\u0105 odos b\u016bkl\u0119.<\/p>\n<\/li>\n<li data-start=\"6834\" data-end=\"6946\">\n<p data-start=\"6836\" data-end=\"6946\"><strong data-start=\"6836\" data-end=\"6861\">Glicirretino r\u016bg\u0161tis:<\/strong> ry\u0161kiai ramina od\u0105, ma\u017eina paraudim\u0105 ir padeda odai grei\u010diau atsigauti po proced\u016br\u0173.<\/p>\n<\/li>\n<\/ul>\n<p data-start=\"6948\" data-end=\"7027\">Tinka vis\u0173 tip\u0173 odai, ypa\u010d jautriai, sudirgusiai ir po proced\u016br\u0173 esan\u010diai odai.<\/p>\n<p data-start=\"7029\" data-end=\"7058\"><strong data-start=\"7029\" data-end=\"7039\">T\u016bris:<\/strong> 10 ml \/ 50 ml \/ 100 ml<strong>\u00a0<\/strong><\/p>\n","protected":false},"excerpt":{"rendered":"<p data-start=\"7219\" data-end=\"7288\"><span style=\"color: #ff0000;\"><strong data-start=\"7219\" data-end=\"7288\">pH Formula produkt\u0173 pristatymas galimas tik Estijos teritorijoje.<\/strong><\/span><\/p>\n<p data-start=\"7290\" data-end=\"7472\"><span style=\"color: #ff0000;\"><strong data-start=\"7290\" data-end=\"7297\">NB!<\/strong> Produkt\u0105 galima \u012fsigyti tik po specialisto konsultacijos. Skambinkite +372 58 500 171 arba ra\u0161ykite <a class=\"decorated-link cursor-pointer\" style=\"color: #ff0000;\" href=\"mailto:info@skinstudio.ee\" rel=\"noopener\" data-start=\"7398\" data-end=\"7416\">info@skinstudio.ee<\/a>. M\u016bs\u0173 konsultantai pad\u0117s jums \u012fsigyti \u0161\u012f prek\u0117s \u017eenkl\u0105.<\/span><\/p>\n<p data-start=\"7474\" data-end=\"7504\">Intensyviai atkuriantis kremas<\/p>\n<h2 data-start=\"7506\" data-end=\"7554\"><strong data-start=\"7506\" data-end=\"7554\">pH Formula &#8211; P.O.S.T. Recovery Cream Savyb\u0117s<\/strong><\/h2>\n<p data-start=\"7556\" data-end=\"7792\">\u2714\ufe0f Greitai ma\u017eina paraudim\u0105 ir deginimo poj\u016bt\u012f<br data-start=\"7602\" data-end=\"7605\" \/>\u2714\ufe0f Paspartina odos atsistatym\u0105 po proced\u016br\u0173<br data-start=\"7648\" data-end=\"7651\" \/>\u2714\ufe0f Stiprina odos barjer\u0105 ir ma\u017eina jautrum\u0105<br data-start=\"7694\" data-end=\"7697\" \/>\u2714\ufe0f Giliai dr\u0117kina ir pa\u0161alina tempimo poj\u016bt\u012f<br data-start=\"7741\" data-end=\"7744\" \/>\u2714\ufe0f Padaro od\u0105 ramesn\u0119, lygesn\u0119 ir komforti\u0161kesn\u0119<\/p>\n","protected":false},"featured_media":64861,"template":"","meta":[],"pwb-brand":[779],"product_brand":[],"product_cat":[738,746,654,748,754],"product_tag":[],"giftcard-category":[],"class_list":{"0":"post-77814","1":"product","2":"type-product","3":"status-publish","4":"has-post-thumbnail","6":"pwb-brand-ph-formula","7":"product_cat-drekinimas","8":"product_cat-jautriai-odai","9":"product_cat-ph-formula-lt","10":"product_cat-taukainai-adai-lt","11":"product_cat-travel-size-lt","12":"pa_suurus-100ml-lt","13":"pa_suurus-10ml-lt","14":"pa_suurus-50ml-lt","16":"first","17":"instock","18":"taxable","19":"shipping-taxable","20":"purchasable","21":"product-type-variable"},"acf":[],"brands":[{"id":779,"name":"pH Formula","slug":"ph-formula"}],"_links":{"self":[{"href":"https:\/\/skinstudio.ee\/lt\/wp-json\/wp\/v2\/product\/77814","targetHints":{"allow":["GET"]}}],"collection":[{"href":"https:\/\/skinstudio.ee\/lt\/wp-json\/wp\/v2\/product"}],"about":[{"href":"https:\/\/skinstudio.ee\/lt\/wp-json\/wp\/v2\/types\/product"}],"version-history":[{"count":2,"href":"https:\/\/skinstudio.ee\/lt\/wp-json\/wp\/v2\/product\/77814\/revisions"}],"predecessor-version":[{"id":83688,"href":"https:\/\/skinstudio.ee\/lt\/wp-json\/wp\/v2\/product\/77814\/revisions\/83688"}],"wp:featuredmedia":[{"embeddable":true,"href":"https:\/\/skinstudio.ee\/lt\/wp-json\/wp\/v2\/media\/64861"}],"wp:attachment":[{"href":"https:\/\/skinstudio.ee\/lt\/wp-json\/wp\/v2\/media?parent=77814"}],"wp:term":[{"taxonomy":"pwb-brand","embeddable":true,"href":"https:\/\/skinstudio.ee\/lt\/wp-json\/wp\/v2\/pwb-brand?post=77814"},{"taxonomy":"product_brand","embeddable":true,"href":"https:\/\/skinstudio.ee\/lt\/wp-json\/wp\/v2\/product_brand?post=77814"},{"taxonomy":"product_cat","embeddable":true,"href":"https:\/\/skinstudio.ee\/lt\/wp-json\/wp\/v2\/product_cat?post=77814"},{"taxonomy":"product_tag","embeddable":true,"href":"https:\/\/skinstudio.ee\/lt\/wp-json\/wp\/v2\/product_tag?post=77814"},{"taxonomy":"giftcard-category","embeddable":true,"href":"https:\/\/skinstudio.ee\/lt\/wp-json\/wp\/v2\/giftcard-category?post=77814"}],"curies":[{"name":"wp","href":"https:\/\/api.w.org\/{rel}","templated":true}]}}