{"id":77828,"date":"2025-05-07T08:35:20","date_gmt":"2025-05-07T08:35:20","guid":{"rendered":"https:\/\/skinstudio.ee\/?post_type=product&#038;p=77828"},"modified":"2026-02-13T15:29:05","modified_gmt":"2026-02-13T15:29:05","slug":"c-c-cream-spf30","status":"publish","type":"product","link":"https:\/\/skinstudio.ee\/lt\/catalog\/ph-formula\/c-c-cream-spf30\/","title":{"rendered":"C.C. Cream SPF30"},"content":{"rendered":"<p data-start=\"7896\" data-end=\"8272\"><strong data-start=\"7896\" data-end=\"7942\">C.C. Cream SPF30 (Medium) nuo pH Formula<\/strong> &#8211; tai daugiafunkcis ton\u0105 koreguojantis kremas su auk\u0161ta apsauga nuo saul\u0117s, skirtas naudoti odos atsistatymo laikotarpiu ir esant padid\u0117jusiam jautrumui. Jis padeda suvienodinti odos atspalv\u012f, pasl\u0117pti paraudimus ir netobulumus, kartu apsaugodamas od\u0105 nuo UVA ir UVB spinduli\u0173, kurie spartina odos sen\u0117jim\u0105 ir l\u0117tina atsistatym\u0105.<\/p>\n<p data-start=\"8274\" data-end=\"8572\">Kremas idealiai tinka naudoti po profesionali\u0173 proced\u016br\u0173, \u012fskaitant lengvus ir vidutinius cheminius pilingus, lazerines proced\u016bras, IPL ir lazerin\u0119 epiliacij\u0105. Jis palaiko od\u0105 atsistatymo metu, padeda i\u0161laikyti komfort\u0105, ma\u017eina paraudim\u0105 ir apsaugo proced\u016br\u0173 rezultatus nuo \u017ealingo saul\u0117s poveikio.<\/p>\n<p data-start=\"8574\" data-end=\"8623\"><strong data-start=\"8574\" data-end=\"8621\">Pagrindini\u0173 aktyvi\u0173j\u0173 ingredient\u0173 poveikis:<\/strong><\/p>\n<ul data-start=\"8624\" data-end=\"9063\">\n<li data-start=\"8624\" data-end=\"8778\">\n<p data-start=\"8626\" data-end=\"8778\"><strong data-start=\"8626\" data-end=\"8646\">UVA\/UVB filtrai:<\/strong> u\u017etikrina patikim\u0105 kasdien\u0119 apsaug\u0105 nuo fotosen\u0117jimo ir padeda i\u0161vengti pigmentacijos bei odos pa\u017eeidim\u0173 atsistatymo laikotarpiu.<\/p>\n<\/li>\n<li data-start=\"8779\" data-end=\"8917\">\n<p data-start=\"8781\" data-end=\"8917\"><strong data-start=\"8781\" data-end=\"8825\">Niacinamidas ir raminamieji komponentai:<\/strong> padeda suma\u017einti paraudim\u0105, nuraminti reaktyvi\u0105 od\u0105 ir palaikyti tolygesn\u012f odos atspalv\u012f.<\/p>\n<\/li>\n<li data-start=\"8918\" data-end=\"9063\">\n<p data-start=\"8920\" data-end=\"9063\"><strong data-start=\"8920\" data-end=\"8948\">Dr\u0117kinamasis kompleksas:<\/strong> palaiko optimal\u0173 dr\u0117gm\u0117s lyg\u012f, apsaugo nuo tempimo poj\u016b\u010dio ir padeda odai atrodyti glotnesnei bei komforti\u0161kesnei.<\/p>\n<\/li>\n<\/ul>\n<p data-start=\"9065\" data-end=\"9122\">Tinka vis\u0173 tip\u0173 odai, ypa\u010d po proced\u016br\u0173 ir jautriai odai.<\/p>\n<p data-start=\"9124\" data-end=\"9144\"><strong data-start=\"9124\" data-end=\"9134\">T\u016bris:<\/strong> <strong data-start=\"9135\" data-end=\"9144\">50 ml<\/strong><\/p>\n","protected":false},"excerpt":{"rendered":"<p data-start=\"9764\" data-end=\"9833\"><span style=\"color: #ff0000;\"><strong data-start=\"9764\" data-end=\"9833\">pH Formula produkt\u0173 pristatymas galimas tik Estijos teritorijoje.<\/strong><\/span><\/p>\n<p data-start=\"9835\" data-end=\"10017\"><span style=\"color: #ff0000;\"><strong data-start=\"9835\" data-end=\"9842\">NB!<\/strong> Produkt\u0105 galima \u012fsigyti tik po specialisto konsultacijos. Skambinkite +372 58 500 171 arba ra\u0161ykite <a class=\"decorated-link cursor-pointer\" style=\"color: #ff0000;\" href=\"mailto:info@skinstudio.ee\" rel=\"noopener\" data-start=\"9943\" data-end=\"9961\">info@skinstudio.ee<\/a>. M\u016bs\u0173 konsultantai pad\u0117s jums \u012fsigyti \u0161\u012f prek\u0117s \u017eenkl\u0105.<\/span><\/p>\n<p data-start=\"10019\" data-end=\"10063\">Ton\u0105 koreguojantis vandeniui atsparus kremas<\/p>\n<h2 data-start=\"10065\" data-end=\"10108\"><strong data-start=\"10065\" data-end=\"10108\">pH Formula &#8211; C.C. Cream SPF30 Savyb\u0117s<\/strong><\/h2>\n<p data-start=\"10110\" data-end=\"10353\">\u2714\ufe0f Suvienodina odos atspalv\u012f ir maskuoja paraudimus bei netobulumus<br data-start=\"10177\" data-end=\"10180\" \/>\u2714\ufe0f U\u017etikrina patikim\u0105 UVA ir UVB apsaug\u0105<br data-start=\"10220\" data-end=\"10223\" \/>\u2714\ufe0f Idealiai tinka po piling\u0173 ir proced\u016br\u0173<br data-start=\"10264\" data-end=\"10267\" \/>\u2714\ufe0f Ramina od\u0105 ir ma\u017eina jos reaktyvum\u0105<br data-start=\"10305\" data-end=\"10308\" \/>\u2714\ufe0f I\u0161laiko komfort\u0105, dr\u0117gm\u0119 ir odos barjer\u0105<\/p>\n","protected":false},"featured_media":64866,"template":"","meta":[],"pwb-brand":[779],"product_brand":[],"product_cat":[771,654,732],"product_tag":[],"giftcard-category":[],"class_list":{"0":"post-77828","1":"product","2":"type-product","3":"status-publish","4":"has-post-thumbnail","6":"pwb-brand-ph-formula","7":"product_cat-makiazas","8":"product_cat-ph-formula-lt","9":"product_cat-spf-apsauga","10":"pa_suurus-dark-lt","11":"pa_suurus-light-lt","12":"pa_suurus-light-medium-lt","13":"pa_suurus-medium-lt","15":"first","16":"instock","17":"sale","18":"taxable","19":"shipping-taxable","20":"purchasable","21":"product-type-variable"},"acf":[],"brands":[{"id":779,"name":"pH Formula","slug":"ph-formula"}],"_links":{"self":[{"href":"https:\/\/skinstudio.ee\/lt\/wp-json\/wp\/v2\/product\/77828","targetHints":{"allow":["GET"]}}],"collection":[{"href":"https:\/\/skinstudio.ee\/lt\/wp-json\/wp\/v2\/product"}],"about":[{"href":"https:\/\/skinstudio.ee\/lt\/wp-json\/wp\/v2\/types\/product"}],"version-history":[{"count":1,"href":"https:\/\/skinstudio.ee\/lt\/wp-json\/wp\/v2\/product\/77828\/revisions"}],"predecessor-version":[{"id":77833,"href":"https:\/\/skinstudio.ee\/lt\/wp-json\/wp\/v2\/product\/77828\/revisions\/77833"}],"wp:featuredmedia":[{"embeddable":true,"href":"https:\/\/skinstudio.ee\/lt\/wp-json\/wp\/v2\/media\/64866"}],"wp:attachment":[{"href":"https:\/\/skinstudio.ee\/lt\/wp-json\/wp\/v2\/media?parent=77828"}],"wp:term":[{"taxonomy":"pwb-brand","embeddable":true,"href":"https:\/\/skinstudio.ee\/lt\/wp-json\/wp\/v2\/pwb-brand?post=77828"},{"taxonomy":"product_brand","embeddable":true,"href":"https:\/\/skinstudio.ee\/lt\/wp-json\/wp\/v2\/product_brand?post=77828"},{"taxonomy":"product_cat","embeddable":true,"href":"https:\/\/skinstudio.ee\/lt\/wp-json\/wp\/v2\/product_cat?post=77828"},{"taxonomy":"product_tag","embeddable":true,"href":"https:\/\/skinstudio.ee\/lt\/wp-json\/wp\/v2\/product_tag?post=77828"},{"taxonomy":"giftcard-category","embeddable":true,"href":"https:\/\/skinstudio.ee\/lt\/wp-json\/wp\/v2\/giftcard-category?post=77828"}],"curies":[{"name":"wp","href":"https:\/\/api.w.org\/{rel}","templated":true}]}}