{"id":77839,"date":"2025-04-11T14:15:17","date_gmt":"2025-04-11T14:15:17","guid":{"rendered":"https:\/\/skinstudio.ee\/?post_type=product&#038;p=77839"},"modified":"2026-02-13T15:29:24","modified_gmt":"2026-02-13T15:29:24","slug":"u-v-protect-spf-30","status":"publish","type":"product","link":"https:\/\/skinstudio.ee\/lt\/catalog\/ph-formula\/u-v-protect-spf-30\/","title":{"rendered":"U.V. Protect SPF 30"},"content":{"rendered":"<p data-start=\"7700\" data-end=\"8023\"><strong data-start=\"7700\" data-end=\"7738\">U.V. Protect SPF 30 nuo pH Formula<\/strong> &#8211; tai plataus spektro apsauginis kremas nuo saul\u0117s, u\u017etikrinantis auk\u0161t\u0105 apsaug\u0105 nuo UVA ir UVB spinduli\u0173 odos padid\u0117jusio jautrumo ir atsistatymo laikotarpiu. Produktas padeda apsaugoti od\u0105 nuo fotopa\u017eeidim\u0173, palaiko komfort\u0105 ir padeda i\u0161laikyti od\u0105 sudr\u0117kint\u0105 bei matin\u0119 vis\u0105 dien\u0105.<\/p>\n<p data-start=\"8025\" data-end=\"8268\">Formul\u0117 sukurta atsi\u017evelgiant \u012f odos poreikius po proced\u016br\u0173 ir esant aktyviai saul\u0117s spinduliuotei. Kremas padeda suma\u017einti paraudimo ir sudirginimo rizik\u0105, palaiko odos elastingum\u0105 ir padeda atkurti optimal\u0173 dr\u0117gm\u0117s lyg\u012f neapsunkindamas odos.<\/p>\n<p data-start=\"8270\" data-end=\"8319\"><strong data-start=\"8270\" data-end=\"8317\">Pagrindini\u0173 aktyvi\u0173j\u0173 ingredient\u0173 poveikis:<\/strong><\/p>\n<ul data-start=\"8320\" data-end=\"8773\">\n<li data-start=\"8320\" data-end=\"8457\">\n<p data-start=\"8322\" data-end=\"8457\"><strong data-start=\"8322\" data-end=\"8358\">Plataus spektro UVA\/UVB filtrai:<\/strong> u\u017etikrina patikim\u0105 fotoprotekcij\u0105 ir padeda i\u0161vengti odos bei DNR pa\u017eeidim\u0173 d\u0117l saul\u0117s poveikio.<\/p>\n<\/li>\n<li data-start=\"8458\" data-end=\"8630\">\n<p data-start=\"8460\" data-end=\"8630\"><strong data-start=\"8460\" data-end=\"8484\">Er\u0161k\u0117tuogi\u0173 aliejus:<\/strong> turtingas antioksidantais ir nepakei\u010diamomis riebal\u0173 r\u016bg\u0161timis, palaiko odos elastingum\u0105, padeda ma\u017einti paraudim\u0105 ir skatina odos atsistatym\u0105.<\/p>\n<\/li>\n<li data-start=\"8631\" data-end=\"8773\">\n<p data-start=\"8633\" data-end=\"8773\"><strong data-start=\"8633\" data-end=\"8683\">Bisabololis ir hidrolizuotas kvie\u010di\u0173 baltymas:<\/strong> ramina od\u0105, padeda ma\u017einti sudirginim\u0105 ir sukuria apsaugin\u0119 pl\u0117vel\u0119 papildomam komfortui.<\/p>\n<\/li>\n<\/ul>\n<p data-start=\"8775\" data-end=\"8864\">Tinka vis\u0173 tip\u0173 odai, ypa\u010d atsistatymo laikotarpiu, po proced\u016br\u0173 ir saulei jautriai odai.<\/p>\n<p data-start=\"8866\" data-end=\"8886\"><strong data-start=\"8866\" data-end=\"8876\">T\u016bris:<\/strong> <strong data-start=\"8877\" data-end=\"8886\">50 ml<\/strong><\/p>\n","protected":false},"excerpt":{"rendered":"<p data-start=\"9560\" data-end=\"9629\"><span style=\"color: #ff0000;\"><strong data-start=\"9560\" data-end=\"9629\">pH Formula produkt\u0173 pristatymas galimas tik Estijos teritorijoje.<\/strong><\/span><\/p>\n<p data-start=\"9631\" data-end=\"9813\"><span style=\"color: #ff0000;\"><strong data-start=\"9631\" data-end=\"9638\">NB!<\/strong> Produkt\u0105 galima \u012fsigyti tik po specialisto konsultacijos. Skambinkite +372 58 500 171 arba ra\u0161ykite <a class=\"decorated-link cursor-pointer\" style=\"color: #ff0000;\" href=\"mailto:info@skinstudio.ee\" rel=\"noopener\" data-start=\"9739\" data-end=\"9757\">info@skinstudio.ee<\/a>. M\u016bs\u0173 konsultantai pad\u0117s jums \u012fsigyti \u0161\u012f prek\u0117s \u017eenkl\u0105.<\/span><\/p>\n<p data-start=\"9815\" data-end=\"9859\">Plataus spektro apsauginis kremas nuo saul\u0117s<\/p>\n<h2 data-start=\"9861\" data-end=\"9905\"><strong data-start=\"9861\" data-end=\"9905\">pH Formula &#8211; U.V. Protect SPF 30 Savyb\u0117s<\/strong><\/h2>\n<p data-start=\"9907\" data-end=\"10168\">\u2714\ufe0f U\u017etikrina auk\u0161t\u0105 apsaug\u0105 nuo UVA ir UVB spinduli\u0173<br data-start=\"9959\" data-end=\"9962\" \/>\u2714\ufe0f Padeda i\u0161vengti fotopa\u017eeidim\u0173 ir odos streso<br data-start=\"10009\" data-end=\"10012\" \/>\u2714\ufe0f Ramina od\u0105 ir ma\u017eina paraudimo rizik\u0105<br data-start=\"10052\" data-end=\"10055\" \/>\u2714\ufe0f Palaiko odos elastingum\u0105 ir optimal\u0173 dr\u0117gm\u0117s lyg\u012f<br data-start=\"10107\" data-end=\"10110\" \/>\u2714\ufe0f Tinka naudoti atsistatymo laikotarpiu ir po proced\u016br\u0173<\/p>\n","protected":false},"featured_media":64871,"template":"","meta":[],"pwb-brand":[779],"product_brand":[],"product_cat":[654,732],"product_tag":[],"giftcard-category":[],"class_list":{"0":"post-77839","1":"product","2":"type-product","3":"status-publish","4":"has-post-thumbnail","6":"pwb-brand-ph-formula","7":"product_cat-ph-formula-lt","8":"product_cat-spf-apsauga","10":"first","11":"instock","12":"sale","13":"taxable","14":"shipping-taxable","15":"purchasable","16":"product-type-simple"},"acf":[],"brands":[{"id":779,"name":"pH Formula","slug":"ph-formula"}],"_links":{"self":[{"href":"https:\/\/skinstudio.ee\/lt\/wp-json\/wp\/v2\/product\/77839","targetHints":{"allow":["GET"]}}],"collection":[{"href":"https:\/\/skinstudio.ee\/lt\/wp-json\/wp\/v2\/product"}],"about":[{"href":"https:\/\/skinstudio.ee\/lt\/wp-json\/wp\/v2\/types\/product"}],"version-history":[{"count":1,"href":"https:\/\/skinstudio.ee\/lt\/wp-json\/wp\/v2\/product\/77839\/revisions"}],"predecessor-version":[{"id":77840,"href":"https:\/\/skinstudio.ee\/lt\/wp-json\/wp\/v2\/product\/77839\/revisions\/77840"}],"wp:featuredmedia":[{"embeddable":true,"href":"https:\/\/skinstudio.ee\/lt\/wp-json\/wp\/v2\/media\/64871"}],"wp:attachment":[{"href":"https:\/\/skinstudio.ee\/lt\/wp-json\/wp\/v2\/media?parent=77839"}],"wp:term":[{"taxonomy":"pwb-brand","embeddable":true,"href":"https:\/\/skinstudio.ee\/lt\/wp-json\/wp\/v2\/pwb-brand?post=77839"},{"taxonomy":"product_brand","embeddable":true,"href":"https:\/\/skinstudio.ee\/lt\/wp-json\/wp\/v2\/product_brand?post=77839"},{"taxonomy":"product_cat","embeddable":true,"href":"https:\/\/skinstudio.ee\/lt\/wp-json\/wp\/v2\/product_cat?post=77839"},{"taxonomy":"product_tag","embeddable":true,"href":"https:\/\/skinstudio.ee\/lt\/wp-json\/wp\/v2\/product_tag?post=77839"},{"taxonomy":"giftcard-category","embeddable":true,"href":"https:\/\/skinstudio.ee\/lt\/wp-json\/wp\/v2\/giftcard-category?post=77839"}],"curies":[{"name":"wp","href":"https:\/\/api.w.org\/{rel}","templated":true}]}}