{"id":77848,"date":"2025-04-11T13:55:13","date_gmt":"2025-04-11T13:55:13","guid":{"rendered":"https:\/\/skinstudio.ee\/?post_type=product&#038;p=77848"},"modified":"2026-02-13T15:29:06","modified_gmt":"2026-02-13T15:29:06","slug":"compact-foundation-spf-50","status":"publish","type":"product","link":"https:\/\/skinstudio.ee\/lt\/catalog\/ph-formula\/compact-foundation-spf-50\/","title":{"rendered":"Compact Foundation SPF 50"},"content":{"rendered":"<p data-start=\"6285\" data-end=\"6606\"><strong data-start=\"6285\" data-end=\"6329\">Compact Foundation SPF 50 nuo pH Formula<\/strong> &#8211; tai kompaktin\u0117 tonin\u0117 pudra su auk\u0161ta apsauga nuo saul\u0117s, sujungianti odos tono suvienodinim\u0105, nat\u016bral\u0173 padengim\u0105 ir patikim\u0105 apsaug\u0105 nuo saul\u0117s. Lengva kremin\u0117 tekst\u016bra tolygiai pasiskirsto ant odos, prisitaiko prie jos atspalvio, nesukuria kauk\u0117s efekto ir neu\u017ekem\u0161a por\u0173.<\/p>\n<p data-start=\"6608\" data-end=\"6840\">Priemon\u0117 u\u017etikrina ilgalaik\u012f padengim\u0105 vis\u0105 dien\u0105, vizualiai suvienodina odos ton\u0105 ir suteikia odai tvarkingesn\u0119 i\u0161vaizd\u0105. Plataus spektro SPF 50 saugo od\u0105 nuo UVA ir UVB spinduli\u0173, i\u0161laikydamas komfort\u0105 net ir ilgai d\u0117vint makia\u017e\u0105.<\/p>\n<p data-start=\"6842\" data-end=\"6891\"><strong data-start=\"6842\" data-end=\"6889\">Pagrindini\u0173 aktyvi\u0173j\u0173 ingredient\u0173 poveikis:<\/strong><\/p>\n<ul data-start=\"6892\" data-end=\"7246\">\n<li data-start=\"6892\" data-end=\"7002\">\n<p data-start=\"6894\" data-end=\"7002\"><strong data-start=\"6894\" data-end=\"6930\">Plataus spektro UVA\/UVB filtrai:<\/strong> u\u017etikrina auk\u0161t\u0105 apsaug\u0105 nuo fotosen\u0117jimo ir \u017ealingo saul\u0117s poveikio.<\/p>\n<\/li>\n<li data-start=\"7003\" data-end=\"7121\">\n<p data-start=\"7005\" data-end=\"7121\"><strong data-start=\"7005\" data-end=\"7036\">Palmitoilhek\u00adsapeptidas-12:<\/strong> palaiko odos elastingum\u0105, padeda vizualiai i\u0161lyginti od\u0105 ir stiprina odos barjer\u0105.<\/p>\n<\/li>\n<li data-start=\"7122\" data-end=\"7246\">\n<p data-start=\"7124\" data-end=\"7246\"><strong data-start=\"7124\" data-end=\"7140\">Vitaminas E:<\/strong> suteikia antioksidacin\u0119 apsaug\u0105, padeda odai atsispirti aplinkos poveikiui ir palaiko sveikesn\u0119 i\u0161vaizd\u0105.<\/p>\n<\/li>\n<\/ul>\n<p data-start=\"7248\" data-end=\"7362\">Tinka vis\u0173 tip\u0173 odai, ypa\u010d odai, kuriai reikia tolygaus tono, apsaugos nuo saul\u0117s ir patogaus kasdienio padengimo.<\/p>\n<p data-start=\"7364\" data-end=\"7383\"><strong data-start=\"7364\" data-end=\"7374\">T\u016bris:<\/strong> <strong data-start=\"7375\" data-end=\"7383\">10 g<\/strong><\/p>\n","protected":false},"excerpt":{"rendered":"<p data-start=\"7653\" data-end=\"7722\"><span style=\"color: #ff0000;\"><strong data-start=\"7653\" data-end=\"7722\">pH Formula produkt\u0173 pristatymas galimas tik Estijos teritorijoje.<\/strong><\/span><\/p>\n<p data-start=\"7724\" data-end=\"7906\"><span style=\"color: #ff0000;\"><strong data-start=\"7724\" data-end=\"7731\">NB!<\/strong> Produkt\u0105 galima \u012fsigyti tik po specialisto konsultacijos. Skambinkite +372 58 500 171 arba ra\u0161ykite <a class=\"decorated-link cursor-pointer\" style=\"color: #ff0000;\" href=\"mailto:info@skinstudio.ee\" rel=\"noopener\" data-start=\"7832\" data-end=\"7850\">info@skinstudio.ee<\/a>. M\u016bs\u0173 konsultantai pad\u0117s jums \u012fsigyti \u0161\u012f prek\u0117s \u017eenkl\u0105.<\/span><\/p>\n<p data-start=\"7908\" data-end=\"7938\">Kompaktin\u0117 tonin\u0117 pudra su SPF<\/p>\n<h2 data-start=\"7940\" data-end=\"7990\"><strong data-start=\"7940\" data-end=\"7990\">pH Formula &#8211; Compact Foundation SPF 50 Savyb\u0117s<\/strong><\/h2>\n<p data-start=\"7992\" data-end=\"8203\">\u2714\ufe0f Suvienodina odos atspalv\u012f ir pagerina bendr\u0105 i\u0161vaizd\u0105<br data-start=\"8048\" data-end=\"8051\" \/>\u2714\ufe0f U\u017etikrina auk\u0161t\u0105 UVA ir UVB apsaug\u0105<br data-start=\"8089\" data-end=\"8092\" \/>\u2714\ufe0f Maskuoja netobulumus ir nelygumus<br data-start=\"8128\" data-end=\"8131\" \/>\u2714\ufe0f Neu\u017ekem\u0161a por\u0173 ir neapsunkina odos<br data-start=\"8168\" data-end=\"8171\" \/>\u2714\ufe0f Tinka kasdieniam naudojimui<\/p>\n","protected":false},"featured_media":64876,"template":"","meta":[],"pwb-brand":[779],"product_brand":[],"product_cat":[771,654,732],"product_tag":[],"giftcard-category":[],"class_list":{"0":"post-77848","1":"product","2":"type-product","3":"status-publish","4":"has-post-thumbnail","6":"pwb-brand-ph-formula","7":"product_cat-makiazas","8":"product_cat-ph-formula-lt","9":"product_cat-spf-apsauga","10":"pa_suurus-light-lt","11":"pa_suurus-medium-lt","13":"first","14":"instock","15":"sale","16":"taxable","17":"shipping-taxable","18":"purchasable","19":"product-type-variable"},"acf":[],"brands":[{"id":779,"name":"pH Formula","slug":"ph-formula"}],"_links":{"self":[{"href":"https:\/\/skinstudio.ee\/lt\/wp-json\/wp\/v2\/product\/77848","targetHints":{"allow":["GET"]}}],"collection":[{"href":"https:\/\/skinstudio.ee\/lt\/wp-json\/wp\/v2\/product"}],"about":[{"href":"https:\/\/skinstudio.ee\/lt\/wp-json\/wp\/v2\/types\/product"}],"version-history":[{"count":1,"href":"https:\/\/skinstudio.ee\/lt\/wp-json\/wp\/v2\/product\/77848\/revisions"}],"predecessor-version":[{"id":77851,"href":"https:\/\/skinstudio.ee\/lt\/wp-json\/wp\/v2\/product\/77848\/revisions\/77851"}],"wp:featuredmedia":[{"embeddable":true,"href":"https:\/\/skinstudio.ee\/lt\/wp-json\/wp\/v2\/media\/64876"}],"wp:attachment":[{"href":"https:\/\/skinstudio.ee\/lt\/wp-json\/wp\/v2\/media?parent=77848"}],"wp:term":[{"taxonomy":"pwb-brand","embeddable":true,"href":"https:\/\/skinstudio.ee\/lt\/wp-json\/wp\/v2\/pwb-brand?post=77848"},{"taxonomy":"product_brand","embeddable":true,"href":"https:\/\/skinstudio.ee\/lt\/wp-json\/wp\/v2\/product_brand?post=77848"},{"taxonomy":"product_cat","embeddable":true,"href":"https:\/\/skinstudio.ee\/lt\/wp-json\/wp\/v2\/product_cat?post=77848"},{"taxonomy":"product_tag","embeddable":true,"href":"https:\/\/skinstudio.ee\/lt\/wp-json\/wp\/v2\/product_tag?post=77848"},{"taxonomy":"giftcard-category","embeddable":true,"href":"https:\/\/skinstudio.ee\/lt\/wp-json\/wp\/v2\/giftcard-category?post=77848"}],"curies":[{"name":"wp","href":"https:\/\/api.w.org\/{rel}","templated":true}]}}