{"id":77857,"date":"2025-04-11T12:38:34","date_gmt":"2025-04-11T12:38:34","guid":{"rendered":"https:\/\/skinstudio.ee\/?post_type=product&#038;p=77857"},"modified":"2026-02-13T15:29:27","modified_gmt":"2026-02-13T15:29:27","slug":"vita-a-rejuvenating-mask","status":"publish","type":"product","link":"https:\/\/skinstudio.ee\/lt\/catalog\/ph-formula\/vita-a-rejuvenating-mask\/","title":{"rendered":"VITA A Rejuvenating Mask"},"content":{"rendered":"<p data-start=\"5955\" data-end=\"6254\"><strong data-start=\"5955\" data-end=\"5998\">VITA A Rejuvenating Mask nuo pH Formula<\/strong> &#8211; tai intensyviai atnaujinanti kauk\u0117, skirta paspartinti odos atsinaujinim\u0105, pagerinti elastingum\u0105 ir pakelti bendr\u0105 odos kokyb\u0119. Kauk\u0117 padeda odai atrodyti lygesnei, gaivesnei ir stangresnei, suteikdama atnaujint\u0105 ir pri\u017ei\u016br\u0117t\u0105 i\u0161vaizd\u0105 jau po naudojimo.<\/p>\n<p data-start=\"6256\" data-end=\"6511\">Kremin\u0117 tekst\u016bra \u0161velniai puosel\u0117ja od\u0105, ma\u017eina nuovargio ir streso po\u017eymius, padeda i\u0161lyginti odos tekst\u016br\u0105 ir suteikia veidui daugiau spindesio. Formul\u0117 skirta pagerinti elastingum\u0105, odos tank\u012f ir vizualiai suma\u017einti sen\u0117jimo bei fotopa\u017eeidim\u0173 po\u017eymius.<\/p>\n<p data-start=\"6513\" data-end=\"6562\"><strong data-start=\"6513\" data-end=\"6560\">Pagrindini\u0173 aktyvi\u0173j\u0173 ingredient\u0173 poveikis:<\/strong><\/p>\n<ul data-start=\"6563\" data-end=\"6967\">\n<li data-start=\"6563\" data-end=\"6703\">\n<p data-start=\"6565\" data-end=\"6703\"><strong data-start=\"6565\" data-end=\"6597\">Mikrokapsuliuotas retinolis:<\/strong> skatina l\u0105steli\u0173 atsinaujinim\u0105, padeda i\u0161lyginti od\u0105 ir gerina tekst\u016br\u0105, stangrum\u0105 bei bendr\u0105 atspalv\u012f.<\/p>\n<\/li>\n<li data-start=\"6704\" data-end=\"6822\">\n<p data-start=\"6706\" data-end=\"6822\"><strong data-start=\"6706\" data-end=\"6729\">Biosacharid\u0173 derva:<\/strong> padeda pritraukti ir sulaikyti tar\u0161os daleles, palaikydama \u0161varios ir gaivios odos poj\u016bt\u012f.<\/p>\n<\/li>\n<li data-start=\"6823\" data-end=\"6967\">\n<p data-start=\"6825\" data-end=\"6967\"><strong data-start=\"6825\" data-end=\"6873\">Antioksidant\u0173 kompleksas (vitaminai E ir C):<\/strong> padeda apsaugoti od\u0105 nuo oksidacinio streso ir palaiko sveikesn\u0119, labiau spindin\u010di\u0105 i\u0161vaizd\u0105.<\/p>\n<\/li>\n<\/ul>\n<p data-start=\"6969\" data-end=\"7078\">Tinka odai su nuovargio po\u017eymiais, elastingumo praradimu, nelygia tekst\u016bra ir pirmaisiais sen\u0117jimo po\u017eymiais.<\/p>\n<p data-start=\"7080\" data-end=\"7100\"><strong data-start=\"7080\" data-end=\"7090\">T\u016bris:<\/strong> <strong data-start=\"7091\" data-end=\"7100\">50 ml<\/strong><\/p>\n","protected":false},"excerpt":{"rendered":"<p data-start=\"7242\" data-end=\"7311\"><span style=\"color: #ff0000;\"><strong data-start=\"7242\" data-end=\"7311\">pH Formula produkt\u0173 pristatymas galimas tik Estijos teritorijoje.<\/strong><\/span><\/p>\n<p data-start=\"7313\" data-end=\"7495\"><span style=\"color: #ff0000;\"><strong data-start=\"7313\" data-end=\"7320\">NB!<\/strong> Produkt\u0105 galima \u012fsigyti tik po specialisto konsultacijos. Skambinkite +372 58 500 171 arba ra\u0161ykite <a class=\"decorated-link cursor-pointer\" style=\"color: #ff0000;\" href=\"mailto:info@skinstudio.ee\" rel=\"noopener\" data-start=\"7421\" data-end=\"7439\">info@skinstudio.ee<\/a>. M\u016bs\u0173 konsultantai pad\u0117s jums \u012fsigyti \u0161\u012f prek\u0117s \u017eenkl\u0105.<\/span><\/p>\n<p data-start=\"7497\" data-end=\"7528\">Atnaujinanti kauk\u0117 su retinoliu<\/p>\n<h2 data-start=\"7530\" data-end=\"7579\"><strong data-start=\"7530\" data-end=\"7579\">pH Formula &#8211; VITA A Rejuvenating Mask Savyb\u0117s<\/strong><\/h2>\n<p data-start=\"7581\" data-end=\"7850\">\u2714\ufe0f Aktyviai atnaujina od\u0105 ir gerina jos tekst\u016br\u0105<br data-start=\"7629\" data-end=\"7632\" \/>\u2714\ufe0f Padaro od\u0105 lygesn\u0119, stangresn\u0119 ir elastingesn\u0119<br data-start=\"7681\" data-end=\"7684\" \/>\u2714\ufe0f Gerina odos atspalv\u012f ir suteikia spindesio<br data-start=\"7729\" data-end=\"7732\" \/>\u2714\ufe0f Padeda suma\u017einti rauk\u0161li\u0173 ir nuovargio po\u017eymi\u0173 matomum\u0105<br data-start=\"7790\" data-end=\"7793\" \/>\u2714\ufe0f Suteikia odai gaiv\u0173, pails\u0117jus\u012f ir pri\u017ei\u016br\u0117t\u0105 vaizd\u0105<\/p>\n","protected":false},"featured_media":64881,"template":"","meta":[],"pwb-brand":[779],"product_brand":[],"product_cat":[726,654,728],"product_tag":[],"giftcard-category":[],"class_list":{"0":"post-77857","1":"product","2":"type-product","3":"status-publish","4":"has-post-thumbnail","6":"pwb-brand-ph-formula","7":"product_cat-maskas-lt","8":"product_cat-ph-formula-lt","9":"product_cat-vitaminas-a-retinolis","11":"first","12":"instock","13":"sale","14":"taxable","15":"shipping-taxable","16":"purchasable","17":"product-type-simple"},"acf":[],"brands":[{"id":779,"name":"pH Formula","slug":"ph-formula"}],"_links":{"self":[{"href":"https:\/\/skinstudio.ee\/lt\/wp-json\/wp\/v2\/product\/77857","targetHints":{"allow":["GET"]}}],"collection":[{"href":"https:\/\/skinstudio.ee\/lt\/wp-json\/wp\/v2\/product"}],"about":[{"href":"https:\/\/skinstudio.ee\/lt\/wp-json\/wp\/v2\/types\/product"}],"version-history":[{"count":1,"href":"https:\/\/skinstudio.ee\/lt\/wp-json\/wp\/v2\/product\/77857\/revisions"}],"predecessor-version":[{"id":77858,"href":"https:\/\/skinstudio.ee\/lt\/wp-json\/wp\/v2\/product\/77857\/revisions\/77858"}],"wp:featuredmedia":[{"embeddable":true,"href":"https:\/\/skinstudio.ee\/lt\/wp-json\/wp\/v2\/media\/64881"}],"wp:attachment":[{"href":"https:\/\/skinstudio.ee\/lt\/wp-json\/wp\/v2\/media?parent=77857"}],"wp:term":[{"taxonomy":"pwb-brand","embeddable":true,"href":"https:\/\/skinstudio.ee\/lt\/wp-json\/wp\/v2\/pwb-brand?post=77857"},{"taxonomy":"product_brand","embeddable":true,"href":"https:\/\/skinstudio.ee\/lt\/wp-json\/wp\/v2\/product_brand?post=77857"},{"taxonomy":"product_cat","embeddable":true,"href":"https:\/\/skinstudio.ee\/lt\/wp-json\/wp\/v2\/product_cat?post=77857"},{"taxonomy":"product_tag","embeddable":true,"href":"https:\/\/skinstudio.ee\/lt\/wp-json\/wp\/v2\/product_tag?post=77857"},{"taxonomy":"giftcard-category","embeddable":true,"href":"https:\/\/skinstudio.ee\/lt\/wp-json\/wp\/v2\/giftcard-category?post=77857"}],"curies":[{"name":"wp","href":"https:\/\/api.w.org\/{rel}","templated":true}]}}