{"id":77867,"date":"2025-04-11T12:20:22","date_gmt":"2025-04-11T12:20:22","guid":{"rendered":"https:\/\/skinstudio.ee\/?post_type=product&#038;p=77867"},"modified":"2026-02-13T15:29:25","modified_gmt":"2026-02-13T15:29:25","slug":"v-i-t-a-a-24-hour-cream","status":"publish","type":"product","link":"https:\/\/skinstudio.ee\/lt\/catalog\/ph-formula\/v-i-t-a-a-24-hour-cream\/","title":{"rendered":"V.I.T.A. A 24-Hour Cream"},"content":{"rendered":"<p data-start=\"6448\" data-end=\"6781\"><strong data-start=\"6448\" data-end=\"6491\">V.I.T.A. A 24-Hour Cream nuo pH Formula<\/strong> &#8211; tai aktyvus prie\u0161rauk\u0161linis kremas su retinoliu, skirtas 24 valand\u0173 poveikiui, padedantis matomai atnaujinti od\u0105, pagerinti jos tekst\u016br\u0105 ir kovoti su foto- bei chronosen\u0117jimo po\u017eymiais. Formul\u0117 veikia odos kokyb\u0117s lygmeniu, pad\u0117dama jai atrodyti lygesnei, stangresnei ir jaunatvi\u0161kesnei.<\/p>\n<p data-start=\"6783\" data-end=\"7084\">Kremas skatina odos atsinaujinimo procesus, padeda suma\u017einti rauk\u0161li\u0173, pigmentacijos ir postakne \u017eymi\u0173 matomum\u0105 bei palaiko tolygesn\u012f ir labiau pri\u017ei\u016br\u0117t\u0105 odos atspalv\u012f. Formul\u0117 praturtinta ilgalaikio dr\u0117kinimo kompleksu, kuris padeda i\u0161laikyti komfort\u0105 ir odos apsaugines savybes vis\u0105 dien\u0105 ir nakt\u012f.<\/p>\n<p data-start=\"7086\" data-end=\"7135\"><strong data-start=\"7086\" data-end=\"7133\">Pagrindini\u0173 aktyvi\u0173j\u0173 ingredient\u0173 poveikis:<\/strong><\/p>\n<ul data-start=\"7136\" data-end=\"7549\">\n<li data-start=\"7136\" data-end=\"7293\">\n<p data-start=\"7138\" data-end=\"7293\"><strong data-start=\"7138\" data-end=\"7166\">Retinolis (vitaminas A):<\/strong> skatina l\u0105steli\u0173 atsinaujinim\u0105, padeda ma\u017einti rauk\u0161les, pigmentacij\u0105 ir odos nelygumus, gerina tekst\u016br\u0105 ir bendr\u0105 atspalv\u012f.<\/p>\n<\/li>\n<li data-start=\"7294\" data-end=\"7426\">\n<p data-start=\"7296\" data-end=\"7426\"><strong data-start=\"7296\" data-end=\"7337\">Skvalanas ir maitinamieji emolientai:<\/strong> palaiko odos \u0161velnum\u0105, ma\u017eina sausum\u0105 ir padeda i\u0161laikyti komfort\u0105 naudojant retinol\u012f.<\/p>\n<\/li>\n<li data-start=\"7427\" data-end=\"7549\">\n<p data-start=\"7429\" data-end=\"7549\"><strong data-start=\"7429\" data-end=\"7468\">24 valand\u0173 dr\u0117kinamasis kompleksas:<\/strong> u\u017etikrina ilgalaik\u012f dr\u0117kinim\u0105, palaiko odos barjer\u0105 ir gerina bendr\u0105 odos b\u016bkl\u0119.<\/p>\n<\/li>\n<\/ul>\n<p data-start=\"7551\" data-end=\"7634\">Rekomenduojamas odai su fotosen\u0117jimo ir am\u017eiaus po\u017eymiais. Neskirtas jautriai odai.<\/p>\n<p data-start=\"7636\" data-end=\"7664\"><strong data-start=\"7636\" data-end=\"7646\">T\u016bris:<\/strong> <strong data-start=\"7647\" data-end=\"7664\">20 ml \/ 50 ml<\/strong><\/p>\n","protected":false},"excerpt":{"rendered":"<p data-start=\"7882\" data-end=\"7951\"><span style=\"color: #ff0000;\"><strong data-start=\"7882\" data-end=\"7951\">pH Formula produkt\u0173 pristatymas galimas tik Estijos teritorijoje.<\/strong><\/span><\/p>\n<p data-start=\"7953\" data-end=\"8135\"><span style=\"color: #ff0000;\"><strong data-start=\"7953\" data-end=\"7960\">NB!<\/strong> Produkt\u0105 galima \u012fsigyti tik po specialisto konsultacijos. Skambinkite +372 58 500 171 arba ra\u0161ykite <a class=\"decorated-link cursor-pointer\" style=\"color: #ff0000;\" href=\"mailto:info@skinstudio.ee\" rel=\"noopener\" data-start=\"8061\" data-end=\"8079\">info@skinstudio.ee<\/a>. M\u016bs\u0173 konsultantai pad\u0117s jums \u012fsigyti \u0161\u012f prek\u0117s \u017eenkl\u0105.<\/span><\/p>\n<p data-start=\"8137\" data-end=\"8170\">Dr\u0117kinamasis kremas su vitaminu A<\/p>\n<h2 data-start=\"8172\" data-end=\"8221\"><strong data-start=\"8172\" data-end=\"8221\">pH Formula &#8211; V.I.T.A. A 24-Hour Cream Savyb\u0117s<\/strong><\/h2>\n<p data-start=\"8223\" data-end=\"8457\">\u2714\ufe0f Aktyviai atnaujina od\u0105 ir gerina jos tekst\u016br\u0105<br data-start=\"8271\" data-end=\"8274\" \/>\u2714\ufe0f Padeda suma\u017einti rauk\u0161les ir pigmentacij\u0105<br data-start=\"8318\" data-end=\"8321\" \/>\u2714\ufe0f Suvienodina odos atspalv\u012f ir glotnina od\u0105<br data-start=\"8365\" data-end=\"8368\" \/>\u2714\ufe0f Palaiko odos stangrum\u0105 ir elastingum\u0105<br data-start=\"8408\" data-end=\"8411\" \/>\u2714\ufe0f U\u017etikrina ilgalaik\u012f dr\u0117kinim\u0105 ir komfort\u0105<\/p>\n","protected":false},"featured_media":64887,"template":"","meta":[],"pwb-brand":[779],"product_brand":[],"product_cat":[654,728],"product_tag":[],"giftcard-category":[],"class_list":{"0":"post-77867","1":"product","2":"type-product","3":"status-publish","4":"has-post-thumbnail","6":"pwb-brand-ph-formula","7":"product_cat-ph-formula-lt","8":"product_cat-vitaminas-a-retinolis","9":"pa_suurus-20ml-lt","10":"pa_suurus-50ml-lt","12":"first","13":"instock","14":"sale","15":"taxable","16":"shipping-taxable","17":"purchasable","18":"product-type-variable"},"acf":[],"brands":[{"id":779,"name":"pH Formula","slug":"ph-formula"}],"_links":{"self":[{"href":"https:\/\/skinstudio.ee\/lt\/wp-json\/wp\/v2\/product\/77867","targetHints":{"allow":["GET"]}}],"collection":[{"href":"https:\/\/skinstudio.ee\/lt\/wp-json\/wp\/v2\/product"}],"about":[{"href":"https:\/\/skinstudio.ee\/lt\/wp-json\/wp\/v2\/types\/product"}],"version-history":[{"count":1,"href":"https:\/\/skinstudio.ee\/lt\/wp-json\/wp\/v2\/product\/77867\/revisions"}],"predecessor-version":[{"id":77870,"href":"https:\/\/skinstudio.ee\/lt\/wp-json\/wp\/v2\/product\/77867\/revisions\/77870"}],"wp:featuredmedia":[{"embeddable":true,"href":"https:\/\/skinstudio.ee\/lt\/wp-json\/wp\/v2\/media\/64887"}],"wp:attachment":[{"href":"https:\/\/skinstudio.ee\/lt\/wp-json\/wp\/v2\/media?parent=77867"}],"wp:term":[{"taxonomy":"pwb-brand","embeddable":true,"href":"https:\/\/skinstudio.ee\/lt\/wp-json\/wp\/v2\/pwb-brand?post=77867"},{"taxonomy":"product_brand","embeddable":true,"href":"https:\/\/skinstudio.ee\/lt\/wp-json\/wp\/v2\/product_brand?post=77867"},{"taxonomy":"product_cat","embeddable":true,"href":"https:\/\/skinstudio.ee\/lt\/wp-json\/wp\/v2\/product_cat?post=77867"},{"taxonomy":"product_tag","embeddable":true,"href":"https:\/\/skinstudio.ee\/lt\/wp-json\/wp\/v2\/product_tag?post=77867"},{"taxonomy":"giftcard-category","embeddable":true,"href":"https:\/\/skinstudio.ee\/lt\/wp-json\/wp\/v2\/giftcard-category?post=77867"}],"curies":[{"name":"wp","href":"https:\/\/api.w.org\/{rel}","templated":true}]}}