{"id":77876,"date":"2025-04-11T10:52:52","date_gmt":"2025-04-11T10:52:52","guid":{"rendered":"https:\/\/skinstudio.ee\/?post_type=product&#038;p=77876"},"modified":"2026-02-13T15:29:03","modified_gmt":"2026-02-13T15:29:03","slug":"a-g-e-serum","status":"publish","type":"product","link":"https:\/\/skinstudio.ee\/lt\/catalog\/ph-formula\/a-g-e-serum\/","title":{"rendered":"A.G.E. Serum"},"content":{"rendered":"<p data-start=\"6501\" data-end=\"6831\"><strong data-start=\"6501\" data-end=\"6532\">A.G.E. Serum nuo pH Formula<\/strong> &#8211; tai intensyviai atjauninantis serumas, padedantis pagerinti odos kokyb\u0119, padidinti jos stangrum\u0105 ir tank\u012f bei matomai suma\u017einti sen\u0117jimo po\u017eymius. Formul\u0117 veikia keliais lygiais: giliai dr\u0117kina, palaiko nat\u016brali\u0105 odos mikroflor\u0105 ir padeda odai atrodyti gaivesnei, lygesnei bei labiau pri\u017ei\u016br\u0117tai.<\/p>\n<p data-start=\"6833\" data-end=\"7109\">Serumas papildo dr\u0117gm\u0117s atsargas d\u0117l 4D hialurono r\u016bg\u0161ties komplekso ir palaiko odos \u201ejaunyst\u0117s metabolizm\u0105\u201c peptid\u0173 bei biotechnologini\u0173 ingredient\u0173 pagalba. Reguliariai naudojant oda tampa stangresn\u0117, atspalvis tolygesnis, o nuovargio ir streso po\u017eymiai pastebimai suma\u017e\u0117ja.<\/p>\n<p data-start=\"7111\" data-end=\"7160\"><strong data-start=\"7111\" data-end=\"7158\">Pagrindini\u0173 aktyvi\u0173j\u0173 ingredient\u0173 poveikis:<\/strong><\/p>\n<ul data-start=\"7161\" data-end=\"7655\">\n<li data-start=\"7161\" data-end=\"7313\">\n<p data-start=\"7163\" data-end=\"7313\"><strong data-start=\"7163\" data-end=\"7206\">Laukini\u0173 alyvuogi\u0173 kamienin\u0117s l\u0105stel\u0117s:<\/strong> padeda stiprinti od\u0105, didinti jos tank\u012f ir stangrum\u0105 bei ma\u017einti rauk\u0161li\u0173 gyl\u012f ir gerinti odos tekst\u016br\u0105.<\/p>\n<\/li>\n<li data-start=\"7314\" data-end=\"7478\">\n<p data-start=\"7316\" data-end=\"7478\"><strong data-start=\"7316\" data-end=\"7358\">Kombu\u010dia (fermentuota juodoji arbata):<\/strong> palaiko odos atsinaujinim\u0105, padeda kovoti su nuovargio po\u017eymiais, gerina odos atspalv\u012f ir suteikia daugiau spindesio.<\/p>\n<\/li>\n<li data-start=\"7479\" data-end=\"7655\">\n<p data-start=\"7481\" data-end=\"7655\"><strong data-start=\"7481\" data-end=\"7546\">4D hialurono r\u016bg\u0161ties kompleksas ir laktobakterij\u0173 fermentai:<\/strong> u\u017etikrina daugiapakop\u012f dr\u0117kinim\u0105, palaiko odos mikroflor\u0105 ir padeda i\u0161laikyti odos glotnum\u0105 bei elastingum\u0105.<\/p>\n<\/li>\n<\/ul>\n<p data-start=\"7657\" data-end=\"7741\">Tinka odai su sen\u0117jimo po\u017eymiais, nuovargiu, dehidratacija ir elastingumo praradimu.<\/p>\n<p data-start=\"7743\" data-end=\"7763\"><strong data-start=\"7743\" data-end=\"7753\">T\u016bris:<\/strong> <strong data-start=\"7754\" data-end=\"7763\">36 ml<\/strong><\/p>\n","protected":false},"excerpt":{"rendered":"<p data-start=\"7965\" data-end=\"8034\"><span style=\"color: #ff0000;\"><strong data-start=\"7965\" data-end=\"8034\">pH Formula produkt\u0173 pristatymas galimas tik Estijos teritorijoje.<\/strong><\/span><\/p>\n<p data-start=\"8036\" data-end=\"8218\"><span style=\"color: #ff0000;\"><strong data-start=\"8036\" data-end=\"8043\">NB!<\/strong> Produkt\u0105 galima \u012fsigyti tik po specialisto konsultacijos. Skambinkite +372 58 500 171 arba ra\u0161ykite <a class=\"decorated-link cursor-pointer\" style=\"color: #ff0000;\" href=\"mailto:info@skinstudio.ee\" rel=\"noopener\" data-start=\"8144\" data-end=\"8162\">info@skinstudio.ee<\/a>. M\u016bs\u0173 konsultantai pad\u0117s jums \u012fsigyti \u0161\u012f prek\u0117s \u017eenkl\u0105.<\/span><\/p>\n<p data-start=\"8220\" data-end=\"8259\">Intensyviai atjauninantis veido serumas<\/p>\n<h2 data-start=\"8261\" data-end=\"8298\"><strong data-start=\"8261\" data-end=\"8298\">pH Formula &#8211; A.G.E. Serum Savyb\u0117s<\/strong><\/h2>\n<p data-start=\"8300\" data-end=\"8553\">\u2714\ufe0f Pastebimai pagerina odos stangrum\u0105 ir tank\u012f<br data-start=\"8346\" data-end=\"8349\" \/>\u2714\ufe0f Intensyviai dr\u0117kina ir ma\u017eina dehidratacijos po\u017eymius<br data-start=\"8405\" data-end=\"8408\" \/>\u2714\ufe0f Glotnina od\u0105 ir ma\u017eina rauk\u0161li\u0173 matomum\u0105<br data-start=\"8451\" data-end=\"8454\" \/>\u2714\ufe0f Gerina odos atspalv\u012f ir suteikia gaiv\u0173 vaizd\u0105<br data-start=\"8502\" data-end=\"8505\" \/>\u2714\ufe0f Palaiko nat\u016bral\u0173 odos balans\u0105 ir mikroflor\u0105<\/p>\n","protected":false},"featured_media":64892,"template":"","meta":[],"pwb-brand":[779],"product_brand":[],"product_cat":[654,750,724],"product_tag":[],"giftcard-category":[],"class_list":{"0":"post-77876","1":"product","2":"type-product","3":"status-publish","4":"has-post-thumbnail","6":"pwb-brand-ph-formula","7":"product_cat-ph-formula-lt","8":"product_cat-senstanti-oda","9":"product_cat-serumai","11":"first","12":"instock","13":"taxable","14":"shipping-taxable","15":"purchasable","16":"product-type-simple"},"acf":[],"brands":[{"id":779,"name":"pH Formula","slug":"ph-formula"}],"_links":{"self":[{"href":"https:\/\/skinstudio.ee\/lt\/wp-json\/wp\/v2\/product\/77876","targetHints":{"allow":["GET"]}}],"collection":[{"href":"https:\/\/skinstudio.ee\/lt\/wp-json\/wp\/v2\/product"}],"about":[{"href":"https:\/\/skinstudio.ee\/lt\/wp-json\/wp\/v2\/types\/product"}],"version-history":[{"count":1,"href":"https:\/\/skinstudio.ee\/lt\/wp-json\/wp\/v2\/product\/77876\/revisions"}],"predecessor-version":[{"id":77877,"href":"https:\/\/skinstudio.ee\/lt\/wp-json\/wp\/v2\/product\/77876\/revisions\/77877"}],"wp:featuredmedia":[{"embeddable":true,"href":"https:\/\/skinstudio.ee\/lt\/wp-json\/wp\/v2\/media\/64892"}],"wp:attachment":[{"href":"https:\/\/skinstudio.ee\/lt\/wp-json\/wp\/v2\/media?parent=77876"}],"wp:term":[{"taxonomy":"pwb-brand","embeddable":true,"href":"https:\/\/skinstudio.ee\/lt\/wp-json\/wp\/v2\/pwb-brand?post=77876"},{"taxonomy":"product_brand","embeddable":true,"href":"https:\/\/skinstudio.ee\/lt\/wp-json\/wp\/v2\/product_brand?post=77876"},{"taxonomy":"product_cat","embeddable":true,"href":"https:\/\/skinstudio.ee\/lt\/wp-json\/wp\/v2\/product_cat?post=77876"},{"taxonomy":"product_tag","embeddable":true,"href":"https:\/\/skinstudio.ee\/lt\/wp-json\/wp\/v2\/product_tag?post=77876"},{"taxonomy":"giftcard-category","embeddable":true,"href":"https:\/\/skinstudio.ee\/lt\/wp-json\/wp\/v2\/giftcard-category?post=77876"}],"curies":[{"name":"wp","href":"https:\/\/api.w.org\/{rel}","templated":true}]}}