{"id":77883,"date":"2025-04-11T10:30:39","date_gmt":"2025-04-11T10:30:39","guid":{"rendered":"https:\/\/skinstudio.ee\/?post_type=product&#038;p=77883"},"modified":"2026-02-13T15:29:10","modified_gmt":"2026-02-13T15:29:10","slug":"hydra-serum","status":"publish","type":"product","link":"https:\/\/skinstudio.ee\/lt\/catalog\/ph-formula\/hydra-serum\/","title":{"rendered":"HYDRA Serum"},"content":{"rendered":"<p data-start=\"6498\" data-end=\"6810\"><strong data-start=\"6498\" data-end=\"6528\">HYDRA Serum nuo pH Formula<\/strong> &#8211; tai koncentruotas koreguojantis serumas, skirtas intensyviai ir giliai dr\u0117kinti od\u0105 bei atkurti komforto poj\u016bt\u012f. Formul\u0117 veikia vir\u0161utiniuose odos sluoksniuose, pad\u0117dama greitai pa\u0161alinti sausum\u0105 ir tempimo poj\u016bt\u012f, suteikdama odai lygesn\u0119, gaivesn\u0119 ir labiau pri\u017ei\u016br\u0117t\u0105 i\u0161vaizd\u0105.<\/p>\n<p data-start=\"6812\" data-end=\"7017\">Serumas palaiko optimal\u0173 dr\u0117gm\u0117s lyg\u012f, padeda odai atrodyti stangresnei ir elastingesnei bei gerina bendr\u0105 odos kokyb\u0119. Reguliariai naudojant oda tampa \u0161velnesn\u0117, tolygesn\u0117 ir pastebimai geriau sudr\u0117kinta.<\/p>\n<p data-start=\"7019\" data-end=\"7068\"><strong data-start=\"7019\" data-end=\"7066\">Pagrindini\u0173 aktyvi\u0173j\u0173 ingredient\u0173 poveikis:<\/strong><\/p>\n<ul data-start=\"7069\" data-end=\"7585\">\n<li data-start=\"7069\" data-end=\"7241\">\n<p data-start=\"7071\" data-end=\"7241\"><strong data-start=\"7071\" data-end=\"7128\">Hialurono r\u016bg\u0161ties kompleksas ir 3D HYDRA kompleksas:<\/strong> u\u017etikrina daugiapakop\u012f ir ilgalaik\u012f dr\u0117kinim\u0105, padeda odai i\u0161laikyti dr\u0117gm\u0119 ir \u0161alina dehidratacijos po\u017eymius.<\/p>\n<\/li>\n<li data-start=\"7242\" data-end=\"7397\">\n<p data-start=\"7244\" data-end=\"7397\"><strong data-start=\"7244\" data-end=\"7275\">Ferulo r\u016bg\u0161ties kompleksas:<\/strong> suteikia antioksidacin\u0119 apsaug\u0105, padeda odai atsispirti laisv\u0173j\u0173 radikal\u0173 poveikiui ir palaiko sveikesn\u0119 odos i\u0161vaizd\u0105.<\/p>\n<\/li>\n<li data-start=\"7398\" data-end=\"7585\">\n<p data-start=\"7400\" data-end=\"7585\"><strong data-start=\"7400\" data-end=\"7467\">C2C Messenger Complex (tarp l\u0105steli\u0173 komunikacijos kompleksas):<\/strong> palaiko odos atsinaujinimo procesus ir padeda pagerinti bendr\u0105 odos b\u016bkl\u0119 bei atsparum\u0105 i\u0161oriniams streso veiksniams.<\/p>\n<\/li>\n<\/ul>\n<p data-start=\"7587\" data-end=\"7700\">Tinka vis\u0173 tip\u0173 odai, ypa\u010d esant dehidratacijai, sausumui, komforto praradimui ir pirmiesiems sen\u0117jimo po\u017eymiams.<\/p>\n<p data-start=\"7702\" data-end=\"7722\"><strong data-start=\"7702\" data-end=\"7712\">T\u016bris:<\/strong> <strong data-start=\"7713\" data-end=\"7722\">30 ml<\/strong><\/p>\n","protected":false},"excerpt":{"rendered":"<p data-start=\"8006\" data-end=\"8075\"><span style=\"color: #ff0000;\"><strong data-start=\"8006\" data-end=\"8075\">pH Formula produkt\u0173 pristatymas galimas tik Estijos teritorijoje.<\/strong><\/span><\/p>\n<p data-start=\"8077\" data-end=\"8259\"><span style=\"color: #ff0000;\"><strong data-start=\"8077\" data-end=\"8084\">NB!<\/strong> Produkt\u0105 galima \u012fsigyti tik po specialisto konsultacijos. Skambinkite +372 58 500 171 arba ra\u0161ykite <a class=\"decorated-link cursor-pointer\" style=\"color: #ff0000;\" href=\"mailto:info@skinstudio.ee\" rel=\"noopener\" data-start=\"8185\" data-end=\"8203\">info@skinstudio.ee<\/a>. M\u016bs\u0173 konsultantai pad\u0117s jums \u012fsigyti \u0161\u012f prek\u0117s \u017eenkl\u0105.<\/span><\/p>\n<p data-start=\"8261\" data-end=\"8295\">Koncentruotas dr\u0117kinamasis serumas<\/p>\n<h2 data-start=\"8297\" data-end=\"8333\"><strong data-start=\"8297\" data-end=\"8333\">pH Formula &#8211; HYDRA Serum Savyb\u0117s<\/strong><\/h2>\n<p data-start=\"8335\" data-end=\"8574\">\u2714\ufe0f Intensyviai ir giliai dr\u0117kina od\u0105<br data-start=\"8371\" data-end=\"8374\" \/>\u2714\ufe0f Greitai pa\u0161alina sausum\u0105 ir tempimo poj\u016bt\u012f<br data-start=\"8419\" data-end=\"8422\" \/>\u2714\ufe0f Padaro od\u0105 lygesn\u0119, \u0161velnesn\u0119 ir elastingesn\u0119<br data-start=\"8470\" data-end=\"8473\" \/>\u2714\ufe0f Palaiko odos apsaugines ir atsinaujinimo funkcijas<br data-start=\"8526\" data-end=\"8529\" \/>\u2714\ufe0f Suteikia odai gaiv\u0173 ir pri\u017ei\u016br\u0117t\u0105 vaizd\u0105<\/p>\n","protected":false},"featured_media":64897,"template":"","meta":[],"pwb-brand":[779],"product_brand":[],"product_cat":[738,654,740,724],"product_tag":[],"giftcard-category":[],"class_list":{"0":"post-77883","1":"product","2":"type-product","3":"status-publish","4":"has-post-thumbnail","6":"pwb-brand-ph-formula","7":"product_cat-drekinimas","8":"product_cat-ph-formula-lt","9":"product_cat-sausai-odai","10":"product_cat-serumai","12":"first","13":"instock","14":"taxable","15":"shipping-taxable","16":"purchasable","17":"product-type-simple"},"acf":[],"brands":[{"id":779,"name":"pH Formula","slug":"ph-formula"}],"_links":{"self":[{"href":"https:\/\/skinstudio.ee\/lt\/wp-json\/wp\/v2\/product\/77883","targetHints":{"allow":["GET"]}}],"collection":[{"href":"https:\/\/skinstudio.ee\/lt\/wp-json\/wp\/v2\/product"}],"about":[{"href":"https:\/\/skinstudio.ee\/lt\/wp-json\/wp\/v2\/types\/product"}],"version-history":[{"count":1,"href":"https:\/\/skinstudio.ee\/lt\/wp-json\/wp\/v2\/product\/77883\/revisions"}],"predecessor-version":[{"id":77884,"href":"https:\/\/skinstudio.ee\/lt\/wp-json\/wp\/v2\/product\/77883\/revisions\/77884"}],"wp:featuredmedia":[{"embeddable":true,"href":"https:\/\/skinstudio.ee\/lt\/wp-json\/wp\/v2\/media\/64897"}],"wp:attachment":[{"href":"https:\/\/skinstudio.ee\/lt\/wp-json\/wp\/v2\/media?parent=77883"}],"wp:term":[{"taxonomy":"pwb-brand","embeddable":true,"href":"https:\/\/skinstudio.ee\/lt\/wp-json\/wp\/v2\/pwb-brand?post=77883"},{"taxonomy":"product_brand","embeddable":true,"href":"https:\/\/skinstudio.ee\/lt\/wp-json\/wp\/v2\/product_brand?post=77883"},{"taxonomy":"product_cat","embeddable":true,"href":"https:\/\/skinstudio.ee\/lt\/wp-json\/wp\/v2\/product_cat?post=77883"},{"taxonomy":"product_tag","embeddable":true,"href":"https:\/\/skinstudio.ee\/lt\/wp-json\/wp\/v2\/product_tag?post=77883"},{"taxonomy":"giftcard-category","embeddable":true,"href":"https:\/\/skinstudio.ee\/lt\/wp-json\/wp\/v2\/giftcard-category?post=77883"}],"curies":[{"name":"wp","href":"https:\/\/api.w.org\/{rel}","templated":true}]}}