{"id":77890,"date":"2025-04-08T08:29:50","date_gmt":"2025-04-08T08:29:50","guid":{"rendered":"https:\/\/skinstudio.ee\/?post_type=product&#038;p=77890"},"modified":"2026-02-13T15:29:16","modified_gmt":"2026-02-13T15:29:16","slug":"mela-serum","status":"publish","type":"product","link":"https:\/\/skinstudio.ee\/lt\/catalog\/ph-formula\/mela-serum\/","title":{"rendered":"MELA Serum"},"content":{"rendered":"<p data-start=\"5750\" data-end=\"6028\"><strong data-start=\"5750\" data-end=\"5779\">MELA Serum nuo pH Formula<\/strong> &#8211; tai koncentruotas koreguojantis serumas, skirtas suvienodinti odos atspalv\u012f ir suma\u017einti hiperpigmentacijos matomum\u0105. Formul\u0117 padeda odai atrodyti tolygesnei, gaivesnei ir labiau pri\u017ei\u016br\u0117tai, kartu palaikydama optimal\u0173 dr\u0117kinimo lyg\u012f ir komfort\u0105.<\/p>\n<p data-start=\"6030\" data-end=\"6242\">Serumas veikia tiek esamas pigmentines d\u0117mes, tiek bendr\u0105 odos atspalvio kokyb\u0119, pad\u0117damas suteikti veidui tolygesn\u012f ir \u0161vytint\u012f vaizd\u0105. Reguliariai naudojant oda atrodo \u0161varesn\u0117, \u0161viesesn\u0117 ir pastebimai lygesn\u0117.<\/p>\n<p data-start=\"6244\" data-end=\"6293\"><strong data-start=\"6244\" data-end=\"6291\">Pagrindini\u0173 aktyvi\u0173j\u0173 ingredient\u0173 poveikis:<\/strong><\/p>\n<ul data-start=\"6294\" data-end=\"6765\">\n<li data-start=\"6294\" data-end=\"6445\">\n<p data-start=\"6296\" data-end=\"6445\"><strong data-start=\"6296\" data-end=\"6320\">4-butilrezorcinolis:<\/strong> padeda suma\u017einti pigmentini\u0173 d\u0117mi\u0173 matomum\u0105 ir suvienodinti odos atspalv\u012f, veikdamas pigmentacijos susidarymo mechanizmus.<\/p>\n<\/li>\n<li data-start=\"6446\" data-end=\"6600\">\n<p data-start=\"6448\" data-end=\"6600\"><strong data-start=\"6448\" data-end=\"6504\">Tetrapeptidas-30 ir Pancratium maritimum ekstraktas:<\/strong> palaiko tolygesn\u012f ir \u0161vytint\u012f odos atspalv\u012f bei padeda ma\u017einti nauj\u0173 d\u0117mi\u0173 atsiradimo rizik\u0105.<\/p>\n<\/li>\n<li data-start=\"6601\" data-end=\"6765\">\n<p data-start=\"6603\" data-end=\"6765\"><strong data-start=\"6603\" data-end=\"6652\">Hialurono r\u016bg\u0161tis ir dr\u0117kinamasis kompleksas:<\/strong> padeda palaikyti optimal\u0173 dr\u0117gm\u0117s lyg\u012f ir apsaugo nuo sausumo bei tempimo poj\u016b\u010dio pigmentacijos korekcijos metu.<\/p>\n<\/li>\n<\/ul>\n<p data-start=\"6767\" data-end=\"6840\">Tinka odai su netolygiu atspalviu, hiperpigmentacija ir postakne \u017eym\u0117mis.<\/p>\n<p data-start=\"6842\" data-end=\"6862\"><strong data-start=\"6842\" data-end=\"6852\">T\u016bris:<\/strong> <strong data-start=\"6853\" data-end=\"6862\">30 ml<\/strong><\/p>\n","protected":false},"excerpt":{"rendered":"<p data-start=\"6982\" data-end=\"7051\"><span style=\"color: #ff0000;\"><strong data-start=\"6982\" data-end=\"7051\">pH Formula produkt\u0173 pristatymas galimas tik Estijos teritorijoje.<\/strong><\/span><\/p>\n<p data-start=\"7053\" data-end=\"7235\"><span style=\"color: #ff0000;\"><strong data-start=\"7053\" data-end=\"7060\">NB!<\/strong> Produkt\u0105 galima \u012fsigyti tik po specialisto konsultacijos. Skambinkite +372 58 500 171 arba ra\u0161ykite <a class=\"decorated-link cursor-pointer\" style=\"color: #ff0000;\" href=\"mailto:info@skinstudio.ee\" rel=\"noopener\" data-start=\"7161\" data-end=\"7179\">info@skinstudio.ee<\/a>. M\u016bs\u0173 konsultantai pad\u0117s jums \u012fsigyti \u0161\u012f prek\u0117s \u017eenkl\u0105.<\/span><\/p>\n<p data-start=\"7237\" data-end=\"7272\">Koncentruotas koreguojantis serumas<\/p>\n<h2 data-start=\"7274\" data-end=\"7309\"><strong data-start=\"7274\" data-end=\"7309\">pH Formula &#8211; MELA Serum Savyb\u0117s<\/strong><\/h2>\n<p data-start=\"7311\" data-end=\"7595\">\u2714\ufe0f Suvienodina odos atspalv\u012f ir ma\u017eina pigmentini\u0173 d\u0117mi\u0173 matomum\u0105<br data-start=\"7376\" data-end=\"7379\" \/>\u2714\ufe0f Padeda pa\u0161viesinti postakne \u017eymes ir spalvos pakitimus<br data-start=\"7436\" data-end=\"7439\" \/>\u2714\ufe0f Suteikia odai \u0161varesn\u0119, lygesn\u0119 ir \u0161vytin\u010di\u0105 i\u0161vaizd\u0105<br data-start=\"7495\" data-end=\"7498\" \/>\u2714\ufe0f Palaiko komfort\u0105 ir optimal\u0173 dr\u0117kinimo lyg\u012f<br data-start=\"7544\" data-end=\"7547\" \/>\u2714\ufe0f Gerina bendr\u0105 odos tono vienodum\u0105 ir kokyb\u0119<\/p>\n","protected":false},"featured_media":64902,"template":"","meta":[],"pwb-brand":[779],"product_brand":[],"product_cat":[654,752,724],"product_tag":[],"giftcard-category":[],"class_list":{"0":"post-77890","1":"product","2":"type-product","3":"status-publish","4":"has-post-thumbnail","6":"pwb-brand-ph-formula","7":"product_cat-ph-formula-lt","8":"product_cat-pigmentacija-lt","9":"product_cat-serumai","11":"first","12":"instock","13":"sale","14":"taxable","15":"shipping-taxable","16":"purchasable","17":"product-type-simple"},"acf":[],"brands":[{"id":779,"name":"pH Formula","slug":"ph-formula"}],"_links":{"self":[{"href":"https:\/\/skinstudio.ee\/lt\/wp-json\/wp\/v2\/product\/77890","targetHints":{"allow":["GET"]}}],"collection":[{"href":"https:\/\/skinstudio.ee\/lt\/wp-json\/wp\/v2\/product"}],"about":[{"href":"https:\/\/skinstudio.ee\/lt\/wp-json\/wp\/v2\/types\/product"}],"version-history":[{"count":1,"href":"https:\/\/skinstudio.ee\/lt\/wp-json\/wp\/v2\/product\/77890\/revisions"}],"predecessor-version":[{"id":77891,"href":"https:\/\/skinstudio.ee\/lt\/wp-json\/wp\/v2\/product\/77890\/revisions\/77891"}],"wp:featuredmedia":[{"embeddable":true,"href":"https:\/\/skinstudio.ee\/lt\/wp-json\/wp\/v2\/media\/64902"}],"wp:attachment":[{"href":"https:\/\/skinstudio.ee\/lt\/wp-json\/wp\/v2\/media?parent=77890"}],"wp:term":[{"taxonomy":"pwb-brand","embeddable":true,"href":"https:\/\/skinstudio.ee\/lt\/wp-json\/wp\/v2\/pwb-brand?post=77890"},{"taxonomy":"product_brand","embeddable":true,"href":"https:\/\/skinstudio.ee\/lt\/wp-json\/wp\/v2\/product_brand?post=77890"},{"taxonomy":"product_cat","embeddable":true,"href":"https:\/\/skinstudio.ee\/lt\/wp-json\/wp\/v2\/product_cat?post=77890"},{"taxonomy":"product_tag","embeddable":true,"href":"https:\/\/skinstudio.ee\/lt\/wp-json\/wp\/v2\/product_tag?post=77890"},{"taxonomy":"giftcard-category","embeddable":true,"href":"https:\/\/skinstudio.ee\/lt\/wp-json\/wp\/v2\/giftcard-category?post=77890"}],"curies":[{"name":"wp","href":"https:\/\/api.w.org\/{rel}","templated":true}]}}