{"id":77897,"date":"2025-04-05T09:38:58","date_gmt":"2025-04-05T09:38:58","guid":{"rendered":"https:\/\/skinstudio.ee\/?post_type=product&#038;p=77897"},"modified":"2026-02-13T15:29:28","modified_gmt":"2026-02-13T15:29:28","slug":"vita-c-serum","status":"publish","type":"product","link":"https:\/\/skinstudio.ee\/lt\/catalog\/ph-formula\/vita-c-serum\/","title":{"rendered":"VITA C Serum"},"content":{"rendered":"<p data-start=\"5841\" data-end=\"6154\"><strong data-start=\"5841\" data-end=\"5872\">VITA C Serum nuo pH Formula<\/strong> &#8211; tai koncentruotas koreguojantis serumas su vitaminu C, skirtas palaikyti odos sveikat\u0105, suvienodinti atspalv\u012f ir pagerinti tekst\u016br\u0105. Formul\u0117 praturtinta keliomis vitamino C formomis ir veikia odos kokyb\u0117s lygmeniu, pad\u0117dama odai atrodyti gaivesnei, lygesnei ir labiau \u0161vytin\u010diai.<\/p>\n<p data-start=\"6156\" data-end=\"6370\">Serumas sustiprina nat\u016bral\u0173 odos spindes\u012f, padeda suvienodinti atspalv\u012f ir vizualiai i\u0161valyti veido od\u0105 bei pagerina bendr\u0105 odos b\u016bkl\u0119. Reguliariai naudojant oda atrodo glotnesn\u0117, labiau pri\u017ei\u016br\u0117ta ir gyvybingesn\u0117.<\/p>\n<p data-start=\"6372\" data-end=\"6421\"><strong data-start=\"6372\" data-end=\"6419\">Pagrindini\u0173 aktyvi\u0173j\u0173 ingredient\u0173 poveikis:<\/strong><\/p>\n<ul data-start=\"6422\" data-end=\"6791\">\n<li data-start=\"6422\" data-end=\"6562\">\n<p data-start=\"6424\" data-end=\"6562\"><strong data-start=\"6424\" data-end=\"6450\">Vitamino C kompleksas:<\/strong> suteikia stipri\u0105 antioksidacin\u0119 apsaug\u0105, padeda pa\u0161viesinti od\u0105, suvienodinti atspalv\u012f ir suteikti spindesio.<\/p>\n<\/li>\n<li data-start=\"6563\" data-end=\"6670\">\n<p data-start=\"6565\" data-end=\"6670\"><strong data-start=\"6565\" data-end=\"6588\">Peptid\u0173 kompleksas:<\/strong> palaiko odos atsinaujinim\u0105 ir padeda pagerinti odos tekst\u016br\u0105 bei bendr\u0105 kokyb\u0119.<\/p>\n<\/li>\n<li data-start=\"6671\" data-end=\"6791\">\n<p data-start=\"6673\" data-end=\"6791\"><strong data-start=\"6673\" data-end=\"6722\">Hialurono r\u016bg\u0161tis ir dr\u0117kinamasis kompleksas:<\/strong> palaiko optimal\u0173 dr\u0117gm\u0117s lyg\u012f, suteikdami odai glotnumo ir komforto.<\/p>\n<\/li>\n<\/ul>\n<p data-start=\"6793\" data-end=\"6869\">Tinka papilk\u0117jusiai, nelygios tekst\u016bros odai ir odai su nuovargio po\u017eymiais.<\/p>\n<p data-start=\"6871\" data-end=\"6891\"><strong data-start=\"6871\" data-end=\"6881\">T\u016bris:<\/strong> <strong data-start=\"6882\" data-end=\"6891\">30 ml<\/strong><\/p>\n","protected":false},"excerpt":{"rendered":"<p data-start=\"7165\" data-end=\"7234\"><span style=\"color: #ff0000;\"><strong data-start=\"7165\" data-end=\"7234\">pH Formula produkt\u0173 pristatymas galimas tik Estijos teritorijoje.<\/strong><\/span><\/p>\n<p data-start=\"7236\" data-end=\"7418\"><span style=\"color: #ff0000;\"><strong data-start=\"7236\" data-end=\"7243\">NB!<\/strong> Produkt\u0105 galima \u012fsigyti tik po specialisto konsultacijos. Skambinkite +372 58 500 171 arba ra\u0161ykite <a class=\"decorated-link cursor-pointer\" style=\"color: #ff0000;\" href=\"mailto:info@skinstudio.ee\" rel=\"noopener\" data-start=\"7344\" data-end=\"7362\">info@skinstudio.ee<\/a>. M\u016bs\u0173 konsultantai pad\u0117s jums \u012fsigyti \u0161\u012f prek\u0117s \u017eenkl\u0105.<\/span><\/p>\n<p data-start=\"7420\" data-end=\"7455\">Koncentruotas serumas su vitaminu C<\/p>\n<h2 data-start=\"7457\" data-end=\"7494\"><strong data-start=\"7457\" data-end=\"7494\">pH Formula &#8211; VITA C Serum Savyb\u0117s<\/strong><\/h2>\n<p data-start=\"7496\" data-end=\"7701\">\u2714\ufe0f \u0160viesina ir suvienodina odos atspalv\u012f<br data-start=\"7536\" data-end=\"7539\" \/>\u2714\ufe0f Suteikia odai matom\u0105 spindes\u012f<br data-start=\"7571\" data-end=\"7574\" \/>\u2714\ufe0f Gerina tekst\u016br\u0105 ir padaro od\u0105 glotnesn\u0119<br data-start=\"7616\" data-end=\"7619\" \/>\u2714\ufe0f U\u017etikrina antioksidacin\u0119 apsaug\u0105<br data-start=\"7654\" data-end=\"7657\" \/>\u2714\ufe0f Palaiko gaiv\u0173 ir pri\u017ei\u016br\u0117t\u0105 odos vaizd\u0105<\/p>\n","protected":false},"featured_media":64907,"template":"","meta":[],"pwb-brand":[779],"product_brand":[],"product_cat":[654,740,724,730],"product_tag":[],"giftcard-category":[],"class_list":{"0":"post-77897","1":"product","2":"type-product","3":"status-publish","4":"has-post-thumbnail","6":"pwb-brand-ph-formula","7":"product_cat-ph-formula-lt","8":"product_cat-sausai-odai","9":"product_cat-serumai","10":"product_cat-vitaminas-c","12":"first","13":"instock","14":"taxable","15":"shipping-taxable","16":"purchasable","17":"product-type-simple"},"acf":[],"brands":[{"id":779,"name":"pH Formula","slug":"ph-formula"}],"_links":{"self":[{"href":"https:\/\/skinstudio.ee\/lt\/wp-json\/wp\/v2\/product\/77897","targetHints":{"allow":["GET"]}}],"collection":[{"href":"https:\/\/skinstudio.ee\/lt\/wp-json\/wp\/v2\/product"}],"about":[{"href":"https:\/\/skinstudio.ee\/lt\/wp-json\/wp\/v2\/types\/product"}],"version-history":[{"count":2,"href":"https:\/\/skinstudio.ee\/lt\/wp-json\/wp\/v2\/product\/77897\/revisions"}],"predecessor-version":[{"id":77899,"href":"https:\/\/skinstudio.ee\/lt\/wp-json\/wp\/v2\/product\/77897\/revisions\/77899"}],"wp:featuredmedia":[{"embeddable":true,"href":"https:\/\/skinstudio.ee\/lt\/wp-json\/wp\/v2\/media\/64907"}],"wp:attachment":[{"href":"https:\/\/skinstudio.ee\/lt\/wp-json\/wp\/v2\/media?parent=77897"}],"wp:term":[{"taxonomy":"pwb-brand","embeddable":true,"href":"https:\/\/skinstudio.ee\/lt\/wp-json\/wp\/v2\/pwb-brand?post=77897"},{"taxonomy":"product_brand","embeddable":true,"href":"https:\/\/skinstudio.ee\/lt\/wp-json\/wp\/v2\/product_brand?post=77897"},{"taxonomy":"product_cat","embeddable":true,"href":"https:\/\/skinstudio.ee\/lt\/wp-json\/wp\/v2\/product_cat?post=77897"},{"taxonomy":"product_tag","embeddable":true,"href":"https:\/\/skinstudio.ee\/lt\/wp-json\/wp\/v2\/product_tag?post=77897"},{"taxonomy":"giftcard-category","embeddable":true,"href":"https:\/\/skinstudio.ee\/lt\/wp-json\/wp\/v2\/giftcard-category?post=77897"}],"curies":[{"name":"wp","href":"https:\/\/api.w.org\/{rel}","templated":true}]}}