{"id":77905,"date":"2025-04-02T14:20:45","date_gmt":"2025-04-02T14:20:45","guid":{"rendered":"https:\/\/skinstudio.ee\/?post_type=product&#038;p=77905"},"modified":"2026-02-13T15:29:24","modified_gmt":"2026-02-13T15:29:24","slug":"spot-on-blemish-active","status":"publish","type":"product","link":"https:\/\/skinstudio.ee\/lt\/catalog\/ph-formula\/spot-on-blemish-active\/","title":{"rendered":"SPOT ON Blemish Active"},"content":{"rendered":"<p data-start=\"5906\" data-end=\"6175\"><strong data-start=\"5906\" data-end=\"5947\">SPOT ON Blemish Active nuo pH Formula<\/strong> &#8211; tai greito poveikio lokali priemon\u0117, skirta skubiai pri\u017ei\u016br\u0117ti u\u017edegiminius b\u0117rimus ir netobulumus. Formul\u0117 veikia lokaliai, pad\u0117dama greitai suma\u017einti paraudim\u0105, nuraminti u\u017edegim\u0105 ir pagreitinti problemin\u0117s vietos valym\u0105si.<\/p>\n<p data-start=\"6177\" data-end=\"6386\">Priemon\u0117 veikia tiesiogiai spuog\u0105, padeda i\u0161valyti poras, suma\u017eina su akne susijusi\u0173 bakterij\u0173 aktyvum\u0105 ir palengvina diskomfort\u0105. Reguliariai naudojant b\u0117rimai gyja grei\u010diau, o oda atrodo ramesn\u0117 ir \u0161varesn\u0117.<\/p>\n<p data-start=\"6388\" data-end=\"6437\"><strong data-start=\"6388\" data-end=\"6435\">Pagrindini\u0173 aktyvi\u0173j\u0173 ingredient\u0173 poveikis:<\/strong><\/p>\n<ul data-start=\"6438\" data-end=\"6830\">\n<li data-start=\"6438\" data-end=\"6572\">\n<p data-start=\"6440\" data-end=\"6572\"><strong data-start=\"6440\" data-end=\"6472\">Salicilo ir migdol\u0173 r\u016bg\u0161tys:<\/strong> padeda i\u0161valyti poras, suma\u017einti u\u017edegim\u0105 ir pagreitinti odos atsinaujinim\u0105 problemin\u0117je vietoje.<\/p>\n<\/li>\n<li data-start=\"6573\" data-end=\"6681\">\n<p data-start=\"6575\" data-end=\"6681\"><strong data-start=\"6575\" data-end=\"6596\">Azelaino r\u016bg\u0161tis:<\/strong> padeda suma\u017einti paraudim\u0105, pagerina odos b\u016bkl\u0119 ir ma\u017eina u\u017edegimo paliktas \u017eymes.<\/p>\n<\/li>\n<li data-start=\"6682\" data-end=\"6830\">\n<p data-start=\"6684\" data-end=\"6830\"><strong data-start=\"6684\" data-end=\"6730\">Arbatmed\u017eio aliejus ir pH-DVC\u2122 kompleksas:<\/strong> suteikia stipr\u0173 antibakterin\u012f ir raminam\u0105j\u012f poveik\u012f, pad\u0117dami greitai suvaldyti u\u017edegimin\u012f proces\u0105.<\/p>\n<\/li>\n<\/ul>\n<p data-start=\"6832\" data-end=\"6899\">Tinka odai, linkusiai \u012f b\u0117rimus, u\u017edegimus ir lokalius netobulumus.<\/p>\n<p data-start=\"6901\" data-end=\"6921\"><strong data-start=\"6901\" data-end=\"6911\">T\u016bris:<\/strong> <strong data-start=\"6912\" data-end=\"6921\">20 ml<\/strong><\/p>\n","protected":false},"excerpt":{"rendered":"<p data-start=\"7146\" data-end=\"7215\"><span style=\"color: #ff0000;\"><strong data-start=\"7146\" data-end=\"7215\">pH Formula produkt\u0173 pristatymas galimas tik Estijos teritorijoje.<\/strong><\/span><\/p>\n<p data-start=\"7217\" data-end=\"7399\"><span style=\"color: #ff0000;\"><strong data-start=\"7217\" data-end=\"7224\">NB!<\/strong> Produkt\u0105 galima \u012fsigyti tik po specialisto konsultacijos. Skambinkite +372 58 500 171 arba ra\u0161ykite <a class=\"decorated-link cursor-pointer\" style=\"color: #ff0000;\" href=\"mailto:info@skinstudio.ee\" rel=\"noopener\" data-start=\"7325\" data-end=\"7343\">info@skinstudio.ee<\/a>. M\u016bs\u0173 konsultantai pad\u0117s jums \u012fsigyti \u0161\u012f prek\u0117s \u017eenkl\u0105.<\/span><\/p>\n<p data-start=\"7401\" data-end=\"7427\">Lokali priemon\u0117 nuo spuog\u0173<\/p>\n<h2 data-start=\"7429\" data-end=\"7476\"><strong data-start=\"7429\" data-end=\"7476\">pH Formula &#8211; SPOT ON Blemish Active Savyb\u0117s<\/strong><\/h2>\n<p data-start=\"7478\" data-end=\"7714\">\u2714\ufe0f Greitai suma\u017eina u\u017edegim\u0105 ir paraudim\u0105<br data-start=\"7519\" data-end=\"7522\" \/>\u2714\ufe0f Padeda i\u0161valyti poras problemin\u0117je vietoje<br data-start=\"7567\" data-end=\"7570\" \/>\u2714\ufe0f Ma\u017eina su akne susijusi\u0173 bakterij\u0173 aktyvum\u0105<br data-start=\"7616\" data-end=\"7619\" \/>\u2714\ufe0f Pagreitina gijim\u0105 ir suma\u017eina spuogo dyd\u012f<br data-start=\"7663\" data-end=\"7666\" \/>\u2714\ufe0f Padaro problemin\u0119 viet\u0105 \u0161varesn\u0119 ir ramesn\u0119<\/p>\n","protected":false},"featured_media":64912,"template":"","meta":[],"pwb-brand":[779],"product_brand":[],"product_cat":[742,744,654,748],"product_tag":[],"giftcard-category":[],"class_list":{"0":"post-77905","1":"product","2":"type-product","3":"status-publish","4":"has-post-thumbnail","6":"pwb-brand-ph-formula","7":"product_cat-berimai","8":"product_cat-issipletusios-poros","9":"product_cat-ph-formula-lt","10":"product_cat-taukainai-adai-lt","12":"first","13":"instock","14":"taxable","15":"shipping-taxable","16":"purchasable","17":"product-type-simple"},"acf":[],"brands":[{"id":779,"name":"pH Formula","slug":"ph-formula"}],"_links":{"self":[{"href":"https:\/\/skinstudio.ee\/lt\/wp-json\/wp\/v2\/product\/77905","targetHints":{"allow":["GET"]}}],"collection":[{"href":"https:\/\/skinstudio.ee\/lt\/wp-json\/wp\/v2\/product"}],"about":[{"href":"https:\/\/skinstudio.ee\/lt\/wp-json\/wp\/v2\/types\/product"}],"version-history":[{"count":1,"href":"https:\/\/skinstudio.ee\/lt\/wp-json\/wp\/v2\/product\/77905\/revisions"}],"predecessor-version":[{"id":77906,"href":"https:\/\/skinstudio.ee\/lt\/wp-json\/wp\/v2\/product\/77905\/revisions\/77906"}],"wp:featuredmedia":[{"embeddable":true,"href":"https:\/\/skinstudio.ee\/lt\/wp-json\/wp\/v2\/media\/64912"}],"wp:attachment":[{"href":"https:\/\/skinstudio.ee\/lt\/wp-json\/wp\/v2\/media?parent=77905"}],"wp:term":[{"taxonomy":"pwb-brand","embeddable":true,"href":"https:\/\/skinstudio.ee\/lt\/wp-json\/wp\/v2\/pwb-brand?post=77905"},{"taxonomy":"product_brand","embeddable":true,"href":"https:\/\/skinstudio.ee\/lt\/wp-json\/wp\/v2\/product_brand?post=77905"},{"taxonomy":"product_cat","embeddable":true,"href":"https:\/\/skinstudio.ee\/lt\/wp-json\/wp\/v2\/product_cat?post=77905"},{"taxonomy":"product_tag","embeddable":true,"href":"https:\/\/skinstudio.ee\/lt\/wp-json\/wp\/v2\/product_tag?post=77905"},{"taxonomy":"giftcard-category","embeddable":true,"href":"https:\/\/skinstudio.ee\/lt\/wp-json\/wp\/v2\/giftcard-category?post=77905"}],"curies":[{"name":"wp","href":"https:\/\/api.w.org\/{rel}","templated":true}]}}