{"id":77914,"date":"2025-04-02T14:01:51","date_gmt":"2025-04-02T14:01:51","guid":{"rendered":"https:\/\/skinstudio.ee\/?post_type=product&#038;p=77914"},"modified":"2026-02-13T15:29:24","modified_gmt":"2026-02-13T15:29:24","slug":"spot-on-moisture-balance","status":"publish","type":"product","link":"https:\/\/skinstudio.ee\/lt\/catalog\/ph-formula\/spot-on-moisture-balance\/","title":{"rendered":"SPOT ON Moisture Balance"},"content":{"rendered":"<p data-start=\"5890\" data-end=\"6172\">SPOT ON Moisture Balance nuo pH Formula yra greitai \u012fsigeriantis balansuojantis dr\u0117kinamasis kremas, skirtas odai, linkusiai \u012f riebum\u0105 ir blizges\u012f. Formul\u0117 suteikia lengv\u0105, bet veiksming\u0105 dr\u0117kinim\u0105, padeda kontroliuoti riebal\u0173 pertekli\u0173 ir suteikia odai matin\u0119, pri\u017ei\u016br\u0117t\u0105 i\u0161vaizd\u0105.<\/p>\n<p data-start=\"6174\" data-end=\"6398\">Kremas palaiko odos komfort\u0105 vis\u0105 dien\u0105, suteikia odai gaivesn\u0119 ir vizualiai tolygesn\u0119 i\u0161vaizd\u0105 bei padeda pagerinti por\u0173 ir odos tekst\u016bros vaizd\u0105. Reguliariai naudojant oda atrodo \u0161varesn\u0117, labiau subalansuota ir sveikesn\u0117.<\/p>\n<p data-start=\"6400\" data-end=\"6442\"><strong data-start=\"6400\" data-end=\"6442\">Pagrindini\u0173 sudedam\u0173j\u0173 dali\u0173 poveikis:<\/strong><\/p>\n<p data-start=\"6444\" data-end=\"6806\"><strong data-start=\"6444\" data-end=\"6511\">Matinantis kompleksas su sugerian\u010diomis sudedamosiomis dalimis:<\/strong> padeda kontroliuoti blizges\u012f, ma\u017eina lipnumo poj\u016bt\u012f ir palaiko matin\u012f odos efekt\u0105.<br data-start=\"6594\" data-end=\"6597\" \/><strong data-start=\"6597\" data-end=\"6655\">Dr\u0117kinamasis kompleksas su aminor\u016bg\u0161timis ir cukrumis:<\/strong> palaiko optimal\u0173 dr\u0117gm\u0117s lyg\u012f neapsunkindamas odos.<br data-start=\"6707\" data-end=\"6710\" \/><strong data-start=\"6710\" data-end=\"6731\">L\u0119\u0161i\u0173 ekstraktas:<\/strong> padeda vizualiai suma\u017einti por\u0173 matomum\u0105 ir pagerina bendr\u0105 odos tekst\u016br\u0105.<\/p>\n<p data-start=\"6808\" data-end=\"6873\">Tinka odai, linkusiai \u012f riebum\u0105, blizges\u012f ir i\u0161sipl\u0117tusias poras.<\/p>\n<p data-start=\"6875\" data-end=\"6891\"><strong data-start=\"6875\" data-end=\"6885\">T\u016bris:<\/strong> 50 ml<\/p>\n","protected":false},"excerpt":{"rendered":"<p data-start=\"7195\" data-end=\"7264\"><span style=\"color: #ff0000;\"><strong data-start=\"7195\" data-end=\"7264\">pH Formula produkt\u0173 pristatymas galimas tik Estijos teritorijoje.<\/strong><\/span><\/p>\n<p data-start=\"7266\" data-end=\"7448\"><span style=\"color: #ff0000;\"><strong data-start=\"7266\" data-end=\"7273\">NB!<\/strong> Produkt\u0105 galima \u012fsigyti tik po specialisto konsultacijos. Skambinkite +372 58 500 171 arba ra\u0161ykite <a class=\"decorated-link cursor-pointer\" style=\"color: #ff0000;\" href=\"mailto:info@skinstudio.ee\" rel=\"noopener\" data-start=\"7374\" data-end=\"7392\">info@skinstudio.ee<\/a>. M\u016bs\u0173 konsultantai pad\u0117s jums \u012fsigyti \u0161\u012f prek\u0117s \u017eenkl\u0105.<\/span><\/p>\n<p data-start=\"7450\" data-end=\"7484\">Balansuojantis dr\u0117kinamasis kremas<\/p>\n<h2 data-start=\"7486\" data-end=\"7535\"><strong data-start=\"7486\" data-end=\"7535\">pH Formula &#8211; SPOT ON Moisture Balance Savyb\u0117s<\/strong><\/h2>\n<p data-start=\"7537\" data-end=\"7808\">\u2714\ufe0f Lengvai ir komforti\u0161kai dr\u0117kina od\u0105 neapsunkindamas<br data-start=\"7591\" data-end=\"7594\" \/>\u2714\ufe0f Padeda kontroliuoti blizges\u012f ir matizuoja od\u0105<br data-start=\"7642\" data-end=\"7645\" \/>\u2714\ufe0f Vizualiai gerina odos tekst\u016br\u0105 ir ma\u017eina por\u0173 matomum\u0105<br data-start=\"7702\" data-end=\"7705\" \/>\u2714\ufe0f Suteikia odai gaivesn\u0119 ir labiau pri\u017ei\u016br\u0117t\u0105 i\u0161vaizd\u0105<br data-start=\"7760\" data-end=\"7763\" \/>\u2714\ufe0f Padeda palaikyti odos balans\u0105 vis\u0105 dien\u0105<\/p>\n","protected":false},"featured_media":72137,"template":"","meta":[],"pwb-brand":[779],"product_brand":[],"product_cat":[742,738,744,654,748],"product_tag":[],"giftcard-category":[],"class_list":{"0":"post-77914","1":"product","2":"type-product","3":"status-publish","4":"has-post-thumbnail","6":"pwb-brand-ph-formula","7":"product_cat-berimai","8":"product_cat-drekinimas","9":"product_cat-issipletusios-poros","10":"product_cat-ph-formula-lt","11":"product_cat-taukainai-adai-lt","13":"first","14":"instock","15":"taxable","16":"shipping-taxable","17":"purchasable","18":"product-type-simple"},"acf":[],"brands":[{"id":779,"name":"pH Formula","slug":"ph-formula"}],"_links":{"self":[{"href":"https:\/\/skinstudio.ee\/lt\/wp-json\/wp\/v2\/product\/77914","targetHints":{"allow":["GET"]}}],"collection":[{"href":"https:\/\/skinstudio.ee\/lt\/wp-json\/wp\/v2\/product"}],"about":[{"href":"https:\/\/skinstudio.ee\/lt\/wp-json\/wp\/v2\/types\/product"}],"version-history":[{"count":1,"href":"https:\/\/skinstudio.ee\/lt\/wp-json\/wp\/v2\/product\/77914\/revisions"}],"predecessor-version":[{"id":77915,"href":"https:\/\/skinstudio.ee\/lt\/wp-json\/wp\/v2\/product\/77914\/revisions\/77915"}],"wp:featuredmedia":[{"embeddable":true,"href":"https:\/\/skinstudio.ee\/lt\/wp-json\/wp\/v2\/media\/72137"}],"wp:attachment":[{"href":"https:\/\/skinstudio.ee\/lt\/wp-json\/wp\/v2\/media?parent=77914"}],"wp:term":[{"taxonomy":"pwb-brand","embeddable":true,"href":"https:\/\/skinstudio.ee\/lt\/wp-json\/wp\/v2\/pwb-brand?post=77914"},{"taxonomy":"product_brand","embeddable":true,"href":"https:\/\/skinstudio.ee\/lt\/wp-json\/wp\/v2\/product_brand?post=77914"},{"taxonomy":"product_cat","embeddable":true,"href":"https:\/\/skinstudio.ee\/lt\/wp-json\/wp\/v2\/product_cat?post=77914"},{"taxonomy":"product_tag","embeddable":true,"href":"https:\/\/skinstudio.ee\/lt\/wp-json\/wp\/v2\/product_tag?post=77914"},{"taxonomy":"giftcard-category","embeddable":true,"href":"https:\/\/skinstudio.ee\/lt\/wp-json\/wp\/v2\/giftcard-category?post=77914"}],"curies":[{"name":"wp","href":"https:\/\/api.w.org\/{rel}","templated":true}]}}