{"id":77922,"date":"2025-04-02T12:24:58","date_gmt":"2025-04-02T12:24:58","guid":{"rendered":"https:\/\/skinstudio.ee\/?post_type=product&#038;p=77922"},"modified":"2026-02-13T15:29:09","modified_gmt":"2026-02-13T15:29:09","slug":"f-o-a-m-cleanse","status":"publish","type":"product","link":"https:\/\/skinstudio.ee\/lt\/catalog\/ph-formula\/f-o-a-m-cleanse\/","title":{"rendered":"F.O.A.M. Cleanse"},"content":{"rendered":"<p data-start=\"5612\" data-end=\"5876\"><strong data-start=\"5612\" data-end=\"5647\">F.O.A.M. Cleanse nuo pH Formula<\/strong> yra skystas prausiklis su sodri\u0173 put\u0173 tekst\u016bra, skirtas \u0161velniam, bet veiksmingam valymui be muilo. Formul\u0117 \u0161velniai pa\u0161alina makia\u017e\u0105 ir ne\u0161varumus, nepa\u017eeisdama nat\u016bralaus odos balanso ir nesukeldama sausumo ar tempimo poj\u016b\u010dio.<\/p>\n<p data-start=\"5878\" data-end=\"6100\">Priemon\u0117 vienu metu valo ir ramina od\u0105, padeda i\u0161laikyti komforto ir gaivumo poj\u016bt\u012f, suteikia odai \u0161varesn\u0119, glotnesn\u0119 ir labiau pri\u017ei\u016br\u0117t\u0105 i\u0161vaizd\u0105. Reguliariai naudojant oda atrodo tolygesn\u0117, gaivesn\u0117 ir labiau \u0161vytinti.<\/p>\n<p data-start=\"6102\" data-end=\"6146\"><strong data-start=\"6102\" data-end=\"6144\">Pagrindini\u0173 sudedam\u0173j\u0173 dali\u0173 poveikis:<\/strong><\/p>\n<p data-start=\"6148\" data-end=\"6525\"><strong data-start=\"6148\" data-end=\"6181\">\u017daliosios arbatos ekstraktas:<\/strong> suteikia antioksidacin\u012f ir raminam\u0105j\u012f poveik\u012f bei padeda apsaugoti od\u0105 nuo neigiamo aplinkos poveikio.<br data-start=\"6284\" data-end=\"6287\" \/><strong data-start=\"6287\" data-end=\"6312\">Hamamelio ekstraktas:<\/strong> padeda valyti od\u0105, ma\u017eina diskomfort\u0105 ir palaiko gaivesn\u0119 bei pri\u017ei\u016br\u0117tesn\u0119 i\u0161vaizd\u0105.<br data-start=\"6398\" data-end=\"6401\" \/><strong data-start=\"6401\" data-end=\"6419\">Pieno r\u016bg\u0161tis:<\/strong> \u0161velniai skatina odos atsinaujinim\u0105, gerina tekst\u016br\u0105 ir padeda i\u0161laikyti tolygesn\u012f bei \u0161vytint\u012f atspalv\u012f.<\/p>\n<p data-start=\"6527\" data-end=\"6566\">Tinka \u0161velniam kasdieniam odos valymui.<\/p>\n<p data-start=\"6568\" data-end=\"6585\"><strong data-start=\"6568\" data-end=\"6578\">T\u016bris:<\/strong> 150 ml<\/p>\n","protected":false},"excerpt":{"rendered":"<p data-start=\"6826\" data-end=\"6895\"><span style=\"color: #ff0000;\"><strong data-start=\"6826\" data-end=\"6895\">pH Formula produkt\u0173 pristatymas galimas tik Estijos teritorijoje.<\/strong><\/span><\/p>\n<p data-start=\"6897\" data-end=\"7079\"><span style=\"color: #ff0000;\"><strong data-start=\"6897\" data-end=\"6904\">NB!<\/strong> Produkt\u0105 galima \u012fsigyti tik po specialisto konsultacijos. Skambinkite +372 58 500 171 arba ra\u0161ykite <a class=\"decorated-link cursor-pointer\" style=\"color: #ff0000;\" href=\"mailto:info@skinstudio.ee\" rel=\"noopener\" data-start=\"7005\" data-end=\"7023\">info@skinstudio.ee<\/a>. M\u016bs\u0173 konsultantai pad\u0117s jums \u012fsigyti \u0161\u012f prek\u0117s \u017eenkl\u0105.<\/span><\/p>\n<p data-start=\"7081\" data-end=\"7108\">Skystas prausiklis be muilo<\/p>\n<h2 data-start=\"7110\" data-end=\"7151\"><strong data-start=\"7110\" data-end=\"7151\">pH Formula &#8211; F.O.A.M. Cleanse Savyb\u0117s<\/strong><\/h2>\n<p data-start=\"7153\" data-end=\"7387\">\u2714\ufe0f \u0160velniai ir veiksmingai valo od\u0105 ir pa\u0161alina makia\u017e\u0105<br data-start=\"7208\" data-end=\"7211\" \/>\u2714\ufe0f Ramina od\u0105 ir palaiko komforto poj\u016bt\u012f<br data-start=\"7251\" data-end=\"7254\" \/>\u2714\ufe0f Suteikia odai gaivesn\u0119 ir \u0161vytin\u010di\u0105 i\u0161vaizd\u0105<br data-start=\"7301\" data-end=\"7304\" \/>\u2714\ufe0f Gerina odos tekst\u016br\u0105 ir bendr\u0105 i\u0161vaizd\u0105<br data-start=\"7346\" data-end=\"7349\" \/>\u2714\ufe0f Tinka kasdieniam \u0161velniam valymui<\/p>\n","protected":false},"featured_media":64998,"template":"","meta":[],"pwb-brand":[779],"product_brand":[],"product_cat":[654,718],"product_tag":[],"giftcard-category":[],"class_list":{"0":"post-77922","1":"product","2":"type-product","3":"status-publish","4":"has-post-thumbnail","6":"pwb-brand-ph-formula","7":"product_cat-ph-formula-lt","8":"product_cat-valymas","10":"first","11":"instock","12":"taxable","13":"shipping-taxable","14":"purchasable","15":"product-type-simple"},"acf":[],"brands":[{"id":779,"name":"pH Formula","slug":"ph-formula"}],"_links":{"self":[{"href":"https:\/\/skinstudio.ee\/lt\/wp-json\/wp\/v2\/product\/77922","targetHints":{"allow":["GET"]}}],"collection":[{"href":"https:\/\/skinstudio.ee\/lt\/wp-json\/wp\/v2\/product"}],"about":[{"href":"https:\/\/skinstudio.ee\/lt\/wp-json\/wp\/v2\/types\/product"}],"version-history":[{"count":1,"href":"https:\/\/skinstudio.ee\/lt\/wp-json\/wp\/v2\/product\/77922\/revisions"}],"predecessor-version":[{"id":77923,"href":"https:\/\/skinstudio.ee\/lt\/wp-json\/wp\/v2\/product\/77922\/revisions\/77923"}],"wp:featuredmedia":[{"embeddable":true,"href":"https:\/\/skinstudio.ee\/lt\/wp-json\/wp\/v2\/media\/64998"}],"wp:attachment":[{"href":"https:\/\/skinstudio.ee\/lt\/wp-json\/wp\/v2\/media?parent=77922"}],"wp:term":[{"taxonomy":"pwb-brand","embeddable":true,"href":"https:\/\/skinstudio.ee\/lt\/wp-json\/wp\/v2\/pwb-brand?post=77922"},{"taxonomy":"product_brand","embeddable":true,"href":"https:\/\/skinstudio.ee\/lt\/wp-json\/wp\/v2\/product_brand?post=77922"},{"taxonomy":"product_cat","embeddable":true,"href":"https:\/\/skinstudio.ee\/lt\/wp-json\/wp\/v2\/product_cat?post=77922"},{"taxonomy":"product_tag","embeddable":true,"href":"https:\/\/skinstudio.ee\/lt\/wp-json\/wp\/v2\/product_tag?post=77922"},{"taxonomy":"giftcard-category","embeddable":true,"href":"https:\/\/skinstudio.ee\/lt\/wp-json\/wp\/v2\/giftcard-category?post=77922"}],"curies":[{"name":"wp","href":"https:\/\/api.w.org\/{rel}","templated":true}]}}