{"id":77932,"date":"2025-04-02T12:04:06","date_gmt":"2025-04-02T12:04:06","guid":{"rendered":"https:\/\/skinstudio.ee\/?post_type=product&#038;p=77932"},"modified":"2026-02-13T15:29:07","modified_gmt":"2026-02-13T15:29:07","slug":"e-x-f-o-cleanse","status":"publish","type":"product","link":"https:\/\/skinstudio.ee\/lt\/catalog\/ph-formula\/e-x-f-o-cleanse\/","title":{"rendered":"E.X.F.O. Cleanse"},"content":{"rendered":"<p data-start=\"7531\" data-end=\"7799\"><strong data-start=\"7531\" data-end=\"7566\">E.X.F.O. Cleanse nuo pH Formula<\/strong> yra \u0161velnus eksfoliuojantis prausiklis, skirtas efektyviai pa\u0161alinti makia\u017e\u0105, ne\u0161varumus ir riebal\u0173 pertekli\u0173 nuo odos pavir\u0161iaus, nepa\u017eeid\u017eiant jos nat\u016bralaus balanso. Jis \u0161velniai valo od\u0105, nesukeldamas sausumo ar tempimo poj\u016b\u010dio.<\/p>\n<p data-start=\"7801\" data-end=\"8071\">Formul\u0117 skatina \u0161veln\u0173 negyv\u0173 odos l\u0105steli\u0173 \u0161alinim\u0105, tod\u0117l oda tampa glotnesn\u0117, gaivesn\u0117 ir geriau paruo\u0161ta tolimesniems prie\u017ei\u016bros etapams. Prausiklis gali b\u016bti naudojamas tiek pH Formula kontroliuojamose odos atnaujinimo proced\u016brose, tiek kasdien\u0117je nam\u0173 prie\u017ei\u016broje.<\/p>\n<p data-start=\"8073\" data-end=\"8230\">E.X.F.O. Cleanse tinka tiek profesionaliam naudojimui, tiek kasdienei odos prie\u017ei\u016bros rutinai, pad\u0117damas palaikyti \u0161vari\u0105, glotni\u0105 ir sveikai atrodan\u010di\u0105 od\u0105.<\/p>\n<p data-start=\"8232\" data-end=\"8276\"><strong data-start=\"8232\" data-end=\"8274\">Pagrindini\u0173 sudedam\u0173j\u0173 dali\u0173 poveikis:<\/strong><\/p>\n<ul data-start=\"8277\" data-end=\"8670\">\n<li data-start=\"8277\" data-end=\"8405\">\n<p data-start=\"8279\" data-end=\"8405\"><strong data-start=\"8279\" data-end=\"8302\">Laktobiono r\u016bg\u0161tis:<\/strong> \u0161velniai skatina odos atsinaujinim\u0105, padeda pagerinti tekst\u016br\u0105 ir i\u0161laikyti glotn\u0173 bei gaiv\u0173 vaizd\u0105.<\/p>\n<\/li>\n<li data-start=\"8406\" data-end=\"8546\">\n<p data-start=\"8408\" data-end=\"8546\"><strong data-start=\"8408\" data-end=\"8441\">Papajos fermentas (papainas):<\/strong> suteikia \u0161veln\u0173 fermentin\u012f \u0161veitim\u0105, pad\u0117damas pa\u0161alinti negyvas odos l\u0105steles be agresyvaus poveikio.<\/p>\n<\/li>\n<li data-start=\"8547\" data-end=\"8670\">\n<p data-start=\"8549\" data-end=\"8670\"><strong data-start=\"8549\" data-end=\"8580\">Vitaminas B5 ir karbamidas:<\/strong> padeda palaikyti odos dr\u0117gm\u0117s lyg\u012f, ma\u017eina diskomfort\u0105 ir palaiko odos apsaugin\u012f barjer\u0105.<\/p>\n<\/li>\n<\/ul>\n<p data-start=\"8672\" data-end=\"8712\">Tinka vis\u0173 tip\u0173 odai, \u012fskaitant jautri\u0105.<\/p>\n<p data-start=\"8714\" data-end=\"8752\"><strong data-start=\"8714\" data-end=\"8724\">T\u016bris:<\/strong> <strong data-start=\"8725\" data-end=\"8752\">20 ml \/ 100 ml \/ 200 ml<\/strong><\/p>\n","protected":false},"excerpt":{"rendered":"<p data-start=\"9392\" data-end=\"9461\"><span style=\"color: #ff0000;\"><strong data-start=\"9392\" data-end=\"9461\">pH Formula produkt\u0173 pristatymas galimas tik Estijos teritorijoje.<\/strong><\/span><\/p>\n<p data-start=\"9463\" data-end=\"9645\"><span style=\"color: #ff0000;\"><strong data-start=\"9463\" data-end=\"9470\">NB!<\/strong> Produkt\u0105 galima \u012fsigyti tik po specialisto konsultacijos. Skambinkite +372 58 500 171 arba ra\u0161ykite <a class=\"decorated-link cursor-pointer\" style=\"color: #ff0000;\" href=\"mailto:info@skinstudio.ee\" rel=\"noopener\" data-start=\"9571\" data-end=\"9589\">info@skinstudio.ee<\/a>. M\u016bs\u0173 konsultantai pad\u0117s jums \u012fsigyti \u0161\u012f prek\u0117s \u017eenkl\u0105.<\/span><\/p>\n<p data-start=\"9647\" data-end=\"9682\">Dr\u0117kinamasis valomasis eksfoliantas<\/p>\n<h2 data-start=\"9684\" data-end=\"9725\"><strong data-start=\"9684\" data-end=\"9725\">pH Formula &#8211; E.X.F.O. Cleanse Savyb\u0117s<\/strong><\/h2>\n<p data-start=\"9727\" data-end=\"9976\">\u2714\ufe0f \u0160velniai ir veiksmingai pa\u0161alina makia\u017e\u0105 ir ne\u0161varumus<br data-start=\"9784\" data-end=\"9787\" \/>\u2714\ufe0f U\u017etikrina \u0161veln\u0173 negyv\u0173 odos l\u0105steli\u0173 \u0161alinim\u0105<br data-start=\"9836\" data-end=\"9839\" \/>\u2714\ufe0f Padaro od\u0105 glotnesn\u0119 ir gaivesn\u0119<br data-start=\"9874\" data-end=\"9877\" \/>\u2714\ufe0f Paruo\u0161ia od\u0105 tolimesnei prie\u017ei\u016brai ir proced\u016broms<br data-start=\"9929\" data-end=\"9932\" \/>\u2714\ufe0f Tinka profesionaliam ir nam\u0173 naudojimui<\/p>\n","protected":false},"featured_media":64928,"template":"","meta":[],"pwb-brand":[779],"product_brand":[],"product_cat":[654,718],"product_tag":[],"giftcard-category":[],"class_list":{"0":"post-77932","1":"product","2":"type-product","3":"status-publish","4":"has-post-thumbnail","6":"pwb-brand-ph-formula","7":"product_cat-ph-formula-lt","8":"product_cat-valymas","9":"pa_suurus-100ml-lt","10":"pa_suurus-200ml-lt","11":"pa_suurus-20ml-lt","13":"first","14":"instock","15":"taxable","16":"shipping-taxable","17":"purchasable","18":"product-type-variable"},"acf":[],"brands":[{"id":779,"name":"pH Formula","slug":"ph-formula"}],"_links":{"self":[{"href":"https:\/\/skinstudio.ee\/lt\/wp-json\/wp\/v2\/product\/77932","targetHints":{"allow":["GET"]}}],"collection":[{"href":"https:\/\/skinstudio.ee\/lt\/wp-json\/wp\/v2\/product"}],"about":[{"href":"https:\/\/skinstudio.ee\/lt\/wp-json\/wp\/v2\/types\/product"}],"version-history":[{"count":1,"href":"https:\/\/skinstudio.ee\/lt\/wp-json\/wp\/v2\/product\/77932\/revisions"}],"predecessor-version":[{"id":77936,"href":"https:\/\/skinstudio.ee\/lt\/wp-json\/wp\/v2\/product\/77932\/revisions\/77936"}],"wp:featuredmedia":[{"embeddable":true,"href":"https:\/\/skinstudio.ee\/lt\/wp-json\/wp\/v2\/media\/64928"}],"wp:attachment":[{"href":"https:\/\/skinstudio.ee\/lt\/wp-json\/wp\/v2\/media?parent=77932"}],"wp:term":[{"taxonomy":"pwb-brand","embeddable":true,"href":"https:\/\/skinstudio.ee\/lt\/wp-json\/wp\/v2\/pwb-brand?post=77932"},{"taxonomy":"product_brand","embeddable":true,"href":"https:\/\/skinstudio.ee\/lt\/wp-json\/wp\/v2\/product_brand?post=77932"},{"taxonomy":"product_cat","embeddable":true,"href":"https:\/\/skinstudio.ee\/lt\/wp-json\/wp\/v2\/product_cat?post=77932"},{"taxonomy":"product_tag","embeddable":true,"href":"https:\/\/skinstudio.ee\/lt\/wp-json\/wp\/v2\/product_tag?post=77932"},{"taxonomy":"giftcard-category","embeddable":true,"href":"https:\/\/skinstudio.ee\/lt\/wp-json\/wp\/v2\/giftcard-category?post=77932"}],"curies":[{"name":"wp","href":"https:\/\/api.w.org\/{rel}","templated":true}]}}