{"id":77946,"date":"2025-04-01T14:49:27","date_gmt":"2025-04-01T14:49:27","guid":{"rendered":"https:\/\/skinstudio.ee\/?post_type=product&#038;p=77946"},"modified":"2026-02-13T15:29:09","modified_gmt":"2026-02-13T15:29:09","slug":"g-e-l-cleanse","status":"publish","type":"product","link":"https:\/\/skinstudio.ee\/lt\/catalog\/ph-formula\/g-e-l-cleanse\/","title":{"rendered":"G.E.L. Cleanse"},"content":{"rendered":"<p data-start=\"5754\" data-end=\"6022\"><strong data-start=\"5754\" data-end=\"5787\">G.E.L. Cleanse nuo pH Formula<\/strong> yra \u0161velnus, be muilo prausiamasis gelis, skirtas veiksmingam ir delika\u010diam vis\u0173 tip\u0173 odos valymui. Priemon\u0117 kruop\u0161\u010diai pa\u0161alina ne\u0161varumus ir makia\u017e\u0105, nepa\u017eeisdama nat\u016bralaus odos dr\u0117gm\u0117s balanso, palikdama od\u0105 gaivi\u0105 ir komforti\u0161k\u0105.<\/p>\n<p data-start=\"6024\" data-end=\"6236\">Formul\u0117 veikia \u0161velniai, nesukeldama sausumo ar tempimo poj\u016b\u010dio, padeda i\u0161laikyti apsaugin\u012f odos barjer\u0105 ir palaiko sveik\u0105 odos i\u0161vaizd\u0105. Reguliariai naudojant oda atrodo gaivesn\u0117, glotnesn\u0117 ir labiau pri\u017ei\u016br\u0117ta.<\/p>\n<p data-start=\"6238\" data-end=\"6282\"><strong data-start=\"6238\" data-end=\"6280\">Pagrindini\u0173 sudedam\u0173j\u0173 dali\u0173 poveikis:<\/strong><\/p>\n<ul data-start=\"6283\" data-end=\"6659\">\n<li data-start=\"6283\" data-end=\"6407\">\n<p data-start=\"6285\" data-end=\"6407\"><strong data-start=\"6285\" data-end=\"6303\">Pieno r\u016bg\u0161tis:<\/strong> skatina l\u0105steli\u0173 atsinaujinim\u0105, padeda palaikyti odos dr\u0117gm\u0119 ir suteikia odai glotnumo bei spindesio.<\/p>\n<\/li>\n<li data-start=\"6408\" data-end=\"6540\">\n<p data-start=\"6410\" data-end=\"6540\"><strong data-start=\"6410\" data-end=\"6449\">\u0160iaurieti\u0161kos medviln\u0117s ekstraktas:<\/strong> ramina od\u0105, stiprina jos barjerines funkcijas ir padeda apsaugoti nuo i\u0161orini\u0173 veiksni\u0173.<\/p>\n<\/li>\n<li data-start=\"6541\" data-end=\"6659\">\n<p data-start=\"6543\" data-end=\"6659\"><strong data-start=\"6543\" data-end=\"6574\">Ramun\u0117li\u0173 \u017eied\u0173 ekstraktas:<\/strong> pasi\u017eymi antioksidacin\u0117mis ir raminamosiomis savyb\u0117mis bei gerina bendr\u0105 odos b\u016bkl\u0119.<\/p>\n<\/li>\n<\/ul>\n<p data-start=\"6661\" data-end=\"6721\">Tinka kasdieniam vis\u0173 tip\u0173 odos, \u012fskaitant jautri\u0105, valymui.<\/p>\n<p data-start=\"6723\" data-end=\"6744\"><strong data-start=\"6723\" data-end=\"6733\">T\u016bris:<\/strong> <strong data-start=\"6734\" data-end=\"6744\">100 ml<\/strong><\/p>\n","protected":false},"excerpt":{"rendered":"<p data-start=\"6993\" data-end=\"7062\"><span style=\"color: #ff0000;\"><strong data-start=\"6993\" data-end=\"7062\">pH Formula produkt\u0173 pristatymas galimas tik Estijos teritorijoje.<\/strong><\/span><\/p>\n<p data-start=\"7064\" data-end=\"7246\"><span style=\"color: #ff0000;\"><strong data-start=\"7064\" data-end=\"7071\">NB!<\/strong> Produkt\u0105 galima \u012fsigyti tik po specialisto konsultacijos. Skambinkite +372 58 500 171 arba ra\u0161ykite <a class=\"decorated-link cursor-pointer\" style=\"color: #ff0000;\" href=\"mailto:info@skinstudio.ee\" rel=\"noopener\" data-start=\"7172\" data-end=\"7190\">info@skinstudio.ee<\/a>. M\u016bs\u0173 konsultantai pad\u0117s jums \u012fsigyti \u0161\u012f prek\u0117s \u017eenkl\u0105.<\/span><\/p>\n<p data-start=\"7248\" data-end=\"7283\">\u0160velnus prausiamasis gelis be muilo<\/p>\n<h2 data-start=\"7285\" data-end=\"7324\"><strong data-start=\"7285\" data-end=\"7324\">pH Formula &#8211; G.E.L. Cleanse Savyb\u0117s<\/strong><\/h2>\n<p data-start=\"7326\" data-end=\"7557\">\u2714\ufe0f \u0160velniai ir veiksmingai valo od\u0105 bei pa\u0161alina makia\u017e\u0105<br data-start=\"7382\" data-end=\"7385\" \/>\u2714\ufe0f Palaiko nat\u016bral\u0173 odos dr\u0117gm\u0117s balans\u0105<br data-start=\"7425\" data-end=\"7428\" \/>\u2714\ufe0f Ramina od\u0105 ir stiprina apsaugin\u012f barjer\u0105<br data-start=\"7471\" data-end=\"7474\" \/>\u2714\ufe0f Suteikia odai glotnumo ir gaivumo<br data-start=\"7510\" data-end=\"7513\" \/>\u2714\ufe0f Tinka vis\u0173 tip\u0173 odai, \u012fskaitant jautri\u0105<\/p>\n","protected":false},"featured_media":64933,"template":"","meta":[],"pwb-brand":[779],"product_brand":[],"product_cat":[654,718],"product_tag":[],"giftcard-category":[],"class_list":{"0":"post-77946","1":"product","2":"type-product","3":"status-publish","4":"has-post-thumbnail","6":"pwb-brand-ph-formula","7":"product_cat-ph-formula-lt","8":"product_cat-valymas","10":"first","11":"instock","12":"taxable","13":"shipping-taxable","14":"purchasable","15":"product-type-simple"},"acf":[],"brands":[{"id":779,"name":"pH Formula","slug":"ph-formula"}],"_links":{"self":[{"href":"https:\/\/skinstudio.ee\/lt\/wp-json\/wp\/v2\/product\/77946","targetHints":{"allow":["GET"]}}],"collection":[{"href":"https:\/\/skinstudio.ee\/lt\/wp-json\/wp\/v2\/product"}],"about":[{"href":"https:\/\/skinstudio.ee\/lt\/wp-json\/wp\/v2\/types\/product"}],"version-history":[{"count":1,"href":"https:\/\/skinstudio.ee\/lt\/wp-json\/wp\/v2\/product\/77946\/revisions"}],"predecessor-version":[{"id":77947,"href":"https:\/\/skinstudio.ee\/lt\/wp-json\/wp\/v2\/product\/77946\/revisions\/77947"}],"wp:featuredmedia":[{"embeddable":true,"href":"https:\/\/skinstudio.ee\/lt\/wp-json\/wp\/v2\/media\/64933"}],"wp:attachment":[{"href":"https:\/\/skinstudio.ee\/lt\/wp-json\/wp\/v2\/media?parent=77946"}],"wp:term":[{"taxonomy":"pwb-brand","embeddable":true,"href":"https:\/\/skinstudio.ee\/lt\/wp-json\/wp\/v2\/pwb-brand?post=77946"},{"taxonomy":"product_brand","embeddable":true,"href":"https:\/\/skinstudio.ee\/lt\/wp-json\/wp\/v2\/product_brand?post=77946"},{"taxonomy":"product_cat","embeddable":true,"href":"https:\/\/skinstudio.ee\/lt\/wp-json\/wp\/v2\/product_cat?post=77946"},{"taxonomy":"product_tag","embeddable":true,"href":"https:\/\/skinstudio.ee\/lt\/wp-json\/wp\/v2\/product_tag?post=77946"},{"taxonomy":"giftcard-category","embeddable":true,"href":"https:\/\/skinstudio.ee\/lt\/wp-json\/wp\/v2\/giftcard-category?post=77946"}],"curies":[{"name":"wp","href":"https:\/\/api.w.org\/{rel}","templated":true}]}}