{"id":77954,"date":"2025-03-29T12:35:35","date_gmt":"2025-03-29T12:35:35","guid":{"rendered":"https:\/\/skinstudio.ee\/?post_type=product&#038;p=77954"},"modified":"2026-02-13T15:29:05","modified_gmt":"2026-02-13T15:29:05","slug":"c-r-recovery","status":"publish","type":"product","link":"https:\/\/skinstudio.ee\/lt\/catalog\/ph-formula\/c-r-recovery\/","title":{"rendered":"C.R. Recovery"},"content":{"rendered":"<p data-start=\"5788\" data-end=\"6072\"><strong data-start=\"5788\" data-end=\"5820\">C.R. Recovery nuo pH Formula<\/strong> \u2013 tai atkuriamasis koncentratas, skirtas odai palaikyti kontroliuojam\u0173 odos atnaujinimo proced\u016br\u0173 metu ir po j\u0173. Formul\u0117 aktyvina regeneracijos procesus, padeda odai grei\u010diau atsistatyti po intensyvi\u0173 proced\u016br\u0173 ir palaiko sveiko epidermio formavim\u0105si.<\/p>\n<p data-start=\"6074\" data-end=\"6217\">Aktyvi\u0173j\u0173 ingredient\u0173 sinergija padeda paspartinti odos atsistatym\u0105, sustiprinti jos apsaugines funkcijas ir suma\u017einti b\u016bsim\u0173 pa\u017eeidim\u0173 rizik\u0105.<\/p>\n<p data-start=\"6219\" data-end=\"6263\"><strong data-start=\"6219\" data-end=\"6261\">Pagrindini\u0173 sudedam\u0173j\u0173 dali\u0173 poveikis:<\/strong><\/p>\n<ul data-start=\"6264\" data-end=\"6572\">\n<li data-start=\"6264\" data-end=\"6345\">\n<p data-start=\"6266\" data-end=\"6345\"><strong data-start=\"6266\" data-end=\"6280\">Retinolis:<\/strong> skatina odos l\u0105steli\u0173 atsinaujinim\u0105 ir epidermio regeneracij\u0105.<\/p>\n<\/li>\n<li data-start=\"6346\" data-end=\"6443\">\n<p data-start=\"6348\" data-end=\"6443\"><strong data-start=\"6348\" data-end=\"6373\">Laktobionin\u0117 r\u016bg\u0161tis:<\/strong> padeda \u0161velniai atkurti od\u0105, gerina jos tekst\u016br\u0105 ir palaiko dr\u0117gm\u0119.<\/p>\n<\/li>\n<li data-start=\"6444\" data-end=\"6572\">\n<p data-start=\"6446\" data-end=\"6572\"><strong data-start=\"6446\" data-end=\"6486\">Azeloglicinas ir pH-DVC\u2122 kompleksas:<\/strong> stiprina odos apsauginius mechanizmus, suteikia raminam\u0105j\u012f ir antioksidacin\u012f poveik\u012f.<\/p>\n<\/li>\n<\/ul>\n<p data-start=\"6574\" data-end=\"6659\">Tinka naudoti proced\u016br\u0173 metu ir atsistatymo laikotarpiu po j\u0173, \u012fskaitant jautri\u0105 od\u0105.<\/p>\n<p data-start=\"6661\" data-end=\"6681\"><strong data-start=\"6661\" data-end=\"6671\">T\u016bris:<\/strong> <strong data-start=\"6672\" data-end=\"6681\">30 ml<\/strong><\/p>\n","protected":false},"excerpt":{"rendered":"<p data-start=\"6960\" data-end=\"7029\"><span style=\"color: #ff0000;\"><strong data-start=\"6960\" data-end=\"7029\">pH Formula produkt\u0173 pristatymas galimas tik Estijos teritorijoje.<\/strong><\/span><\/p>\n<p data-start=\"7031\" data-end=\"7208\"><span style=\"color: #ff0000;\"><strong data-start=\"7031\" data-end=\"7038\">NB!<\/strong> Produkt\u0105 galima \u012fsigyti tik po specialisto konsultacijos. Skambinkite +372 58 500 171 arba ra\u0161ykite <a class=\"decorated-link cursor-pointer\" style=\"color: #ff0000;\" href=\"mailto:info@skinstudio.ee\" rel=\"noopener\" data-start=\"7139\" data-end=\"7157\">info@skinstudio.ee<\/a>. M\u016bs\u0173 konsultantai pad\u0117s \u012fsigyti \u0161\u012f prek\u0117s \u017eenkl\u0105.<\/span><\/p>\n<p data-start=\"7210\" data-end=\"7249\">Atkuriamasis koncentratas jautriai odai<\/p>\n<h2 data-start=\"7251\" data-end=\"7289\"><strong data-start=\"7251\" data-end=\"7289\">pH Formula &#8211; C.R. Recovery Savyb\u0117s<\/strong><\/h2>\n<p data-start=\"7291\" data-end=\"7532\">\u2714\ufe0f Pagreitina odos atsistatym\u0105 po proced\u016br\u0173<br data-start=\"7334\" data-end=\"7337\" \/>\u2714\ufe0f Palaiko epidermio regeneracij\u0105<br data-start=\"7370\" data-end=\"7373\" \/>\u2714\ufe0f Stiprina nat\u016bralius odos apsaugos mechanizmus<br data-start=\"7421\" data-end=\"7424\" \/>\u2714\ufe0f Suteikia antioksidacin\u012f ir prie\u0161u\u017edegimin\u012f poveik\u012f<br data-start=\"7477\" data-end=\"7480\" \/>\u2714\ufe0f Padeda palaikyti odos sveikat\u0105 atsistatymo metu<\/p>\n","protected":false},"featured_media":64938,"template":"","meta":[],"pwb-brand":[779],"product_brand":[],"product_cat":[746,654,724],"product_tag":[],"giftcard-category":[],"class_list":{"0":"post-77954","1":"product","2":"type-product","3":"status-publish","4":"has-post-thumbnail","6":"pwb-brand-ph-formula","7":"product_cat-jautriai-odai","8":"product_cat-ph-formula-lt","9":"product_cat-serumai","11":"first","12":"instock","13":"taxable","14":"shipping-taxable","15":"purchasable","16":"product-type-simple"},"acf":[],"brands":[{"id":779,"name":"pH Formula","slug":"ph-formula"}],"_links":{"self":[{"href":"https:\/\/skinstudio.ee\/lt\/wp-json\/wp\/v2\/product\/77954","targetHints":{"allow":["GET"]}}],"collection":[{"href":"https:\/\/skinstudio.ee\/lt\/wp-json\/wp\/v2\/product"}],"about":[{"href":"https:\/\/skinstudio.ee\/lt\/wp-json\/wp\/v2\/types\/product"}],"version-history":[{"count":1,"href":"https:\/\/skinstudio.ee\/lt\/wp-json\/wp\/v2\/product\/77954\/revisions"}],"predecessor-version":[{"id":77955,"href":"https:\/\/skinstudio.ee\/lt\/wp-json\/wp\/v2\/product\/77954\/revisions\/77955"}],"wp:featuredmedia":[{"embeddable":true,"href":"https:\/\/skinstudio.ee\/lt\/wp-json\/wp\/v2\/media\/64938"}],"wp:attachment":[{"href":"https:\/\/skinstudio.ee\/lt\/wp-json\/wp\/v2\/media?parent=77954"}],"wp:term":[{"taxonomy":"pwb-brand","embeddable":true,"href":"https:\/\/skinstudio.ee\/lt\/wp-json\/wp\/v2\/pwb-brand?post=77954"},{"taxonomy":"product_brand","embeddable":true,"href":"https:\/\/skinstudio.ee\/lt\/wp-json\/wp\/v2\/product_brand?post=77954"},{"taxonomy":"product_cat","embeddable":true,"href":"https:\/\/skinstudio.ee\/lt\/wp-json\/wp\/v2\/product_cat?post=77954"},{"taxonomy":"product_tag","embeddable":true,"href":"https:\/\/skinstudio.ee\/lt\/wp-json\/wp\/v2\/product_tag?post=77954"},{"taxonomy":"giftcard-category","embeddable":true,"href":"https:\/\/skinstudio.ee\/lt\/wp-json\/wp\/v2\/giftcard-category?post=77954"}],"curies":[{"name":"wp","href":"https:\/\/api.w.org\/{rel}","templated":true}]}}