{"id":77963,"date":"2025-03-29T11:56:02","date_gmt":"2025-03-29T11:56:02","guid":{"rendered":"https:\/\/skinstudio.ee\/?post_type=product&#038;p=77963"},"modified":"2026-02-13T15:29:11","modified_gmt":"2026-02-13T15:29:11","slug":"m-e-l-a-recovery","status":"publish","type":"product","link":"https:\/\/skinstudio.ee\/lt\/catalog\/ph-formula\/m-e-l-a-recovery\/","title":{"rendered":"M.E.L.A. Recovery"},"content":{"rendered":"<p data-start=\"6675\" data-end=\"6967\">M.E.L.A. Recovery nuo pH Formula yra atkuriamasis koncentratas, specialiai sukurtas odai su hiperpigmentacija kontroliuojam\u0173 odos atnaujinimo proced\u016br\u0173 metu ir po j\u0173. Priemon\u0117 skirta odai palaikyti po intensyvi\u0173 profesionali\u0173 proced\u016br\u0173 ir padeda atkurti tolygesn\u0119 bei sveikesn\u0119 odos i\u0161vaizd\u0105.<\/p>\n<p data-start=\"6969\" data-end=\"7211\">Formul\u0117 paremta aktyvi\u0173j\u0173 ingredient\u0173 sinergija, kai j\u0173 poveikis sustiprina vienas kit\u0105. Tai padeda pagreitinti odos atsistatym\u0105, palaikyti bendr\u0105 odos b\u016bkl\u0119 ir suma\u017einti pakartotinio pa\u017eeidimo bei pigmentacijos atsinaujinimo rizik\u0105 ateityje.<\/p>\n<p data-start=\"7213\" data-end=\"7672\"><strong data-start=\"7213\" data-end=\"7255\">Pagrindini\u0173 sudedam\u0173j\u0173 dali\u0173 poveikis:<\/strong><\/p>\n<ul>\n<li data-start=\"7213\" data-end=\"7672\"><strong data-start=\"7258\" data-end=\"7298\">Migdol\u0173 r\u016bg\u0161tis ir salicilo r\u016bg\u0161tis:<\/strong> skatina odos atsinaujinim\u0105, gerina tekst\u016br\u0105 ir padeda suvienodinti odos ton\u0105.<\/li>\n<li data-start=\"7213\" data-end=\"7672\"><strong data-start=\"7379\" data-end=\"7425\">Niacinamidas, arbutinas ir fitino r\u016bg\u0161tis:<\/strong> skirti hiperpigmentacijos korekcijai, padeda palaikyti tolygesn\u012f ir \u0161viesesn\u012f odos ton\u0105.<\/li>\n<li data-start=\"7213\" data-end=\"7672\"><strong data-start=\"7517\" data-end=\"7566\">Retinolis, glutationas ir pH-DVC\u2122 kompleksas:<\/strong> palaiko regeneracijos procesus, suteikia antioksidacin\u0119 apsaug\u0105 ir stiprina odos apsauginius mechanizmus.<\/li>\n<\/ul>\n<p data-start=\"7674\" data-end=\"7754\">Tinka odai su hiperpigmentacija proced\u016br\u0173 metu ir atsistatymo laikotarpiu po j\u0173.<\/p>\n<p data-start=\"7756\" data-end=\"7776\"><strong data-start=\"7756\" data-end=\"7766\">T\u016bris:<\/strong> <strong data-start=\"7767\" data-end=\"7776\">30 ml<\/strong><\/p>\n","protected":false},"excerpt":{"rendered":"<p data-start=\"8167\" data-end=\"8236\"><span style=\"color: #ff0000;\"><strong data-start=\"8167\" data-end=\"8236\">pH Formula produkt\u0173 pristatymas galimas tik Estijos teritorijoje.<\/strong><\/span><\/p>\n<p data-start=\"8238\" data-end=\"8420\"><span style=\"color: #ff0000;\"><strong data-start=\"8238\" data-end=\"8245\">NB!<\/strong> Produkt\u0105 galima \u012fsigyti tik po specialisto konsultacijos. Skambinkite +372 58 500 171 arba ra\u0161ykite <a class=\"decorated-link cursor-pointer\" style=\"color: #ff0000;\" href=\"mailto:info@skinstudio.ee\" rel=\"noopener\" data-start=\"8346\" data-end=\"8364\">info@skinstudio.ee<\/a>. M\u016bs\u0173 konsultantai pad\u0117s jums \u012fsigyti \u0161\u012f prek\u0117s \u017eenkl\u0105.<\/span><\/p>\n<p data-start=\"8422\" data-end=\"8473\">Atkuriamasis koncentratas odai su hiperpigmentacija<\/p>\n<h2 data-start=\"8475\" data-end=\"8517\"><strong data-start=\"8475\" data-end=\"8517\">pH Formula &#8211; M.E.L.A. Recovery Savyb\u0117s<\/strong><\/h2>\n<p data-start=\"8519\" data-end=\"8811\">\u2714\ufe0f Padeda pagerinti hiperpigmentacijos ir netolygaus tono i\u0161vaizd\u0105<br data-start=\"8585\" data-end=\"8588\" \/>\u2714\ufe0f Palaiko odos atsistatym\u0105 po intensyvi\u0173 proced\u016br\u0173<br data-start=\"8639\" data-end=\"8642\" \/>\u2714\ufe0f Skatina tolygesn\u0119 ir sveikesn\u0119 odos i\u0161vaizd\u0105<br data-start=\"8689\" data-end=\"8692\" \/>\u2714\ufe0f Suteikia antioksidacin\u012f palaikym\u0105 atsistatymo laikotarpiu<br data-start=\"8752\" data-end=\"8755\" \/>\u2714\ufe0f Padeda suma\u017einti pigmentacijos pasikartojimo rizik\u0105<\/p>\n","protected":false},"featured_media":64943,"template":"","meta":[],"pwb-brand":[779],"product_brand":[],"product_cat":[654,752,724],"product_tag":[],"giftcard-category":[],"class_list":{"0":"post-77963","1":"product","2":"type-product","3":"status-publish","4":"has-post-thumbnail","6":"pwb-brand-ph-formula","7":"product_cat-ph-formula-lt","8":"product_cat-pigmentacija-lt","9":"product_cat-serumai","11":"first","12":"instock","13":"sale","14":"taxable","15":"shipping-taxable","16":"purchasable","17":"product-type-simple"},"acf":[],"brands":[{"id":779,"name":"pH Formula","slug":"ph-formula"}],"_links":{"self":[{"href":"https:\/\/skinstudio.ee\/lt\/wp-json\/wp\/v2\/product\/77963","targetHints":{"allow":["GET"]}}],"collection":[{"href":"https:\/\/skinstudio.ee\/lt\/wp-json\/wp\/v2\/product"}],"about":[{"href":"https:\/\/skinstudio.ee\/lt\/wp-json\/wp\/v2\/types\/product"}],"version-history":[{"count":1,"href":"https:\/\/skinstudio.ee\/lt\/wp-json\/wp\/v2\/product\/77963\/revisions"}],"predecessor-version":[{"id":77964,"href":"https:\/\/skinstudio.ee\/lt\/wp-json\/wp\/v2\/product\/77963\/revisions\/77964"}],"wp:featuredmedia":[{"embeddable":true,"href":"https:\/\/skinstudio.ee\/lt\/wp-json\/wp\/v2\/media\/64943"}],"wp:attachment":[{"href":"https:\/\/skinstudio.ee\/lt\/wp-json\/wp\/v2\/media?parent=77963"}],"wp:term":[{"taxonomy":"pwb-brand","embeddable":true,"href":"https:\/\/skinstudio.ee\/lt\/wp-json\/wp\/v2\/pwb-brand?post=77963"},{"taxonomy":"product_brand","embeddable":true,"href":"https:\/\/skinstudio.ee\/lt\/wp-json\/wp\/v2\/product_brand?post=77963"},{"taxonomy":"product_cat","embeddable":true,"href":"https:\/\/skinstudio.ee\/lt\/wp-json\/wp\/v2\/product_cat?post=77963"},{"taxonomy":"product_tag","embeddable":true,"href":"https:\/\/skinstudio.ee\/lt\/wp-json\/wp\/v2\/product_tag?post=77963"},{"taxonomy":"giftcard-category","embeddable":true,"href":"https:\/\/skinstudio.ee\/lt\/wp-json\/wp\/v2\/giftcard-category?post=77963"}],"curies":[{"name":"wp","href":"https:\/\/api.w.org\/{rel}","templated":true}]}}