{"id":77971,"date":"2025-03-29T11:39:35","date_gmt":"2025-03-29T11:39:35","guid":{"rendered":"https:\/\/skinstudio.ee\/?post_type=product&#038;p=77971"},"modified":"2026-02-13T15:29:03","modified_gmt":"2026-02-13T15:29:03","slug":"a-g-e-recovery","status":"publish","type":"product","link":"https:\/\/skinstudio.ee\/lt\/catalog\/ph-formula\/a-g-e-recovery\/","title":{"rendered":"A.G.E. Recovery"},"content":{"rendered":"<p data-start=\"6433\" data-end=\"6737\"><strong data-start=\"6433\" data-end=\"6467\">A.G.E. Recovery nuo pH Formula<\/strong> \u2013 atkuriamasis koncentratas, specialiai sukurtas brand\u017eiai, am\u017eiaus po\u017eymi\u0173 turin\u010diai odai kontroliuojam\u0173 odos atnaujinimo proced\u016br\u0173 metu ir po j\u0173. Priemon\u0117 palaiko od\u0105 po intensyvi\u0173 profesionali\u0173 proced\u016br\u0173 ir padeda pagerinti bendr\u0105 odos b\u016bkl\u0119, stangrum\u0105 bei i\u0161vaizd\u0105.<\/p>\n<p data-start=\"6739\" data-end=\"6962\">Formul\u0117 pagr\u012fsta aktyvi\u0173j\u0173 ingredient\u0173 sinergija, kai j\u0173 poveikis sustiprina vienas kit\u0105. Tai padeda paspartinti odos atsistatym\u0105, palaikyti odos sveikat\u0105 ir suma\u017einti su am\u017eiaus poky\u010diais susijusi\u0173 b\u016bsim\u0173 pa\u017eeidim\u0173 rizik\u0105.<\/p>\n<p data-start=\"6964\" data-end=\"7008\"><strong data-start=\"6964\" data-end=\"7006\">Pagrindini\u0173 sudedam\u0173j\u0173 dali\u0173 poveikis:<\/strong><\/p>\n<ul data-start=\"7009\" data-end=\"7373\">\n<li data-start=\"7009\" data-end=\"7105\">\n<p data-start=\"7011\" data-end=\"7105\"><strong data-start=\"7011\" data-end=\"7025\">Retinolis:<\/strong> skatina odos atsinaujinim\u0105 ir regeneracij\u0105, padeda ma\u017einti sen\u0117jimo po\u017eymius.<\/p>\n<\/li>\n<li data-start=\"7106\" data-end=\"7196\">\n<p data-start=\"7108\" data-end=\"7196\"><strong data-start=\"7108\" data-end=\"7125\">Niacinamidas:<\/strong> palaiko odos barjerines funkcijas, gerina odos ton\u0105 ir bendr\u0105 b\u016bkl\u0119.<\/p>\n<\/li>\n<li data-start=\"7197\" data-end=\"7373\">\n<p data-start=\"7199\" data-end=\"7373\"><strong data-start=\"7199\" data-end=\"7280\">Pirovino, glikolio ir galaktaro r\u016bg\u0161tys, piknogenolis\u00ae ir pH-DVC\u2122 kompleksas:<\/strong> skatina odos atsinaujinim\u0105, suteikia antioksidacin\u0119 apsaug\u0105 ir palaiko atsistatymo procesus.<\/p>\n<\/li>\n<\/ul>\n<p data-start=\"7375\" data-end=\"7455\">Tinka odai su am\u017eiaus poky\u010diais proced\u016br\u0173 metu ir atsistatymo laikotarpiu po j\u0173.<\/p>\n<p data-start=\"7457\" data-end=\"7477\"><strong data-start=\"7457\" data-end=\"7467\">T\u016bris:<\/strong> <strong data-start=\"7468\" data-end=\"7477\">30 ml<\/strong><\/p>\n","protected":false},"excerpt":{"rendered":"<p data-start=\"7840\" data-end=\"7909\"><span style=\"color: #ff0000;\"><strong data-start=\"7840\" data-end=\"7909\">pH Formula produkt\u0173 pristatymas galimas tik Estijos teritorijoje.<\/strong><\/span><\/p>\n<p data-start=\"7911\" data-end=\"8088\"><span style=\"color: #ff0000;\"><strong data-start=\"7911\" data-end=\"7918\">NB!<\/strong> Produkt\u0105 galima \u012fsigyti tik po specialisto konsultacijos. Skambinkite +372 58 500 171 arba ra\u0161ykite <a class=\"decorated-link cursor-pointer\" style=\"color: #ff0000;\" href=\"mailto:info@skinstudio.ee\" rel=\"noopener\" data-start=\"8019\" data-end=\"8037\">info@skinstudio.ee<\/a>. M\u016bs\u0173 konsultantai pad\u0117s \u012fsigyti \u0161\u012f prek\u0117s \u017eenkl\u0105.<\/span><\/p>\n<p data-start=\"8090\" data-end=\"8129\">Atkuriamasis prie\u0161sen\u0117jimo koncentratas<\/p>\n<h2 data-start=\"8131\" data-end=\"8171\"><strong data-start=\"8131\" data-end=\"8171\">pH Formula &#8211; A.G.E. Recovery Savyb\u0117s<\/strong><\/h2>\n<p data-start=\"8173\" data-end=\"8420\">\u2714\ufe0f Palaiko odos atsistatym\u0105 po proced\u016br\u0173<br data-start=\"8213\" data-end=\"8216\" \/>\u2714\ufe0f Padeda i\u0161laikyti odos stangrum\u0105 ir tank\u012f<br data-start=\"8259\" data-end=\"8262\" \/>\u2714\ufe0f Ma\u017eina su am\u017eiumi susijusi\u0173 poky\u010di\u0173 matomum\u0105<br data-start=\"8309\" data-end=\"8312\" \/>\u2714\ufe0f Suteikia antioksidacin\u012f ir prie\u0161u\u017edegimin\u012f palaikym\u0105<br data-start=\"8367\" data-end=\"8370\" \/>\u2714\ufe0f Padeda suma\u017einti b\u016bsim\u0173 odos pa\u017eeidim\u0173 rizik\u0105<\/p>\n","protected":false},"featured_media":64948,"template":"","meta":[],"pwb-brand":[779],"product_brand":[],"product_cat":[654,750,724],"product_tag":[],"giftcard-category":[],"class_list":{"0":"post-77971","1":"product","2":"type-product","3":"status-publish","4":"has-post-thumbnail","6":"pwb-brand-ph-formula","7":"product_cat-ph-formula-lt","8":"product_cat-senstanti-oda","9":"product_cat-serumai","11":"first","12":"instock","13":"taxable","14":"shipping-taxable","15":"purchasable","16":"product-type-simple"},"acf":[],"brands":[{"id":779,"name":"pH Formula","slug":"ph-formula"}],"_links":{"self":[{"href":"https:\/\/skinstudio.ee\/lt\/wp-json\/wp\/v2\/product\/77971","targetHints":{"allow":["GET"]}}],"collection":[{"href":"https:\/\/skinstudio.ee\/lt\/wp-json\/wp\/v2\/product"}],"about":[{"href":"https:\/\/skinstudio.ee\/lt\/wp-json\/wp\/v2\/types\/product"}],"version-history":[{"count":1,"href":"https:\/\/skinstudio.ee\/lt\/wp-json\/wp\/v2\/product\/77971\/revisions"}],"predecessor-version":[{"id":77972,"href":"https:\/\/skinstudio.ee\/lt\/wp-json\/wp\/v2\/product\/77971\/revisions\/77972"}],"wp:featuredmedia":[{"embeddable":true,"href":"https:\/\/skinstudio.ee\/lt\/wp-json\/wp\/v2\/media\/64948"}],"wp:attachment":[{"href":"https:\/\/skinstudio.ee\/lt\/wp-json\/wp\/v2\/media?parent=77971"}],"wp:term":[{"taxonomy":"pwb-brand","embeddable":true,"href":"https:\/\/skinstudio.ee\/lt\/wp-json\/wp\/v2\/pwb-brand?post=77971"},{"taxonomy":"product_brand","embeddable":true,"href":"https:\/\/skinstudio.ee\/lt\/wp-json\/wp\/v2\/product_brand?post=77971"},{"taxonomy":"product_cat","embeddable":true,"href":"https:\/\/skinstudio.ee\/lt\/wp-json\/wp\/v2\/product_cat?post=77971"},{"taxonomy":"product_tag","embeddable":true,"href":"https:\/\/skinstudio.ee\/lt\/wp-json\/wp\/v2\/product_tag?post=77971"},{"taxonomy":"giftcard-category","embeddable":true,"href":"https:\/\/skinstudio.ee\/lt\/wp-json\/wp\/v2\/giftcard-category?post=77971"}],"curies":[{"name":"wp","href":"https:\/\/api.w.org\/{rel}","templated":true}]}}