{"id":77978,"date":"2025-03-28T15:04:43","date_gmt":"2025-03-28T15:04:43","guid":{"rendered":"https:\/\/skinstudio.ee\/?post_type=product&#038;p=77978"},"modified":"2026-02-13T15:29:02","modified_gmt":"2026-02-13T15:29:02","slug":"a-c-t-i-v-e-formula","status":"publish","type":"product","link":"https:\/\/skinstudio.ee\/lt\/catalog\/ph-formula\/a-c-t-i-v-e-formula\/","title":{"rendered":"A.C.T.I.V.E. Formula"},"content":{"rendered":"<p data-start=\"6455\" data-end=\"6705\"><strong data-start=\"6455\" data-end=\"6494\">A.C.T.I.V.E. Formula nuo pH Formula<\/strong> yra aktyvus odos atnaujinamasis koncentratas, skirtas odai paruo\u0161ti kontroliuojamoms odos atnaujinimo proced\u016broms, taip pat naudoti kursais \u012fvairioms odos b\u016bkl\u0117ms koreguoti ir pasiektiems rezultatams palaikyti.<\/p>\n<p data-start=\"6707\" data-end=\"7033\">Formul\u0117 sujungia r\u016bg\u0161\u010di\u0173 ir retinolio kompleks\u0105, kuris veikia kontroliuojamai, skatindamas odos atsinaujinim\u0105, gerindamas tekst\u016br\u0105 ir bendr\u0105 odos b\u016bkl\u0119. Priemon\u0117 padeda spr\u0119sti fotosen\u0117jimo, hiperpigmentacijos, akn\u0117s ir netolygaus odos tono problemas, taip pat palaiko odos atsistatym\u0105 esant l\u0117tiniams u\u017edegiminiams procesams.<\/p>\n<p data-start=\"7035\" data-end=\"7079\"><strong data-start=\"7035\" data-end=\"7077\">Pagrindini\u0173 sudedam\u0173j\u0173 dali\u0173 poveikis:<\/strong><\/p>\n<ul data-start=\"7080\" data-end=\"7535\">\n<li data-start=\"7080\" data-end=\"7216\">\n<p data-start=\"7082\" data-end=\"7216\"><strong data-start=\"7082\" data-end=\"7124\">Glikolio, migdol\u0173 ir pirovino r\u016bg\u0161tys:<\/strong> skatina odos atsinaujinim\u0105, gerina tekst\u016br\u0105 ir ton\u0105, didina odos glotnum\u0105 ir elastingum\u0105.<\/p>\n<\/li>\n<li data-start=\"7217\" data-end=\"7393\">\n<p data-start=\"7219\" data-end=\"7393\"><strong data-start=\"7219\" data-end=\"7256\">Laktobionin\u0117 ir salicilo r\u016bg\u0161tys:<\/strong> suteikia \u0161velni\u0105 eksfoliacij\u0105, prie\u0161u\u017edegimin\u012f ir antioksidacin\u012f poveik\u012f, padeda esant aknei, hiperkeratozei ir i\u0161sipl\u0117tusioms poroms.<\/p>\n<\/li>\n<li data-start=\"7394\" data-end=\"7535\">\n<p data-start=\"7396\" data-end=\"7535\"><strong data-start=\"7396\" data-end=\"7432\">Retinolis ir pH-DVC\u2122 kompleksas:<\/strong> skatina l\u0105steli\u0173 atsinaujinim\u0105, palaiko kolageno sintez\u0119 ir u\u017etikrina kontroliuojam\u0105 odos atnaujinim\u0105.<\/p>\n<\/li>\n<\/ul>\n<p data-start=\"7537\" data-end=\"7732\">Tinka odai su fotosen\u0117jimo po\u017eymiais, hiperpigmentacija, akne (I\u2013III laipsnio), netolygiu tonu, i\u0161sipl\u0117tusiomis poromis, taip pat esant l\u0117tiniam paraudimui ir eritemato-teleangiektazinei ro\u017einei.<\/p>\n<p data-start=\"7734\" data-end=\"7754\"><strong data-start=\"7734\" data-end=\"7744\">T\u016bris:<\/strong> <strong data-start=\"7745\" data-end=\"7754\">30 ml<\/strong><\/p>\n<p data-start=\"7756\" data-end=\"7901\">\n<p data-start=\"4394\" data-end=\"4635\">\n","protected":false},"excerpt":{"rendered":"<p data-start=\"7903\" data-end=\"7972\"><span style=\"color: #ff0000;\"><strong data-start=\"7903\" data-end=\"7972\">pH Formula produkt\u0173 pristatymas galimas tik Estijos teritorijoje.<\/strong><\/span><\/p>\n<p data-start=\"7974\" data-end=\"8151\"><span style=\"color: #ff0000;\"><strong data-start=\"7974\" data-end=\"7981\">NB!<\/strong> Produkt\u0105 galima \u012fsigyti tik po specialisto konsultacijos. Skambinkite +372 58 500 171 arba ra\u0161ykite <a class=\"decorated-link cursor-pointer\" style=\"color: #ff0000;\" href=\"mailto:info@skinstudio.ee\" rel=\"noopener\" data-start=\"8082\" data-end=\"8100\">info@skinstudio.ee<\/a>. M\u016bs\u0173 konsultantai pad\u0117s \u012fsigyti \u0161\u012f prek\u0117s \u017eenkl\u0105.<\/span><\/p>\n<p data-start=\"8153\" data-end=\"8191\">Aktyvus od\u0105 atnaujinantis koncentratas<\/p>\n<h2 data-start=\"8193\" data-end=\"8238\"><strong data-start=\"8193\" data-end=\"8238\">pH Formula &#8211; A.C.T.I.V.E. Formula Savyb\u0117s<\/strong><\/h2>\n<p data-start=\"8240\" data-end=\"8495\">\u2714\ufe0f Palaiko kontroliuojam\u0105 odos atsinaujinim\u0105<br data-start=\"8284\" data-end=\"8287\" \/>\u2714\ufe0f Padeda koreguoti hiperpigmentacij\u0105 ir netolyg\u0173 ton\u0105<br data-start=\"8341\" data-end=\"8344\" \/>\u2714\ufe0f Gerina problemin\u0117s ir aknei linkusios odos b\u016bkl\u0119<br data-start=\"8395\" data-end=\"8398\" \/>\u2714\ufe0f Padeda ma\u017einti fotosen\u0117jimo po\u017eymius<br data-start=\"8437\" data-end=\"8440\" \/>\u2714\ufe0f Palaiko odos atsistatym\u0105 esant l\u0117tiniam paraudimui<\/p>\n","protected":false},"featured_media":64953,"template":"","meta":[],"pwb-brand":[779],"product_brand":[],"product_cat":[742,654,752,750,724,748,728],"product_tag":[],"giftcard-category":[],"class_list":{"0":"post-77978","1":"product","2":"type-product","3":"status-publish","4":"has-post-thumbnail","6":"pwb-brand-ph-formula","7":"product_cat-berimai","8":"product_cat-ph-formula-lt","9":"product_cat-pigmentacija-lt","10":"product_cat-senstanti-oda","11":"product_cat-serumai","12":"product_cat-taukainai-adai-lt","13":"product_cat-vitaminas-a-retinolis","15":"first","16":"instock","17":"taxable","18":"shipping-taxable","19":"purchasable","20":"product-type-simple"},"acf":[],"brands":[{"id":779,"name":"pH Formula","slug":"ph-formula"}],"_links":{"self":[{"href":"https:\/\/skinstudio.ee\/lt\/wp-json\/wp\/v2\/product\/77978","targetHints":{"allow":["GET"]}}],"collection":[{"href":"https:\/\/skinstudio.ee\/lt\/wp-json\/wp\/v2\/product"}],"about":[{"href":"https:\/\/skinstudio.ee\/lt\/wp-json\/wp\/v2\/types\/product"}],"version-history":[{"count":1,"href":"https:\/\/skinstudio.ee\/lt\/wp-json\/wp\/v2\/product\/77978\/revisions"}],"predecessor-version":[{"id":77979,"href":"https:\/\/skinstudio.ee\/lt\/wp-json\/wp\/v2\/product\/77978\/revisions\/77979"}],"wp:featuredmedia":[{"embeddable":true,"href":"https:\/\/skinstudio.ee\/lt\/wp-json\/wp\/v2\/media\/64953"}],"wp:attachment":[{"href":"https:\/\/skinstudio.ee\/lt\/wp-json\/wp\/v2\/media?parent=77978"}],"wp:term":[{"taxonomy":"pwb-brand","embeddable":true,"href":"https:\/\/skinstudio.ee\/lt\/wp-json\/wp\/v2\/pwb-brand?post=77978"},{"taxonomy":"product_brand","embeddable":true,"href":"https:\/\/skinstudio.ee\/lt\/wp-json\/wp\/v2\/product_brand?post=77978"},{"taxonomy":"product_cat","embeddable":true,"href":"https:\/\/skinstudio.ee\/lt\/wp-json\/wp\/v2\/product_cat?post=77978"},{"taxonomy":"product_tag","embeddable":true,"href":"https:\/\/skinstudio.ee\/lt\/wp-json\/wp\/v2\/product_tag?post=77978"},{"taxonomy":"giftcard-category","embeddable":true,"href":"https:\/\/skinstudio.ee\/lt\/wp-json\/wp\/v2\/giftcard-category?post=77978"}],"curies":[{"name":"wp","href":"https:\/\/api.w.org\/{rel}","templated":true}]}}