{"id":77988,"date":"2025-03-28T12:29:33","date_gmt":"2025-03-28T12:29:33","guid":{"rendered":"https:\/\/skinstudio.ee\/?post_type=product&#038;p=77988"},"modified":"2026-02-13T15:29:02","modified_gmt":"2026-02-13T15:29:02","slug":"a-c-recovery","status":"publish","type":"product","link":"https:\/\/skinstudio.ee\/lt\/catalog\/ph-formula\/a-c-recovery\/","title":{"rendered":"A.C. Recovery"},"content":{"rendered":"<p data-start=\"6623\" data-end=\"6930\"><strong data-start=\"6623\" data-end=\"6651\">pH Formula &#8211; A.C. Recovery<\/strong> yra atkuriamasis koncentratas, pasi\u017eymintis prie\u0161u\u017edegiminiu ir od\u0105 atnaujinan\u010diu poveikiu, skirtas akn\u0117s pa\u017eeistai ir u\u017edegiminei odai. Formul\u0117 padeda suma\u017einti u\u017edegim\u0173 intensyvum\u0105, apsaugoti od\u0105 nuo pa\u017eeidim\u0173 ir palaikyti bendr\u0105 odos b\u016bkl\u0119 gydymo bei atsistatymo laikotarpiu.<\/p>\n<p data-start=\"6932\" data-end=\"7155\">Priemon\u0117 padeda pagerinti odos ton\u0105, suteikia jai tolygesn\u0119 ir gaivesn\u0119 i\u0161vaizd\u0105, i\u0161lygina odos tekst\u016br\u0105 ir i\u0161laiko komfort\u0105 net jautriai odai. U\u017etikrina stipri\u0105 antioksidacin\u0119 apsaug\u0105 ir skatina greitesn\u012f odos atsistatym\u0105.<\/p>\n<p data-start=\"7157\" data-end=\"7205\"><strong data-start=\"7157\" data-end=\"7203\">Pagrindini\u0173 aktyvi\u0173j\u0173 komponent\u0173 poveikis:<\/strong><\/p>\n<ul data-start=\"7206\" data-end=\"7725\">\n<li data-start=\"7206\" data-end=\"7370\">\n<p data-start=\"7208\" data-end=\"7370\"><strong data-start=\"7208\" data-end=\"7225\">Niacinamidas:<\/strong> padeda ma\u017einti u\u017edegim\u0105, u\u017ekirsti keli\u0105 poaknei, suvienodinti odos ton\u0105, pagerinti mikrocirkuliacij\u0105 ir palaikyti odos regeneracijos procesus.<\/p>\n<\/li>\n<li data-start=\"7371\" data-end=\"7517\">\n<p data-start=\"7373\" data-end=\"7517\"><strong data-start=\"7373\" data-end=\"7407\">Mandelin\u0117 ir salicilo r\u016bg\u0161tys:<\/strong> \u0161velniai atnaujina od\u0105, padeda valyti poras, ma\u017eina u\u017edegiminius elementus ir padeda i\u0161vengti nauj\u0173 b\u0117rim\u0173.<\/p>\n<\/li>\n<li data-start=\"7518\" data-end=\"7725\">\n<p data-start=\"7520\" data-end=\"7725\"><strong data-start=\"7520\" data-end=\"7581\">Azeloglicinas, arbatmed\u017eio aliejus ir PH-DVC\u2122 kompleksas:<\/strong> ramina od\u0105, padeda reguliuoti sebumo i\u0161siskyrim\u0105, pasi\u017eymi antibakteriniu poveikiu ir u\u017etikrina kontroliuojam\u0105 odos atsinaujinim\u0105 be dirginimo.<\/p>\n<\/li>\n<\/ul>\n<p data-start=\"7727\" data-end=\"7837\">Tinka odai su I\u2013III laipsnio akne, padid\u0117jusia sebumo gamyba, i\u0161sipl\u0117tusiomis poromis ir polinkiu \u012f u\u017edegimus.<\/p>\n<p data-start=\"7839\" data-end=\"7859\"><strong data-start=\"7839\" data-end=\"7849\">T\u016bris:<\/strong> <strong data-start=\"7850\" data-end=\"7859\">30 ml<\/strong><\/p>\n","protected":false},"excerpt":{"rendered":"<p data-start=\"8139\" data-end=\"8200\"><span style=\"color: #ff0000;\"><strong data-start=\"8139\" data-end=\"8200\">pH Formula produktai pristatomi tik Estijos teritorijoje.<\/strong><\/span><\/p>\n<p data-start=\"8202\" data-end=\"8386\"><span style=\"color: #ff0000;\"><strong data-start=\"8202\" data-end=\"8209\">NB!<\/strong> Produkt\u0105 galima \u012fsigyti tik pasikonsultavus su specialistu. Skambinkite +372 58 500 171 arba ra\u0161ykite <a class=\"decorated-link cursor-pointer\" style=\"color: #ff0000;\" href=\"mailto:info@skinstudio.ee\" rel=\"noopener\" data-start=\"8312\" data-end=\"8330\">info@skinstudio.ee<\/a>. M\u016bs\u0173 konsultantai pad\u0117s jums \u012fsigyti \u0161\u012f prek\u0117s \u017eenkl\u0105.<\/span><\/p>\n<p data-start=\"8388\" data-end=\"8434\">Atkuriamasis koncentratas akn\u0117s pa\u017eeistai odai<\/p>\n<h2 data-start=\"8436\" data-end=\"8474\"><strong data-start=\"8436\" data-end=\"8474\">pH Formula &#8211; A.C. Recovery savyb\u0117s<\/strong><\/h2>\n<p data-start=\"8476\" data-end=\"8705\">\u2714\ufe0f Aktyviai ma\u017eina u\u017edegim\u0105 ir paraudim\u0105<br data-start=\"8516\" data-end=\"8519\" \/>\u2714\ufe0f Padeda reguliuoti perteklin\u0119 sebumo gamyb\u0105<br data-start=\"8564\" data-end=\"8567\" \/>\u2714\ufe0f Skatina por\u0173 valym\u0105 ir padeda i\u0161vengti b\u0117rim\u0173<br data-start=\"8615\" data-end=\"8618\" \/>\u2714\ufe0f Greitina odos ir poakni\u0173 atsistatym\u0105<br data-start=\"8657\" data-end=\"8660\" \/>\u2714\ufe0f Gerina odos tekst\u016br\u0105 ir suvienodina ton\u0105<\/p>\n","protected":false},"featured_media":64958,"template":"","meta":[],"pwb-brand":[779],"product_brand":[],"product_cat":[742,744,654,724,748],"product_tag":[],"giftcard-category":[],"class_list":{"0":"post-77988","1":"product","2":"type-product","3":"status-publish","4":"has-post-thumbnail","6":"pwb-brand-ph-formula","7":"product_cat-berimai","8":"product_cat-issipletusios-poros","9":"product_cat-ph-formula-lt","10":"product_cat-serumai","11":"product_cat-taukainai-adai-lt","13":"first","14":"instock","15":"taxable","16":"shipping-taxable","17":"purchasable","18":"product-type-simple"},"acf":[],"brands":[{"id":779,"name":"pH Formula","slug":"ph-formula"}],"_links":{"self":[{"href":"https:\/\/skinstudio.ee\/lt\/wp-json\/wp\/v2\/product\/77988","targetHints":{"allow":["GET"]}}],"collection":[{"href":"https:\/\/skinstudio.ee\/lt\/wp-json\/wp\/v2\/product"}],"about":[{"href":"https:\/\/skinstudio.ee\/lt\/wp-json\/wp\/v2\/types\/product"}],"version-history":[{"count":1,"href":"https:\/\/skinstudio.ee\/lt\/wp-json\/wp\/v2\/product\/77988\/revisions"}],"predecessor-version":[{"id":77989,"href":"https:\/\/skinstudio.ee\/lt\/wp-json\/wp\/v2\/product\/77988\/revisions\/77989"}],"wp:featuredmedia":[{"embeddable":true,"href":"https:\/\/skinstudio.ee\/lt\/wp-json\/wp\/v2\/media\/64958"}],"wp:attachment":[{"href":"https:\/\/skinstudio.ee\/lt\/wp-json\/wp\/v2\/media?parent=77988"}],"wp:term":[{"taxonomy":"pwb-brand","embeddable":true,"href":"https:\/\/skinstudio.ee\/lt\/wp-json\/wp\/v2\/pwb-brand?post=77988"},{"taxonomy":"product_brand","embeddable":true,"href":"https:\/\/skinstudio.ee\/lt\/wp-json\/wp\/v2\/product_brand?post=77988"},{"taxonomy":"product_cat","embeddable":true,"href":"https:\/\/skinstudio.ee\/lt\/wp-json\/wp\/v2\/product_cat?post=77988"},{"taxonomy":"product_tag","embeddable":true,"href":"https:\/\/skinstudio.ee\/lt\/wp-json\/wp\/v2\/product_tag?post=77988"},{"taxonomy":"giftcard-category","embeddable":true,"href":"https:\/\/skinstudio.ee\/lt\/wp-json\/wp\/v2\/giftcard-category?post=77988"}],"curies":[{"name":"wp","href":"https:\/\/api.w.org\/{rel}","templated":true}]}}