{"id":77995,"date":"2024-12-31T17:51:10","date_gmt":"2024-12-31T17:51:10","guid":{"rendered":"https:\/\/skinstudio.ee\/?post_type=product&#038;p=77995"},"modified":"2026-02-13T15:29:14","modified_gmt":"2026-02-13T15:29:14","slug":"md-p-o-s-t-recovery-cream","status":"publish","type":"product","link":"https:\/\/skinstudio.ee\/lt\/catalog\/ph-formula\/md-p-o-s-t-recovery-cream\/","title":{"rendered":"MD P.O.S.T. Recovery Cream"},"content":{"rendered":"<p data-start=\"6254\" data-end=\"6526\"><strong data-start=\"6254\" data-end=\"6295\">MD P.O.S.T. Recovery Cream<\/strong> <strong data-start=\"6254\" data-end=\"6295\">nuo pH Formula <\/strong>\u2013 tai raminamasis kremas su turtingu dr\u0117kinam\u0173j\u0173 komponent\u0173 deriniu, skirtas intensyviam odos dr\u0117kinimui ir reaktyvumo ma\u017einimui. Formul\u0117 padeda suma\u017einti sausum\u0105, palaiko odos komfort\u0105 ir u\u017etikrina ilgalaik\u012f dr\u0117kinim\u0105 vis\u0105 dien\u0105.<\/p>\n<p data-start=\"6528\" data-end=\"6797\">Kremas pasi\u017eymi ry\u0161kiomis prie\u0161u\u017edegimin\u0117mis ir antioksidacin\u0117mis savyb\u0117mis, padeda atkurti odos apsaugin\u012f barjer\u0105, mink\u0161tina od\u0105 ir saugo j\u0105 nuo i\u0161orini\u0173 streso veiksni\u0173. Tinka kasdieniam naudojimui ir gali b\u016bti tepamas ant aktyvi\u0173 ar atkuriam\u0173j\u0173 pH Formula priemoni\u0173.<\/p>\n<p data-start=\"6799\" data-end=\"6847\"><strong data-start=\"6799\" data-end=\"6845\">Pagrindini\u0173 aktyvi\u0173j\u0173 komponent\u0173 poveikis:<\/strong><\/p>\n<ul data-start=\"6848\" data-end=\"7190\">\n<li data-start=\"6848\" data-end=\"6977\">\n<p data-start=\"6850\" data-end=\"6977\"><strong data-start=\"6850\" data-end=\"6896\">Hialurono r\u016bg\u0161tis ir laktobionin\u0117 r\u016bg\u0161tis:<\/strong> intensyviai dr\u0117kina, padeda palaikyti dr\u0117gm\u0117s balans\u0105 ir atkurti odos barjer\u0105.<\/p>\n<\/li>\n<li data-start=\"6978\" data-end=\"7064\">\n<p data-start=\"6980\" data-end=\"7064\"><strong data-start=\"6980\" data-end=\"6995\">Pantenolis:<\/strong> ramina od\u0105, ma\u017eina tempimo poj\u016bt\u012f ir palaiko atsistatymo procesus.<\/p>\n<\/li>\n<li data-start=\"7065\" data-end=\"7190\">\n<p data-start=\"7067\" data-end=\"7190\"><strong data-start=\"7067\" data-end=\"7094\">Glicirretinin\u0117 r\u016bg\u0161tis:<\/strong> padeda ma\u017einti u\u017edegimines reakcijas, gerina odos komfort\u0105 ir stiprina apsauginius mechanizmus.<\/p>\n<\/li>\n<\/ul>\n<p data-start=\"7192\" data-end=\"7331\">Tinka visiems odos tipams, \u012fskaitant saus\u0105, dehidratuot\u0105 ir reaktyvi\u0105 od\u0105, taip pat od\u0105, linkusi\u0105 \u012f perioralin\u012f dermatit\u0105 ir lengv\u0105 ro\u017ein\u0119.<\/p>\n<p data-start=\"7333\" data-end=\"7353\"><strong data-start=\"7333\" data-end=\"7343\">T\u016bris:<\/strong> <strong data-start=\"7344\" data-end=\"7353\">50 ml<\/strong><\/p>\n","protected":false},"excerpt":{"rendered":"<p data-start=\"7515\" data-end=\"7576\"><span style=\"color: #ff0000;\"><strong data-start=\"7515\" data-end=\"7576\">pH Formula produktai pristatomi tik Estijos teritorijoje.<\/strong><\/span><\/p>\n<p data-start=\"7578\" data-end=\"7757\"><span style=\"color: #ff0000;\"><strong data-start=\"7578\" data-end=\"7585\">NB!<\/strong> Produkt\u0105 galima \u012fsigyti tik pasikonsultavus su specialistu. Skambinkite +372 58 500 171 arba ra\u0161ykite <a class=\"decorated-link cursor-pointer\" style=\"color: #ff0000;\" href=\"mailto:info@skinstudio.ee\" rel=\"noopener\" data-start=\"7688\" data-end=\"7706\">info@skinstudio.ee<\/a>. M\u016bs\u0173 konsultantai pad\u0117s \u012fsigyti \u0161\u012f prek\u0117s \u017eenkl\u0105.<\/span><\/p>\n<p data-start=\"7759\" data-end=\"7815\">Dr\u0117kinamasis koncentrato kremas odos reaktyvumui ma\u017einti<\/p>\n<h2 data-start=\"7817\" data-end=\"7868\"><strong data-start=\"7817\" data-end=\"7868\">pH Formula &#8211; MD P.O.S.T. Recovery Cream savyb\u0117s<\/strong><\/h2>\n<p data-start=\"7870\" data-end=\"8118\">\u2714\ufe0f Intensyviai dr\u0117kina ir palaiko dr\u0117gm\u0117s balans\u0105<br data-start=\"7919\" data-end=\"7922\" \/>\u2714\ufe0f Ma\u017eina odos reaktyvum\u0105 ir diskomfort\u0105<br data-start=\"7962\" data-end=\"7965\" \/>\u2714\ufe0f U\u017etikrina prie\u0161u\u017edegimin\u0119 ir antioksidacin\u0119 apsaug\u0105<br data-start=\"8019\" data-end=\"8022\" \/>\u2714\ufe0f Padeda atkurti odos apsaugin\u012f barjer\u0105<br data-start=\"8062\" data-end=\"8065\" \/>\u2714\ufe0f Tinka visiems odos tipams, \u012fskaitant jautri\u0105 od\u0105<\/p>\n","protected":false},"featured_media":64963,"template":"","meta":[],"pwb-brand":[779],"product_brand":[],"product_cat":[738,746,654,748],"product_tag":[],"giftcard-category":[],"class_list":{"0":"post-77995","1":"product","2":"type-product","3":"status-publish","4":"has-post-thumbnail","6":"pwb-brand-ph-formula","7":"product_cat-drekinimas","8":"product_cat-jautriai-odai","9":"product_cat-ph-formula-lt","10":"product_cat-taukainai-adai-lt","12":"first","13":"instock","14":"taxable","15":"shipping-taxable","16":"purchasable","17":"product-type-simple"},"acf":[],"brands":[{"id":779,"name":"pH Formula","slug":"ph-formula"}],"_links":{"self":[{"href":"https:\/\/skinstudio.ee\/lt\/wp-json\/wp\/v2\/product\/77995","targetHints":{"allow":["GET"]}}],"collection":[{"href":"https:\/\/skinstudio.ee\/lt\/wp-json\/wp\/v2\/product"}],"about":[{"href":"https:\/\/skinstudio.ee\/lt\/wp-json\/wp\/v2\/types\/product"}],"version-history":[{"count":1,"href":"https:\/\/skinstudio.ee\/lt\/wp-json\/wp\/v2\/product\/77995\/revisions"}],"predecessor-version":[{"id":77996,"href":"https:\/\/skinstudio.ee\/lt\/wp-json\/wp\/v2\/product\/77995\/revisions\/77996"}],"wp:featuredmedia":[{"embeddable":true,"href":"https:\/\/skinstudio.ee\/lt\/wp-json\/wp\/v2\/media\/64963"}],"wp:attachment":[{"href":"https:\/\/skinstudio.ee\/lt\/wp-json\/wp\/v2\/media?parent=77995"}],"wp:term":[{"taxonomy":"pwb-brand","embeddable":true,"href":"https:\/\/skinstudio.ee\/lt\/wp-json\/wp\/v2\/pwb-brand?post=77995"},{"taxonomy":"product_brand","embeddable":true,"href":"https:\/\/skinstudio.ee\/lt\/wp-json\/wp\/v2\/product_brand?post=77995"},{"taxonomy":"product_cat","embeddable":true,"href":"https:\/\/skinstudio.ee\/lt\/wp-json\/wp\/v2\/product_cat?post=77995"},{"taxonomy":"product_tag","embeddable":true,"href":"https:\/\/skinstudio.ee\/lt\/wp-json\/wp\/v2\/product_tag?post=77995"},{"taxonomy":"giftcard-category","embeddable":true,"href":"https:\/\/skinstudio.ee\/lt\/wp-json\/wp\/v2\/giftcard-category?post=77995"}],"curies":[{"name":"wp","href":"https:\/\/api.w.org\/{rel}","templated":true}]}}