{"id":78004,"date":"2024-12-31T17:28:25","date_gmt":"2024-12-31T17:28:25","guid":{"rendered":"https:\/\/skinstudio.ee\/?post_type=product&#038;p=78004"},"modified":"2026-02-13T15:29:21","modified_gmt":"2026-02-13T15:29:21","slug":"s-u-n-powder-spf30","status":"publish","type":"product","link":"https:\/\/skinstudio.ee\/lt\/catalog\/ph-formula\/s-u-n-powder-spf30\/","title":{"rendered":"S.U.N. Powder SPF30"},"content":{"rendered":"<p data-start=\"6866\" data-end=\"7224\"><strong data-start=\"6866\" data-end=\"6905\">S.U.N. Powder SPF30 nuo pH Formula<\/strong> \u2013 tai mineralin\u0117 apsaugin\u0117 nuo saul\u0117s pudra, suteikianti plataus spektro apsaug\u0105 nuo UVA ir UVB spinduli\u0173, skirta kasdieniam naudojimui ir patogiam apsaugos atnaujinimui dienos metu. Kompakti\u0161kas formatas su \u0161epet\u0117lio aplikatoriumi leid\u017eia greitai ir tolygiai paskirstyti pudr\u0105 tiek ant makia\u017eo, tiek ant \u0161varios odos.<\/p>\n<p data-start=\"7226\" data-end=\"7464\">Pudra suteikia nat\u016bral\u0173 matin\u012f efekt\u0105, padeda kontroliuoti blizges\u012f ir i\u0161laikyti od\u0105 gaivi\u0105 bei pri\u017ei\u016br\u0117t\u0105. Lengva, \u0161ilkin\u0117 tekst\u016bra yra komforti\u0161ka ir neapsunkina odos, tod\u0117l tinka visiems odos tipams, \u012fskaitant jautri\u0105 ir reaktyvi\u0105 od\u0105.<\/p>\n<p data-start=\"7466\" data-end=\"7514\"><strong data-start=\"7466\" data-end=\"7512\">Pagrindini\u0173 aktyvi\u0173j\u0173 komponent\u0173 poveikis:<\/strong><\/p>\n<ul data-start=\"7515\" data-end=\"7904\">\n<li data-start=\"7515\" data-end=\"7658\">\n<p data-start=\"7517\" data-end=\"7658\"><strong data-start=\"7517\" data-end=\"7563\">Titano dioksidas (mineralinis UV filtras):<\/strong> u\u017etikrina plataus spektro apsaug\u0105 nuo UVA ir UVB spinduli\u0173 ir padeda i\u0161vengti fotopa\u017eeidim\u0173.<\/p>\n<\/li>\n<li data-start=\"7659\" data-end=\"7778\">\n<p data-start=\"7661\" data-end=\"7778\"><strong data-start=\"7661\" data-end=\"7690\">Mikronizuota ry\u017ei\u0173 pudra:<\/strong> suteikia matin\u012f, raminam\u0105j\u012f ir antioksidacin\u012f poveik\u012f bei \u0161velni\u0105, aksomin\u0119 tekst\u016br\u0105.<\/p>\n<\/li>\n<li data-start=\"7779\" data-end=\"7904\">\n<p data-start=\"7781\" data-end=\"7904\"><strong data-start=\"7781\" data-end=\"7816\">Purpurin\u0117s e\u017eiuol\u0117s ekstraktas:<\/strong> palaiko odos apsaugines funkcijas ir padeda suma\u017einti aplinkos streso veiksni\u0173 poveik\u012f.<\/p>\n<\/li>\n<\/ul>\n<p data-start=\"7906\" data-end=\"8046\">Tinka visiems odos tipams, \u012fskaitant jautri\u0105, riebi\u0105 ir \u012f akn\u0119 linkusi\u0105 od\u0105. Gali b\u016bti naudojama dienos metu apsaugai nuo saul\u0117s atnaujinti.<\/p>\n","protected":false},"excerpt":{"rendered":"<p data-start=\"8441\" data-end=\"8502\"><span style=\"color: #ff0000;\"><strong data-start=\"8441\" data-end=\"8502\">pH Formula produktai pristatomi tik Estijos teritorijoje.<\/strong><\/span><\/p>\n<p data-start=\"8504\" data-end=\"8683\"><span style=\"color: #ff0000;\"><strong data-start=\"8504\" data-end=\"8511\">NB!<\/strong> Produkt\u0105 galima \u012fsigyti tik pasikonsultavus su specialistu. Skambinkite +372 58 500 171 arba ra\u0161ykite <a style=\"color: #ff0000;\" href=\"mailto:info@skinstudio.ee\">info@skinstudio.ee<\/a>. M\u016bs\u0173 konsultantai pad\u0117s \u012fsigyti \u0161\u012f prek\u0117s \u017eenkl\u0105.<\/span><\/p>\n<p data-start=\"8685\" data-end=\"8722\">Mineralin\u0117 apsaugin\u0117 nuo saul\u0117s pudra<\/p>\n<h2 data-start=\"8724\" data-end=\"8769\"><strong data-start=\"8724\" data-end=\"8769\">pH Formula &#8211; S.U.N. Powder SPF30 savyb\u0117s<\/strong><\/h2>\n<p data-start=\"8771\" data-end=\"9021\">\u2714\ufe0f Suteikia mineralin\u0119 UVA ir UVB apsaug\u0105 SPF 30<br data-start=\"8819\" data-end=\"8822\" \/>\u2714\ufe0f Matizuoja od\u0105 ir padeda kontroliuoti blizges\u012f<br data-start=\"8870\" data-end=\"8873\" \/>\u2714\ufe0f Tinka apsaugos atnaujinimui ant makia\u017eo<br data-start=\"8915\" data-end=\"8918\" \/>\u2714\ufe0f Lengva, aksomin\u0117 tekst\u016bra<br data-start=\"8946\" data-end=\"8949\" \/>\u2714\ufe0f Tinka visiems odos tipams, \u012fskaitant jautri\u0105 ir \u012f akn\u0119 linkusi\u0105 od\u0105<\/p>\n","protected":false},"featured_media":64968,"template":"","meta":[],"pwb-brand":[779],"product_brand":[],"product_cat":[771,654,732],"product_tag":[],"giftcard-category":[],"class_list":{"0":"post-78004","1":"product","2":"type-product","3":"status-publish","4":"has-post-thumbnail","6":"pwb-brand-ph-formula","7":"product_cat-makiazas","8":"product_cat-ph-formula-lt","9":"product_cat-spf-apsauga","11":"first","12":"instock","13":"sale","14":"taxable","15":"shipping-taxable","16":"purchasable","17":"product-type-simple"},"acf":[],"brands":[{"id":779,"name":"pH Formula","slug":"ph-formula"}],"_links":{"self":[{"href":"https:\/\/skinstudio.ee\/lt\/wp-json\/wp\/v2\/product\/78004","targetHints":{"allow":["GET"]}}],"collection":[{"href":"https:\/\/skinstudio.ee\/lt\/wp-json\/wp\/v2\/product"}],"about":[{"href":"https:\/\/skinstudio.ee\/lt\/wp-json\/wp\/v2\/types\/product"}],"version-history":[{"count":1,"href":"https:\/\/skinstudio.ee\/lt\/wp-json\/wp\/v2\/product\/78004\/revisions"}],"predecessor-version":[{"id":78005,"href":"https:\/\/skinstudio.ee\/lt\/wp-json\/wp\/v2\/product\/78004\/revisions\/78005"}],"wp:featuredmedia":[{"embeddable":true,"href":"https:\/\/skinstudio.ee\/lt\/wp-json\/wp\/v2\/media\/64968"}],"wp:attachment":[{"href":"https:\/\/skinstudio.ee\/lt\/wp-json\/wp\/v2\/media?parent=78004"}],"wp:term":[{"taxonomy":"pwb-brand","embeddable":true,"href":"https:\/\/skinstudio.ee\/lt\/wp-json\/wp\/v2\/pwb-brand?post=78004"},{"taxonomy":"product_brand","embeddable":true,"href":"https:\/\/skinstudio.ee\/lt\/wp-json\/wp\/v2\/product_brand?post=78004"},{"taxonomy":"product_cat","embeddable":true,"href":"https:\/\/skinstudio.ee\/lt\/wp-json\/wp\/v2\/product_cat?post=78004"},{"taxonomy":"product_tag","embeddable":true,"href":"https:\/\/skinstudio.ee\/lt\/wp-json\/wp\/v2\/product_tag?post=78004"},{"taxonomy":"giftcard-category","embeddable":true,"href":"https:\/\/skinstudio.ee\/lt\/wp-json\/wp\/v2\/giftcard-category?post=78004"}],"curies":[{"name":"wp","href":"https:\/\/api.w.org\/{rel}","templated":true}]}}