{"id":78043,"date":"2026-01-31T10:19:22","date_gmt":"2026-01-31T10:19:22","guid":{"rendered":"https:\/\/skinstudio.ee\/?post_type=product&#038;p=78043"},"modified":"2026-03-23T13:19:10","modified_gmt":"2026-03-23T13:19:10","slug":"xceptional-flawless-cream","status":"publish","type":"product","link":"https:\/\/skinstudio.ee\/lt\/catalog\/instytutum\/xceptional-flawless-cream\/","title":{"rendered":"Xceptional Flawless Cream"},"content":{"rendered":"<p data-start=\"5552\" data-end=\"5919\"><strong data-start=\"5552\" data-end=\"5596\">Xceptional Flawless Cream nuo Instytutum<\/strong> &#8211; tai daugiafunkcis sen\u0117jim\u0105 stabdantis kremas, skirtas veido, kaklo ir dekolt\u0117 odos prie\u017ei\u016brai. Formul\u0117 padeda gerinti odos stangrum\u0105 ir tank\u012f, vizualiai koreguoti veido kont\u016brus bei palaikyti lygi\u0105 ir pri\u017ei\u016br\u0117t\u0105 odos i\u0161vaizd\u0105. Kremas intensyviai dr\u0117kina, mink\u0161tina ir maitina od\u0105, suteikdamas komforto poj\u016bt\u012f vis\u0105 dien\u0105.<\/p>\n<p data-start=\"5921\" data-end=\"6171\">Kremas pasi\u017eymi sodria, bet komforti\u0161ka tekst\u016bra, kuri lengvai \u012fsigeria \u012f od\u0105 ir u\u017etikrina tolyg\u0173 paskirstym\u0105. Reguliariai naudojant, oda atrodo putlesn\u0117, elastingesn\u0117 ir vizualiai stangresn\u0117, o nuovargio bei sen\u0117jimo po\u017eymiai tampa ma\u017eiau pastebimi.<\/p>\n<p data-start=\"6173\" data-end=\"6214\"><strong data-start=\"6173\" data-end=\"6214\">Kaip veikia pagrindiniai komponentai:<\/strong><\/p>\n<ul data-start=\"6215\" data-end=\"6607\">\n<li data-start=\"6215\" data-end=\"6346\">\n<p data-start=\"6217\" data-end=\"6346\"><strong data-start=\"6217\" data-end=\"6248\">Avie\u010di\u0173 kamienin\u0117s l\u0105stel\u0117s<\/strong> &#8211; padeda palaikyti odos gyvybingum\u0105 ir apsaugines funkcijas, suteikdamos odai gaivesn\u0119 i\u0161vaizd\u0105<\/p>\n<\/li>\n<li data-start=\"6347\" data-end=\"6450\">\n<p data-start=\"6349\" data-end=\"6450\"><strong data-start=\"6349\" data-end=\"6386\">Daugiakompleks\u0117 hialurono r\u016bg\u0161tis<\/strong> &#8211; u\u017etikrina keli\u0173 lygi\u0173 dr\u0117kinim\u0105 ir palaiko odos elastingum\u0105<\/p>\n<\/li>\n<li data-start=\"6451\" data-end=\"6607\">\n<p data-start=\"6453\" data-end=\"6607\"><strong data-start=\"6453\" data-end=\"6521\">Laukinio tabako kamienin\u0117s l\u0105stel\u0117s ir kavos l\u0105steli\u0173 ekstraktas<\/strong> &#8211; suteikia antioksidacin\u0119 apsaug\u0105 ir padeda odai atrodyti lygesnei bei pails\u0117jusiai<\/p>\n<\/li>\n<\/ul>\n<p data-start=\"6609\" data-end=\"6737\"><strong>Kam tinka Xceptional Flawless Cream:<\/strong> vis\u0173 tip\u0173 odai, ypa\u010d odai su matomais sen\u0117jimo po\u017eymiais, stangrumo ir kont\u016br\u0173 praradimu, sausumu ir papilk\u0117jusiu atspalviu.<\/p>\n<p data-start=\"6739\" data-end=\"6755\"><strong data-start=\"6739\" data-end=\"6755\">T\u016bris: 50 ml<\/strong><\/p>\n","protected":false},"excerpt":{"rendered":"<p data-start=\"6929\" data-end=\"6977\">Sen\u0117jim\u0105 stabdantis kont\u016brus formuojantis kremas<\/p>\n<h2 data-start=\"6979\" data-end=\"7234\"><strong data-start=\"6979\" data-end=\"7029\">Instytutum &#8211; Xceptional Flawless Cream savyb\u0117s<\/strong><\/h2>\n<p data-start=\"6979\" data-end=\"7234\">\u2714\ufe0f Gerina odos stangrum\u0105 ir tank\u012f<br data-start=\"7063\" data-end=\"7066\" \/>\u2714\ufe0f Vizualiai koreguoja veido kont\u016brus<br data-start=\"7103\" data-end=\"7106\" \/>\u2714\ufe0f Intensyviai dr\u0117kina od\u0105<br data-start=\"7132\" data-end=\"7135\" \/>\u2714\ufe0f Padeda i\u0161laikyti odos elastingum\u0105 ir glotnum\u0105<br data-start=\"7183\" data-end=\"7186\" \/>\u2714\ufe0f Suteikia odai pri\u017ei\u016br\u0117t\u0105 ir gaivi\u0105 i\u0161vaizd\u0105<\/p>\n","protected":false},"featured_media":78032,"template":"","meta":[],"pwb-brand":[1208],"product_brand":[],"product_cat":[738,1407,750],"product_tag":[],"giftcard-category":[],"class_list":{"0":"post-78043","1":"product","2":"type-product","3":"status-publish","4":"has-post-thumbnail","6":"pwb-brand-instytutum","7":"product_cat-drekinimas","8":"product_cat-naujiena","9":"product_cat-senstanti-oda","11":"first","12":"instock","13":"taxable","14":"shipping-taxable","15":"purchasable","16":"product-type-simple"},"acf":[],"brands":[{"id":1208,"name":"Instytutum","slug":"instytutum"}],"_links":{"self":[{"href":"https:\/\/skinstudio.ee\/lt\/wp-json\/wp\/v2\/product\/78043","targetHints":{"allow":["GET"]}}],"collection":[{"href":"https:\/\/skinstudio.ee\/lt\/wp-json\/wp\/v2\/product"}],"about":[{"href":"https:\/\/skinstudio.ee\/lt\/wp-json\/wp\/v2\/types\/product"}],"version-history":[{"count":2,"href":"https:\/\/skinstudio.ee\/lt\/wp-json\/wp\/v2\/product\/78043\/revisions"}],"predecessor-version":[{"id":83723,"href":"https:\/\/skinstudio.ee\/lt\/wp-json\/wp\/v2\/product\/78043\/revisions\/83723"}],"wp:featuredmedia":[{"embeddable":true,"href":"https:\/\/skinstudio.ee\/lt\/wp-json\/wp\/v2\/media\/78032"}],"wp:attachment":[{"href":"https:\/\/skinstudio.ee\/lt\/wp-json\/wp\/v2\/media?parent=78043"}],"wp:term":[{"taxonomy":"pwb-brand","embeddable":true,"href":"https:\/\/skinstudio.ee\/lt\/wp-json\/wp\/v2\/pwb-brand?post=78043"},{"taxonomy":"product_brand","embeddable":true,"href":"https:\/\/skinstudio.ee\/lt\/wp-json\/wp\/v2\/product_brand?post=78043"},{"taxonomy":"product_cat","embeddable":true,"href":"https:\/\/skinstudio.ee\/lt\/wp-json\/wp\/v2\/product_cat?post=78043"},{"taxonomy":"product_tag","embeddable":true,"href":"https:\/\/skinstudio.ee\/lt\/wp-json\/wp\/v2\/product_tag?post=78043"},{"taxonomy":"giftcard-category","embeddable":true,"href":"https:\/\/skinstudio.ee\/lt\/wp-json\/wp\/v2\/giftcard-category?post=78043"}],"curies":[{"name":"wp","href":"https:\/\/api.w.org\/{rel}","templated":true}]}}