{"id":78195,"date":"2025-12-11T13:59:12","date_gmt":"2025-12-11T13:59:12","guid":{"rendered":"https:\/\/skinstudio.ee\/?post_type=product&#038;p=78195"},"modified":"2026-02-13T15:28:38","modified_gmt":"2026-02-13T15:28:38","slug":"hyalogy-sensiskin-cream-50g","status":"publish","type":"product","link":"https:\/\/skinstudio.ee\/lt\/catalog\/forlled\/hyalogy-sensiskin-cream-50g\/","title":{"rendered":"Hyalogy SensiSkin Cream 50g"},"content":{"rendered":"<p data-start=\"1741\" data-end=\"2018\">SensiSkin linijos produkt\u0173 unikalumas slypi j\u0173 geb\u0117jime kompleksi\u0161kai veikti visus pagrindinius mechanizmus, susijusius su jautrios odos fenomenu. Formul\u0117s sukurtos taip, kad ne tik ramint\u0173 jau atsiradus\u012f diskomfort\u0105, bet ir kasdien palaikyt\u0173 stabili\u0105, subalansuot\u0105 odos b\u016bkl\u0119.<\/p>\n<p data-start=\"2020\" data-end=\"2344\">Aktyviosios sudedamosios dalys padeda u\u017ekirsti keli\u0105 hiperkeratozei, ma\u017einti u\u017edegim\u0105, suma\u017einti reaktyvum\u0105 ir didinti odos atsparum\u0105 i\u0161oriniams dirgikliams. Lengva, ta\u010diau maitinanti SensiSkin linijos kremo tekst\u016bra atkuria elastingum\u0105, stiprina odos barjer\u0105, gerina odos kokyb\u0119 ir padaro j\u0105 pastebimai ramesn\u0119 bei lygesn\u0119.<\/p>\n<p data-start=\"2346\" data-end=\"2656\">Ypa\u010d vertinga tai, kad produktas veikia ne tik kaip prie\u017ei\u016bros priemon\u0117, bet ir kaip profilaktin\u0117 pagalba, didinanti odos atsparum\u0105 kasdieniam stresui, sausam orui, temperat\u016br\u0173 svyravimams ir agresyviems aplinkos veiksniams. Reguliariai naudojant oda tampa mink\u0161ta, lygi ir gerokai ma\u017eiau linkusi \u012f sudirgimus.<\/p>\n<p data-start=\"2658\" data-end=\"2673\"><strong data-start=\"2658\" data-end=\"2668\">T\u016bris:<\/strong> 50 g<\/p>\n","protected":false},"excerpt":{"rendered":"<p data-start=\"2900\" data-end=\"2920\">Kremas jautriai odai<\/p>\n<h2 data-start=\"2922\" data-end=\"2967\"><strong data-start=\"2922\" data-end=\"2967\">Forlled &#8211; Hyalogy SensiSkin Cream Savyb\u0117s<\/strong><\/h2>\n<p data-start=\"2969\" data-end=\"3178\">\u2714\ufe0f Stiprina barjer\u0105 ir ma\u017eina reaktyvum\u0105<br data-start=\"3009\" data-end=\"3012\" \/>\u2714\ufe0f Palaiko tolygi\u0105 ir stabili\u0105 odos tekst\u016br\u0105<br data-start=\"3056\" data-end=\"3059\" \/>\u2714\ufe0f Ma\u017eina paraudim\u0105 ir diskomfort\u0105<br data-start=\"3093\" data-end=\"3096\" \/>\u2714\ufe0f Gerina odos elastingum\u0105 ir kokyb\u0119<br data-start=\"3132\" data-end=\"3135\" \/>\u2714\ufe0f Didina atsparum\u0105 i\u0161oriniams veiksniams<\/p>\n<p data-start=\"3180\" data-end=\"3220\"><span style=\"text-decoration: underline; color: #0000ff;\"><a style=\"color: #0000ff; text-decoration: underline;\" href=\"https:\/\/skinstudio.ee\/lt\/catalog\/forlled\/hyalogy-sensiskin-cream\/\">Galimas ir Hyalogy SensiSkin Cream 100 g<\/a><\/span><\/p>\n","protected":false},"featured_media":69476,"template":"","meta":[],"pwb-brand":[777],"product_brand":[],"product_cat":[738,746],"product_tag":[],"giftcard-category":[],"class_list":{"0":"post-78195","1":"product","2":"type-product","3":"status-publish","4":"has-post-thumbnail","6":"pwb-brand-forlled","7":"product_cat-drekinimas","8":"product_cat-jautriai-odai","10":"first","11":"instock","12":"taxable","13":"shipping-taxable","14":"purchasable","15":"product-type-simple"},"acf":[],"brands":[{"id":777,"name":"Forlled","slug":"forlled"}],"_links":{"self":[{"href":"https:\/\/skinstudio.ee\/lt\/wp-json\/wp\/v2\/product\/78195","targetHints":{"allow":["GET"]}}],"collection":[{"href":"https:\/\/skinstudio.ee\/lt\/wp-json\/wp\/v2\/product"}],"about":[{"href":"https:\/\/skinstudio.ee\/lt\/wp-json\/wp\/v2\/types\/product"}],"version-history":[{"count":1,"href":"https:\/\/skinstudio.ee\/lt\/wp-json\/wp\/v2\/product\/78195\/revisions"}],"predecessor-version":[{"id":78196,"href":"https:\/\/skinstudio.ee\/lt\/wp-json\/wp\/v2\/product\/78195\/revisions\/78196"}],"wp:featuredmedia":[{"embeddable":true,"href":"https:\/\/skinstudio.ee\/lt\/wp-json\/wp\/v2\/media\/69476"}],"wp:attachment":[{"href":"https:\/\/skinstudio.ee\/lt\/wp-json\/wp\/v2\/media?parent=78195"}],"wp:term":[{"taxonomy":"pwb-brand","embeddable":true,"href":"https:\/\/skinstudio.ee\/lt\/wp-json\/wp\/v2\/pwb-brand?post=78195"},{"taxonomy":"product_brand","embeddable":true,"href":"https:\/\/skinstudio.ee\/lt\/wp-json\/wp\/v2\/product_brand?post=78195"},{"taxonomy":"product_cat","embeddable":true,"href":"https:\/\/skinstudio.ee\/lt\/wp-json\/wp\/v2\/product_cat?post=78195"},{"taxonomy":"product_tag","embeddable":true,"href":"https:\/\/skinstudio.ee\/lt\/wp-json\/wp\/v2\/product_tag?post=78195"},{"taxonomy":"giftcard-category","embeddable":true,"href":"https:\/\/skinstudio.ee\/lt\/wp-json\/wp\/v2\/giftcard-category?post=78195"}],"curies":[{"name":"wp","href":"https:\/\/api.w.org\/{rel}","templated":true}]}}