{"id":78342,"date":"2025-07-16T14:36:42","date_gmt":"2025-07-16T14:36:42","guid":{"rendered":"https:\/\/skinstudio.ee\/?post_type=product&#038;p=78342"},"modified":"2026-02-13T15:28:43","modified_gmt":"2026-02-13T15:28:43","slug":"travel-set-1-basic-hydration","status":"publish","type":"product","link":"https:\/\/skinstudio.ee\/lt\/catalog\/forlled\/travel-set-1-basic-hydration\/","title":{"rendered":"Travel Set 1 Basic Hydration"},"content":{"rendered":"<p data-start=\"5482\" data-end=\"5828\">\u0160is profesionalus rinkinys sukurtas siekiant u\u017etikrinti visapusi\u0161k\u0105 dr\u0117kinam\u0105j\u0105 prie\u017ei\u016br\u0105 patogiu mini formatu. Jis puikiai tinka kelion\u0117ms, trumpalaikei odos prie\u017ei\u016brai ar pa\u017ein\u010diai su Forlle\u2019d prek\u0117s \u017eenklu. Rinkinio produktai veikia sinergi\u0161kai, giliai dr\u0117kindami od\u0105, atkurdami jos apsaugin\u012f barjer\u0105 ir suteikdami odai gaiv\u0173, sveik\u0105 i\u0161vaizd\u0105.<\/p>\n<p data-start=\"5830\" data-end=\"6125\">Rinkinys tinka vis\u0173 tip\u0173 odai, \u012fskaitant jautri\u0105 ir dehidratuot\u0105, taip pat odai, kuriai b\u016bdingi nuovargio ir aplinkos streso po\u017eymiai. Idealiai tinka kaip palaikomoji prie\u017ei\u016bra klimato poky\u010di\u0173, ilg\u0173 skryd\u017ei\u0173 ar stresini\u0173 situacij\u0173 metu, kai odai ypa\u010d reikalinga apsauga, komfortas ir atstatymas.<\/p>\n<p data-start=\"6127\" data-end=\"6438\">Rinkinio produktai veikia visais odos prie\u017ei\u016bros etapais &#8211; nuo \u0161velnaus valymo iki intensyvios regeneracijos ir apsaugos. Unikal\u016bs Forlle\u2019d ma\u017eos molekulin\u0117s mas\u0117s komponentai u\u017etikrina veikli\u0173j\u0173 med\u017eiag\u0173 prasiskverbim\u0105 \u012f gilesnius odos sluoksnius, skatindami atsinaujinim\u0105 ir stiprindami nat\u016bral\u0173 odos barjer\u0105.<\/p>\n","protected":false},"excerpt":{"rendered":"<p data-start=\"7060\" data-end=\"7088\">Kelioni\u0173 kosmetikos rinkinys<\/p>\n<h2 data-start=\"7090\" data-end=\"7145\"><strong>\u012e Forlled &#8211; Travel Set 1 Basic Hydration rinkin\u012f \u012feina:<\/strong><\/h2>\n<p data-start=\"7147\" data-end=\"7288\">\u2714\ufe0f Clearance Cleansing 10 g<br data-start=\"7174\" data-end=\"7177\" \/>\u2714\ufe0f Repurerance Wash 10 g<br data-start=\"7201\" data-end=\"7204\" \/>\u2714\ufe0f Refining Lotion 15 ml<br data-start=\"7228\" data-end=\"7231\" \/>\u2714\ufe0f Basing Emulsion 10 ml<br data-start=\"7255\" data-end=\"7258\" \/>\u2714\ufe0f P-effect Essence 2 \u00d7 1 ml<\/p>\n","protected":false},"featured_media":64504,"template":"","meta":[],"pwb-brand":[777],"product_brand":[],"product_cat":[756,754],"product_tag":[],"giftcard-category":[],"class_list":{"0":"post-78342","1":"product","2":"type-product","3":"status-publish","4":"has-post-thumbnail","6":"pwb-brand-forlled","7":"product_cat-rinkinys","8":"product_cat-travel-size-lt","10":"first","11":"instock","12":"taxable","13":"shipping-taxable","14":"purchasable","15":"product-type-simple"},"acf":[],"brands":[{"id":777,"name":"Forlled","slug":"forlled"}],"_links":{"self":[{"href":"https:\/\/skinstudio.ee\/lt\/wp-json\/wp\/v2\/product\/78342","targetHints":{"allow":["GET"]}}],"collection":[{"href":"https:\/\/skinstudio.ee\/lt\/wp-json\/wp\/v2\/product"}],"about":[{"href":"https:\/\/skinstudio.ee\/lt\/wp-json\/wp\/v2\/types\/product"}],"version-history":[{"count":1,"href":"https:\/\/skinstudio.ee\/lt\/wp-json\/wp\/v2\/product\/78342\/revisions"}],"predecessor-version":[{"id":78343,"href":"https:\/\/skinstudio.ee\/lt\/wp-json\/wp\/v2\/product\/78342\/revisions\/78343"}],"wp:featuredmedia":[{"embeddable":true,"href":"https:\/\/skinstudio.ee\/lt\/wp-json\/wp\/v2\/media\/64504"}],"wp:attachment":[{"href":"https:\/\/skinstudio.ee\/lt\/wp-json\/wp\/v2\/media?parent=78342"}],"wp:term":[{"taxonomy":"pwb-brand","embeddable":true,"href":"https:\/\/skinstudio.ee\/lt\/wp-json\/wp\/v2\/pwb-brand?post=78342"},{"taxonomy":"product_brand","embeddable":true,"href":"https:\/\/skinstudio.ee\/lt\/wp-json\/wp\/v2\/product_brand?post=78342"},{"taxonomy":"product_cat","embeddable":true,"href":"https:\/\/skinstudio.ee\/lt\/wp-json\/wp\/v2\/product_cat?post=78342"},{"taxonomy":"product_tag","embeddable":true,"href":"https:\/\/skinstudio.ee\/lt\/wp-json\/wp\/v2\/product_tag?post=78342"},{"taxonomy":"giftcard-category","embeddable":true,"href":"https:\/\/skinstudio.ee\/lt\/wp-json\/wp\/v2\/giftcard-category?post=78342"}],"curies":[{"name":"wp","href":"https:\/\/api.w.org\/{rel}","templated":true}]}}