{"id":78356,"date":"2025-07-16T14:34:49","date_gmt":"2025-07-16T14:34:49","guid":{"rendered":"https:\/\/skinstudio.ee\/?post_type=product&#038;p=78356"},"modified":"2026-02-13T15:28:19","modified_gmt":"2026-02-13T15:28:19","slug":"hyalogy-clg-face-mask","status":"publish","type":"product","link":"https:\/\/skinstudio.ee\/lt\/catalog\/forlled\/hyalogy-clg-face-mask\/","title":{"rendered":"Hyalogy CLG Face Mask"},"content":{"rendered":"<p data-start=\"5342\" data-end=\"5624\"><strong data-start=\"5342\" data-end=\"5379\">Hyalogy CLG Face Mask nuo Forlled<\/strong> \u2013 tai bioceliuliozin\u0117 kauk\u0117, pasi\u017eyminti rauk\u0161les lyginan\u010diu ir u\u017epildan\u010diu poveikiu, sukurta trij\u0173 skirtingos molekulin\u0117s mas\u0117s kolageno form\u0173 pagrindu. Formul\u0117 skirta visapusi\u0161kai odos prie\u017ei\u016brai, gerinant jos tank\u012f, stangrum\u0105 ir elastingum\u0105.<\/p>\n<p data-start=\"5626\" data-end=\"5882\">Kauk\u0117 kryptingai veikia visus odos sluoksnius, pad\u0117dama vizualiai i\u0161lyginti ir u\u017epildyti rauk\u0161les, pagerinti odos tonus\u0105 bei suteikti stangresn\u0119, labiau pakelt\u0105 i\u0161vaizd\u0105. Palaikydama neokolageno sintez\u0117s procesus, oda atrodo elastingesn\u0117 ir labiau atkurta.<\/p>\n<p data-start=\"5884\" data-end=\"6120\">Ypa\u010d plona bioceliuliozin\u0117 baz\u0117, pagaminta fermentuojant kokos\u0173 sultis, u\u017etikrina glaud\u017ei\u0105 okliuzij\u0105 ir maksimal\u0173 aktyvi\u0173j\u0173 med\u017eiag\u0173 kontakt\u0105 su oda. Tai sustiprina formul\u0117s veiksmingum\u0105 ir padeda pasiekti ry\u0161k\u0173 bei ilgalaik\u012f rezultat\u0105.<\/p>\n<p data-start=\"6122\" data-end=\"6268\">Po naudojimo oda akimirksniu atrodo lygesn\u0117, putlesn\u0117, gaivesn\u0117 ir intensyviai sudr\u0117kinta, i\u0161liekant ilgalaikiam komforto ir elastingumo poj\u016b\u010diui.<\/p>\n<p data-start=\"6270\" data-end=\"6451\"><strong data-start=\"6270\" data-end=\"6293\">Kam tinka \u0161i kauk\u0117:<\/strong> odai su sen\u0117jimo po\u017eymiais, suma\u017e\u0117jusiu stangrumu, papilk\u0117jusiu tonu bei matomomis ar ankstyvomis rauk\u0161l\u0117mis. Tinka intensyviai ir profesionaliai prie\u017ei\u016brai.<\/p>\n<p data-start=\"6453\" data-end=\"6478\"><strong data-start=\"6453\" data-end=\"6463\">T\u016bris:<\/strong> 1 vnt. \u00d7 25 ml<\/p>\n","protected":false},"excerpt":{"rendered":"<p data-start=\"6746\" data-end=\"6792\">Kolagenin\u0117 kauk\u0117 odos stiprinimui ir atk\u016brimui<\/p>\n<h2 data-start=\"6794\" data-end=\"6837\"><strong data-start=\"6794\" data-end=\"6837\">Forlled &#8211; Hyalogy CLG Face Mask Savyb\u0117s<\/strong><\/h2>\n<p data-start=\"6839\" data-end=\"7059\">\u2714\ufe0f Intensyviai dr\u0117kina ir palaiko odos atsinaujinim\u0105<br data-start=\"6891\" data-end=\"6894\" \/>\u2714\ufe0f Gerina odos elastingum\u0105 ir stangrum\u0105<br data-start=\"6933\" data-end=\"6936\" \/>\u2714\ufe0f Padeda vizualiai suma\u017einti rauk\u0161les<br data-start=\"6974\" data-end=\"6977\" \/>\u2714\ufe0f Palaiko odos tank\u012f ir tonus\u0105<br data-start=\"7008\" data-end=\"7011\" \/>\u2714\ufe0f Suteikia odai gaivi\u0105 ir pri\u017ei\u016br\u0117t\u0105 i\u0161vaizd\u0105<\/p>\n","protected":false},"featured_media":64517,"template":"","meta":[],"pwb-brand":[777],"product_brand":[],"product_cat":[726],"product_tag":[],"giftcard-category":[],"class_list":{"0":"post-78356","1":"product","2":"type-product","3":"status-publish","4":"has-post-thumbnail","6":"pwb-brand-forlled","7":"product_cat-maskas-lt","9":"first","10":"instock","11":"taxable","12":"shipping-taxable","13":"purchasable","14":"product-type-simple"},"acf":[],"brands":[{"id":777,"name":"Forlled","slug":"forlled"}],"_links":{"self":[{"href":"https:\/\/skinstudio.ee\/lt\/wp-json\/wp\/v2\/product\/78356","targetHints":{"allow":["GET"]}}],"collection":[{"href":"https:\/\/skinstudio.ee\/lt\/wp-json\/wp\/v2\/product"}],"about":[{"href":"https:\/\/skinstudio.ee\/lt\/wp-json\/wp\/v2\/types\/product"}],"version-history":[{"count":1,"href":"https:\/\/skinstudio.ee\/lt\/wp-json\/wp\/v2\/product\/78356\/revisions"}],"predecessor-version":[{"id":78357,"href":"https:\/\/skinstudio.ee\/lt\/wp-json\/wp\/v2\/product\/78356\/revisions\/78357"}],"wp:featuredmedia":[{"embeddable":true,"href":"https:\/\/skinstudio.ee\/lt\/wp-json\/wp\/v2\/media\/64517"}],"wp:attachment":[{"href":"https:\/\/skinstudio.ee\/lt\/wp-json\/wp\/v2\/media?parent=78356"}],"wp:term":[{"taxonomy":"pwb-brand","embeddable":true,"href":"https:\/\/skinstudio.ee\/lt\/wp-json\/wp\/v2\/pwb-brand?post=78356"},{"taxonomy":"product_brand","embeddable":true,"href":"https:\/\/skinstudio.ee\/lt\/wp-json\/wp\/v2\/product_brand?post=78356"},{"taxonomy":"product_cat","embeddable":true,"href":"https:\/\/skinstudio.ee\/lt\/wp-json\/wp\/v2\/product_cat?post=78356"},{"taxonomy":"product_tag","embeddable":true,"href":"https:\/\/skinstudio.ee\/lt\/wp-json\/wp\/v2\/product_tag?post=78356"},{"taxonomy":"giftcard-category","embeddable":true,"href":"https:\/\/skinstudio.ee\/lt\/wp-json\/wp\/v2\/giftcard-category?post=78356"}],"curies":[{"name":"wp","href":"https:\/\/api.w.org\/{rel}","templated":true}]}}