{"id":78397,"date":"2025-07-16T09:10:16","date_gmt":"2025-07-16T09:10:16","guid":{"rendered":"https:\/\/skinstudio.ee\/?post_type=product&#038;p=78397"},"modified":"2026-02-13T15:28:34","modified_gmt":"2026-02-13T15:28:34","slug":"hyalogy-re-dify-eye-mask","status":"publish","type":"product","link":"https:\/\/skinstudio.ee\/lt\/catalog\/forlled\/hyalogy-re-dify-eye-mask\/","title":{"rendered":"Hyalogy Re-Dify Eye Mask"},"content":{"rendered":"<p data-start=\"5624\" data-end=\"5852\"><strong data-start=\"5624\" data-end=\"5664\">Hyalogy Re-Dify Eye Mask nuo Forlled<\/strong> \u2013 tai profesionali sen\u0117jim\u0105 ma\u017einanti kauk\u0117 tankios tekst\u016bros, sukurta specialiai jautriai paaki\u0173 zonai. Kauk\u0117 glaud\u017eiai priglunda prie odos ir suteikia intensyv\u0173 bei ilgalaik\u012f dr\u0117kinim\u0105.<\/p>\n<p data-start=\"5854\" data-end=\"6099\">Nestandartin\u0117 kauk\u0117s forma leid\u017eia padengti didesn\u0119 paaki\u0173 srit\u012f, u\u017etikrinant ne tik ry\u0161k\u0173 liftingo efekt\u0105, bet ir aktyv\u0173 limfodrena\u017e\u0105. D\u0117l to suma\u017e\u0117ja paburkimas, oda tampa stangresn\u0117 ir tonizuotesn\u0117, o \u017evilgsnis \u2014 gaivesnis ir i\u0161rai\u0161kingesnis.<\/p>\n<p data-start=\"6101\" data-end=\"6351\">Kauk\u0117 padeda suma\u017einti smulki\u0173 linij\u0173 ir rauk\u0161li\u0173 matomum\u0105, pagerina odos ton\u0105 aplink akis ir ramina nuovargio bei sudirginimo po\u017eymius. Formul\u0117 tinka net labai jautriai odai ir skirta naudoti tiek profesionalioje, tiek intensyvioje nam\u0173 prie\u017ei\u016broje.<\/p>\n<p data-start=\"6353\" data-end=\"6488\"><strong data-start=\"6353\" data-end=\"6376\">Kam tinka \u0161i kauk\u0117:<\/strong> paaki\u0173 zonai su sen\u0117jimo po\u017eymiais, paburkimu, papilk\u0117jusiu tonu ir suma\u017e\u0117jusiu stangrumu. Tinka jautriai odai.<\/p>\n<p data-start=\"6490\" data-end=\"6507\"><strong data-start=\"6490\" data-end=\"6500\">T\u016bris:<\/strong> 8 vnt.<\/p>\n","protected":false},"excerpt":{"rendered":"<p data-start=\"7008\" data-end=\"7057\">Atkuriamoji sen\u0117jim\u0105 ma\u017einanti kauk\u0117 paaki\u0173 zonai<\/p>\n<h2 data-start=\"7059\" data-end=\"7105\"><strong data-start=\"7059\" data-end=\"7105\">Forlled &#8211; Hyalogy Re-Dify Eye Mask Savyb\u0117s<\/strong><\/h2>\n<p data-start=\"7107\" data-end=\"7344\">\u2714\ufe0f Padeda i\u0161lyginti rauk\u0161les ir suma\u017einti j\u0173 matomum\u0105<br data-start=\"7160\" data-end=\"7163\" \/>\u2714\ufe0f Ma\u017eina paburkim\u0105 ir nuovargio po\u017eymius<br data-start=\"7204\" data-end=\"7207\" \/>\u2714\ufe0f Intensyviai dr\u0117kina ir maitina vok\u0173 od\u0105<br data-start=\"7249\" data-end=\"7252\" \/>\u2714\ufe0f Gerina odos stangrum\u0105 ir elastingum\u0105<br data-start=\"7291\" data-end=\"7294\" \/>\u2714\ufe0f Skatina mikrocirkuliacij\u0105 ir gaivina \u017evilgsn\u012f<\/p>\n","protected":false},"featured_media":64522,"template":"","meta":[],"pwb-brand":[777],"product_brand":[],"product_cat":[734],"product_tag":[],"giftcard-category":[],"class_list":{"0":"post-78397","1":"product","2":"type-product","3":"status-publish","4":"has-post-thumbnail","6":"pwb-brand-forlled","7":"product_cat-oda-aplink-akis","9":"first","10":"instock","11":"taxable","12":"shipping-taxable","13":"purchasable","14":"product-type-simple"},"acf":[],"brands":[{"id":777,"name":"Forlled","slug":"forlled"}],"_links":{"self":[{"href":"https:\/\/skinstudio.ee\/lt\/wp-json\/wp\/v2\/product\/78397","targetHints":{"allow":["GET"]}}],"collection":[{"href":"https:\/\/skinstudio.ee\/lt\/wp-json\/wp\/v2\/product"}],"about":[{"href":"https:\/\/skinstudio.ee\/lt\/wp-json\/wp\/v2\/types\/product"}],"version-history":[{"count":1,"href":"https:\/\/skinstudio.ee\/lt\/wp-json\/wp\/v2\/product\/78397\/revisions"}],"predecessor-version":[{"id":78408,"href":"https:\/\/skinstudio.ee\/lt\/wp-json\/wp\/v2\/product\/78397\/revisions\/78408"}],"wp:featuredmedia":[{"embeddable":true,"href":"https:\/\/skinstudio.ee\/lt\/wp-json\/wp\/v2\/media\/64522"}],"wp:attachment":[{"href":"https:\/\/skinstudio.ee\/lt\/wp-json\/wp\/v2\/media?parent=78397"}],"wp:term":[{"taxonomy":"pwb-brand","embeddable":true,"href":"https:\/\/skinstudio.ee\/lt\/wp-json\/wp\/v2\/pwb-brand?post=78397"},{"taxonomy":"product_brand","embeddable":true,"href":"https:\/\/skinstudio.ee\/lt\/wp-json\/wp\/v2\/product_brand?post=78397"},{"taxonomy":"product_cat","embeddable":true,"href":"https:\/\/skinstudio.ee\/lt\/wp-json\/wp\/v2\/product_cat?post=78397"},{"taxonomy":"product_tag","embeddable":true,"href":"https:\/\/skinstudio.ee\/lt\/wp-json\/wp\/v2\/product_tag?post=78397"},{"taxonomy":"giftcard-category","embeddable":true,"href":"https:\/\/skinstudio.ee\/lt\/wp-json\/wp\/v2\/giftcard-category?post=78397"}],"curies":[{"name":"wp","href":"https:\/\/api.w.org\/{rel}","templated":true}]}}