{"id":78417,"date":"2024-12-11T12:41:14","date_gmt":"2024-12-11T12:41:14","guid":{"rendered":"https:\/\/skinstudio.ee\/?post_type=product&#038;p=78417"},"modified":"2026-02-13T15:28:24","modified_gmt":"2026-02-13T15:28:24","slug":"hyalogy-lift-cream","status":"publish","type":"product","link":"https:\/\/skinstudio.ee\/lt\/catalog\/forlled\/hyalogy-lift-cream\/","title":{"rendered":"Hyalogy Lift Cream"},"content":{"rendered":"<p data-start=\"4566\" data-end=\"4869\"><strong data-start=\"4566\" data-end=\"4600\">Hyalogy Lift Cream nuo Forlled<\/strong> \u2013 tai inovatyvus veido kremas su liftingo efektu, sukurtas intensyviam odos atjauninimui ir tankio palaikymui. Formul\u0117 skirta pagrindiniams matomiems sen\u0117jimo po\u017eymiams \u2013 rauk\u0161l\u0117ms ir smulkioms linijoms, suma\u017e\u0117jusiam stangrumui ir elastingumui bei odos dehidratacijai.<\/p>\n<p data-start=\"4871\" data-end=\"5122\">Peptidais ir augaliniais ekstraktais praturtintas kremas palaiko nat\u016bralius odos atsinaujinimo procesus ir suteikia matom\u0105 liftingo efekt\u0105 jau po u\u017etepimo. Reguliariai naudojant oda tampa stangresn\u0117, lygesn\u0117 ir labiau tonizuota, pager\u0117ja jos tekst\u016bra.<\/p>\n<p data-start=\"5124\" data-end=\"5323\">Kremas padeda palaikyti optimal\u0173 dr\u0117gm\u0117s lyg\u012f, stiprina odos apsaugin\u012f barjer\u0105 ir padeda odai atsispirti prie\u0161laikiniam sen\u0117jimui. Tinka kasdienei prie\u017ei\u016brai ir intensyvioms jauninan\u010dioms programoms.<\/p>\n<p data-start=\"5325\" data-end=\"5464\"><strong data-start=\"5325\" data-end=\"5350\">Kam tinka \u0161is kremas:<\/strong> atoni\u0161kai odai, odai su gravitacinio ptoz\u0117s po\u017eymiais, suma\u017e\u0117jusiu stangrumu, daugybe smulki\u0173 linij\u0173 ir rauk\u0161li\u0173.<\/p>\n<p data-start=\"5466\" data-end=\"5481\"><strong data-start=\"5466\" data-end=\"5476\">T\u016bris:<\/strong> 50 g<\/p>\n","protected":false},"excerpt":{"rendered":"<p data-start=\"5636\" data-end=\"5653\">Liftingo kremas<\/p>\n<h2 data-start=\"5655\" data-end=\"5695\"><strong data-start=\"5655\" data-end=\"5695\">Forlled &#8211; Hyalogy Lift Cream Savyb\u0117s<\/strong><\/h2>\n<p data-start=\"5697\" data-end=\"5933\">\u2714\ufe0f Suteikia matom\u0105 liftingo ir stangrinam\u0105j\u012f efekt\u0105<br data-start=\"5748\" data-end=\"5751\" \/>\u2714\ufe0f Padeda suma\u017einti rauk\u0161li\u0173 ir smulki\u0173 linij\u0173 matomum\u0105<br data-start=\"5806\" data-end=\"5809\" \/>\u2714\ufe0f Palaiko optimal\u0173 odos dr\u0117kinim\u0105<br data-start=\"5843\" data-end=\"5846\" \/>\u2714\ufe0f Gerina odos stangrum\u0105 ir tank\u012f<br data-start=\"5879\" data-end=\"5882\" \/>\u2714\ufe0f Padeda l\u0117tinti prie\u0161laikinio sen\u0117jimo procesus<\/p>\n","protected":false},"featured_media":78418,"template":"","meta":[],"pwb-brand":[777],"product_brand":[],"product_cat":[738,750],"product_tag":[],"giftcard-category":[],"class_list":{"0":"post-78417","1":"product","2":"type-product","3":"status-publish","4":"has-post-thumbnail","6":"pwb-brand-forlled","7":"product_cat-drekinimas","8":"product_cat-senstanti-oda","10":"first","11":"instock","12":"taxable","13":"shipping-taxable","14":"purchasable","15":"product-type-simple"},"acf":[],"brands":[{"id":777,"name":"Forlled","slug":"forlled"}],"_links":{"self":[{"href":"https:\/\/skinstudio.ee\/lt\/wp-json\/wp\/v2\/product\/78417","targetHints":{"allow":["GET"]}}],"collection":[{"href":"https:\/\/skinstudio.ee\/lt\/wp-json\/wp\/v2\/product"}],"about":[{"href":"https:\/\/skinstudio.ee\/lt\/wp-json\/wp\/v2\/types\/product"}],"version-history":[{"count":1,"href":"https:\/\/skinstudio.ee\/lt\/wp-json\/wp\/v2\/product\/78417\/revisions"}],"predecessor-version":[{"id":78419,"href":"https:\/\/skinstudio.ee\/lt\/wp-json\/wp\/v2\/product\/78417\/revisions\/78419"}],"wp:featuredmedia":[{"embeddable":true,"href":"https:\/\/skinstudio.ee\/lt\/wp-json\/wp\/v2\/media\/78418"}],"wp:attachment":[{"href":"https:\/\/skinstudio.ee\/lt\/wp-json\/wp\/v2\/media?parent=78417"}],"wp:term":[{"taxonomy":"pwb-brand","embeddable":true,"href":"https:\/\/skinstudio.ee\/lt\/wp-json\/wp\/v2\/pwb-brand?post=78417"},{"taxonomy":"product_brand","embeddable":true,"href":"https:\/\/skinstudio.ee\/lt\/wp-json\/wp\/v2\/product_brand?post=78417"},{"taxonomy":"product_cat","embeddable":true,"href":"https:\/\/skinstudio.ee\/lt\/wp-json\/wp\/v2\/product_cat?post=78417"},{"taxonomy":"product_tag","embeddable":true,"href":"https:\/\/skinstudio.ee\/lt\/wp-json\/wp\/v2\/product_tag?post=78417"},{"taxonomy":"giftcard-category","embeddable":true,"href":"https:\/\/skinstudio.ee\/lt\/wp-json\/wp\/v2\/giftcard-category?post=78417"}],"curies":[{"name":"wp","href":"https:\/\/api.w.org\/{rel}","templated":true}]}}