{"id":78478,"date":"2024-04-11T09:29:11","date_gmt":"2024-04-11T09:29:11","guid":{"rendered":"https:\/\/skinstudio.ee\/?post_type=product&#038;p=78478"},"modified":"2026-02-13T15:28:18","modified_gmt":"2026-02-13T15:28:18","slug":"hyalogy-bw-night-cream","status":"publish","type":"product","link":"https:\/\/skinstudio.ee\/lt\/catalog\/forlled\/hyalogy-bw-night-cream\/","title":{"rendered":"Hyalogy BW Night Cream"},"content":{"rendered":"<p data-start=\"4297\" data-end=\"4554\"><strong data-start=\"4297\" data-end=\"4335\">Hyalogy BW Night Cream nuo Forlled<\/strong> \u2013 tai naktinis kremas, skirtas odos pigmentacijai ma\u017einti ir odos tonui suvienodinti bet kokio am\u017eiaus \u017emon\u0117ms. Formul\u0117 padeda palaipsniui \u0161viesinti pigmentines d\u0117mes, gerina odos tono tolygum\u0105 ir bendr\u0105 odos i\u0161vaizd\u0105.<\/p>\n<p data-start=\"4556\" data-end=\"4738\">Reguliariai naudojant, kremas padeda i\u0161lyginti odos tekst\u016br\u0105, gerina jos kokyb\u0119 ir ma\u017eina hiperkeratoz\u0117s po\u017eymius. Oda tampa lygesn\u0117, labiau pri\u017ei\u016br\u0117ta ir vizualiai vienodesnio tono.<\/p>\n<p data-start=\"4740\" data-end=\"4954\">Lengva tekst\u016bra u\u017etikrina komforti\u0161k\u0105 naudojim\u0105 ir ypa\u010d tinka \u0161iltuoju met\u0173 laiku, kai oda labiau linkusi \u012f pigmentacij\u0105. Kremas lengvai pasiskirsto, neapsunkina odos ir puikiai tinka kasdienei naktinei prie\u017ei\u016brai.<\/p>\n<p data-start=\"4956\" data-end=\"5166\"><strong data-start=\"4956\" data-end=\"4983\">Kam skirtas \u0161is kremas:<\/strong> odai su pigmentacija, netolygiu tonu, hiperkeratoz\u0117s po\u017eymiais bei odai, linkusiai \u012f pigmentini\u0173 d\u0117mi\u0173 atsiradim\u0105. Tinka visiems odos tipams, kuriems reikalingas tono suvienodinimas.<\/p>\n<p data-start=\"5168\" data-end=\"5183\"><strong data-start=\"5168\" data-end=\"5178\">T\u016bris:<\/strong> 50 g<\/p>\n","protected":false},"excerpt":{"rendered":"<p data-start=\"5334\" data-end=\"5373\">Naktinis kremas odos tonui suvienodinti<\/p>\n<h2 data-start=\"5375\" data-end=\"5612\"><strong data-start=\"5375\" data-end=\"5419\">Forlled &#8211; Hyalogy BW Night Cream savyb\u0117s<\/strong><\/h2>\n<p data-start=\"5375\" data-end=\"5612\">\u2714\ufe0f Padeda suvienodinti odos ton\u0105<br data-start=\"5454\" data-end=\"5457\" \/>\u2714\ufe0f Ma\u017eina pigmentini\u0173 d\u0117mi\u0173 matomum\u0105<br data-start=\"5493\" data-end=\"5496\" \/>\u2714\ufe0f Gerina odos tekst\u016br\u0105 ir glotnum\u0105<br data-start=\"5531\" data-end=\"5534\" \/>\u2714\ufe0f Padeda ma\u017einti hiperkeratoz\u0119<br data-start=\"5565\" data-end=\"5568\" \/>\u2714\ufe0f Palaiko gaiv\u0173 ir pri\u017ei\u016br\u0117t\u0105 odos vaizd\u0105<\/p>\n","protected":false},"featured_media":78479,"template":"","meta":[],"pwb-brand":[777],"product_brand":[],"product_cat":[738,752],"product_tag":[],"giftcard-category":[],"class_list":{"0":"post-78478","1":"product","2":"type-product","3":"status-publish","4":"has-post-thumbnail","6":"pwb-brand-forlled","7":"product_cat-drekinimas","8":"product_cat-pigmentacija-lt","10":"first","11":"instock","12":"taxable","13":"shipping-taxable","14":"purchasable","15":"product-type-simple"},"acf":[],"brands":[{"id":777,"name":"Forlled","slug":"forlled"}],"_links":{"self":[{"href":"https:\/\/skinstudio.ee\/lt\/wp-json\/wp\/v2\/product\/78478","targetHints":{"allow":["GET"]}}],"collection":[{"href":"https:\/\/skinstudio.ee\/lt\/wp-json\/wp\/v2\/product"}],"about":[{"href":"https:\/\/skinstudio.ee\/lt\/wp-json\/wp\/v2\/types\/product"}],"version-history":[{"count":1,"href":"https:\/\/skinstudio.ee\/lt\/wp-json\/wp\/v2\/product\/78478\/revisions"}],"predecessor-version":[{"id":78480,"href":"https:\/\/skinstudio.ee\/lt\/wp-json\/wp\/v2\/product\/78478\/revisions\/78480"}],"wp:featuredmedia":[{"embeddable":true,"href":"https:\/\/skinstudio.ee\/lt\/wp-json\/wp\/v2\/media\/78479"}],"wp:attachment":[{"href":"https:\/\/skinstudio.ee\/lt\/wp-json\/wp\/v2\/media?parent=78478"}],"wp:term":[{"taxonomy":"pwb-brand","embeddable":true,"href":"https:\/\/skinstudio.ee\/lt\/wp-json\/wp\/v2\/pwb-brand?post=78478"},{"taxonomy":"product_brand","embeddable":true,"href":"https:\/\/skinstudio.ee\/lt\/wp-json\/wp\/v2\/product_brand?post=78478"},{"taxonomy":"product_cat","embeddable":true,"href":"https:\/\/skinstudio.ee\/lt\/wp-json\/wp\/v2\/product_cat?post=78478"},{"taxonomy":"product_tag","embeddable":true,"href":"https:\/\/skinstudio.ee\/lt\/wp-json\/wp\/v2\/product_tag?post=78478"},{"taxonomy":"giftcard-category","embeddable":true,"href":"https:\/\/skinstudio.ee\/lt\/wp-json\/wp\/v2\/giftcard-category?post=78478"}],"curies":[{"name":"wp","href":"https:\/\/api.w.org\/{rel}","templated":true}]}}