{"id":78488,"date":"2024-04-10T15:17:50","date_gmt":"2024-04-10T15:17:50","guid":{"rendered":"https:\/\/skinstudio.ee\/?post_type=product&#038;p=78488"},"modified":"2026-02-13T15:28:28","modified_gmt":"2026-02-13T15:28:28","slug":"hyalogy-p-effect-nourishing-cream","status":"publish","type":"product","link":"https:\/\/skinstudio.ee\/lt\/catalog\/forlled\/hyalogy-p-effect-nourishing-cream\/","title":{"rendered":"Hyalogy P-Effect Nourishing Cream"},"content":{"rendered":"<p data-start=\"4484\" data-end=\"4745\"><strong data-start=\"4484\" data-end=\"4533\">Hyalogy P-Effect Nourishing Cream nuo Forlled<\/strong> \u2013 tai maitinamasis kremas, sukurtas intensyviai sausos ir jautrios odos prie\u017ei\u016brai. Jis greitai atkuria odos komforto poj\u016bt\u012f, padeda suma\u017einti sausum\u0105 ir tempim\u0105 bei apsaugo od\u0105 \u0161altomis ir v\u0117juotomis s\u0105lygomis.<\/p>\n<p data-start=\"4747\" data-end=\"4956\">Formul\u0117 u\u017etikrina gil\u0173 dr\u0117kinim\u0105 ir maitinim\u0105, padeda atkurti odos \u0161velnum\u0105 ir glotnum\u0105 bei palaikyti jos apsaugines funkcijas. Reguliariai naudojant oda atrodo labiau subalansuota, ma\u017eiau jautri ir sveikesn\u0117.<\/p>\n<p data-start=\"4958\" data-end=\"5124\">Hyalogy P-Effect Nourishing Cream padeda palaikyti odos elastingum\u0105 ir stangrum\u0105, i\u0161laikyti optimal\u0173 dr\u0117gm\u0117s lyg\u012f ir suteikia ilgalaik\u012f komfort\u0105 neapsunkindamas odos.<\/p>\n<p data-start=\"5126\" data-end=\"5209\">Kremas tinka kasdieniam naudojimui tiek ryto, tiek vakaro odos prie\u017ei\u016bros rutinoje.<\/p>\n<p data-start=\"5211\" data-end=\"5357\"><strong data-start=\"5211\" data-end=\"5238\">Kam skirtas \u0161is kremas:<\/strong> visiems odos tipams, ypa\u010d sausai, dehidratuotai ir jautriai odai, kuriai reikalingas maitinimas, apsauga ir komfortas.<\/p>\n<p data-start=\"5359\" data-end=\"5374\"><strong data-start=\"5359\" data-end=\"5369\">T\u016bris:<\/strong> 40 g \/ 100 g<\/p>\n","protected":false},"excerpt":{"rendered":"<p data-start=\"5471\" data-end=\"5492\">Maitinamasis kremas<\/p>\n<h2 data-start=\"5494\" data-end=\"5549\"><strong data-start=\"5494\" data-end=\"5549\">Forlled &#8211; Hyalogy P-Effect Nourishing Cream Savyb\u0117s<\/strong><\/h2>\n<p data-start=\"5551\" data-end=\"5749\">\u2714\ufe0f Intensyviai maitina ir suteikia komfort\u0105<br data-start=\"5594\" data-end=\"5597\" \/>\u2714\ufe0f Mink\u0161tina od\u0105 ir ma\u017eina sausum\u0105<br data-start=\"5631\" data-end=\"5634\" \/>\u2714\ufe0f Padeda suma\u017einti odos jautrum\u0105<br data-start=\"5667\" data-end=\"5670\" \/>\u2714\ufe0f Palaiko odos elastingum\u0105 ir stangrum\u0105<br data-start=\"5710\" data-end=\"5713\" \/>\u2714\ufe0f Saugo od\u0105 nuo dr\u0117gm\u0117s praradimo<\/p>\n","protected":false},"featured_media":78489,"template":"","meta":[],"pwb-brand":[777],"product_brand":[],"product_cat":[738,746,740,750],"product_tag":[],"giftcard-category":[],"class_list":{"0":"post-78488","1":"product","2":"type-product","3":"status-publish","4":"has-post-thumbnail","6":"pwb-brand-forlled","7":"product_cat-drekinimas","8":"product_cat-jautriai-odai","9":"product_cat-sausai-odai","10":"product_cat-senstanti-oda","12":"first","13":"instock","14":"taxable","15":"shipping-taxable","16":"purchasable","17":"product-type-simple"},"acf":[],"brands":[{"id":777,"name":"Forlled","slug":"forlled"}],"_links":{"self":[{"href":"https:\/\/skinstudio.ee\/lt\/wp-json\/wp\/v2\/product\/78488","targetHints":{"allow":["GET"]}}],"collection":[{"href":"https:\/\/skinstudio.ee\/lt\/wp-json\/wp\/v2\/product"}],"about":[{"href":"https:\/\/skinstudio.ee\/lt\/wp-json\/wp\/v2\/types\/product"}],"version-history":[{"count":2,"href":"https:\/\/skinstudio.ee\/lt\/wp-json\/wp\/v2\/product\/78488\/revisions"}],"predecessor-version":[{"id":80140,"href":"https:\/\/skinstudio.ee\/lt\/wp-json\/wp\/v2\/product\/78488\/revisions\/80140"}],"wp:featuredmedia":[{"embeddable":true,"href":"https:\/\/skinstudio.ee\/lt\/wp-json\/wp\/v2\/media\/78489"}],"wp:attachment":[{"href":"https:\/\/skinstudio.ee\/lt\/wp-json\/wp\/v2\/media?parent=78488"}],"wp:term":[{"taxonomy":"pwb-brand","embeddable":true,"href":"https:\/\/skinstudio.ee\/lt\/wp-json\/wp\/v2\/pwb-brand?post=78488"},{"taxonomy":"product_brand","embeddable":true,"href":"https:\/\/skinstudio.ee\/lt\/wp-json\/wp\/v2\/product_brand?post=78488"},{"taxonomy":"product_cat","embeddable":true,"href":"https:\/\/skinstudio.ee\/lt\/wp-json\/wp\/v2\/product_cat?post=78488"},{"taxonomy":"product_tag","embeddable":true,"href":"https:\/\/skinstudio.ee\/lt\/wp-json\/wp\/v2\/product_tag?post=78488"},{"taxonomy":"giftcard-category","embeddable":true,"href":"https:\/\/skinstudio.ee\/lt\/wp-json\/wp\/v2\/giftcard-category?post=78488"}],"curies":[{"name":"wp","href":"https:\/\/api.w.org\/{rel}","templated":true}]}}