{"id":78498,"date":"2024-04-10T14:42:32","date_gmt":"2024-04-10T14:42:32","guid":{"rendered":"https:\/\/skinstudio.ee\/?post_type=product&#038;p=78498"},"modified":"2026-02-13T15:28:27","modified_gmt":"2026-02-13T15:28:27","slug":"hyalogy-p-effect-deep-moisturizer","status":"publish","type":"product","link":"https:\/\/skinstudio.ee\/lt\/catalog\/forlled\/hyalogy-p-effect-deep-moisturizer\/","title":{"rendered":"Hyalogy P-Effect Deep Moisturizer"},"content":{"rendered":"<p data-start=\"4642\" data-end=\"4880\"><strong data-start=\"4642\" data-end=\"4691\">Hyalogy P-Effect Deep Moisturizer nuo Forlled<\/strong> \u2013 tai odos prie\u017ei\u016bros priemon\u0117, skirta intensyviam dr\u0117kinimui ir odos komforto palaikymui. Ji padeda atkurti dr\u0117gm\u0117s balans\u0105, pagerina odos glotnum\u0105 ir i\u0161laiko gaivi\u0105, pri\u017ei\u016br\u0117t\u0105 i\u0161vaizd\u0105.<\/p>\n<p data-start=\"4882\" data-end=\"5057\">Formul\u0117 orientuota \u012f ilgalaik\u012f dr\u0117kinim\u0105, padeda pagerinti odos tekst\u016br\u0105 ir palaikyti jos tonus\u0105. Reguliariai naudojant oda atrodo putlesn\u0117, elastingesn\u0117 ir giliai sudr\u0117kinta.<\/p>\n<p data-start=\"5059\" data-end=\"5285\">Priemon\u0117 puikiai tinka kaip baigiamasis profesionali\u0173 proced\u016br\u0173 etapas, padedantis i\u0161laikyti pasiektus rezultatus. Nam\u0173 prie\u017ei\u016broje gali b\u016bti naudojama tiek ryte, tiek vakare, neapsunkinant odos ir nepaliekant lipnumo poj\u016b\u010dio.<\/p>\n<p data-start=\"5287\" data-end=\"5493\"><strong data-start=\"5287\" data-end=\"5335\">Kam tinka Hyalogy P-Effect Deep Moisturizer:<\/strong> visiems odos tipams, \u012fskaitant dehidratuot\u0105, papilk\u0117jusi\u0105 od\u0105 ir od\u0105 su suma\u017e\u0117jusiu tonusu, kuriai reikalingas intensyvus dr\u0117kinimas ir ilgalaikis komfortas.<\/p>\n<p data-start=\"5495\" data-end=\"5511\"><strong data-start=\"5495\" data-end=\"5505\">T\u016bris:<\/strong> 100 g<\/p>\n","protected":false},"excerpt":{"rendered":"<div class=\"et_pb_module et_pb_text et_pb_text_0 et_pb_text_align_left et_pb_bg_layout_light\">\n<div class=\"et_pb_text_inner\">\n<div class=\"et_pb_module et_pb_text et_pb_text_0 et_pb_text_align_left et_pb_bg_layout_light\">\n<div class=\"et_pb_text_inner\">\n<p data-start=\"5709\" data-end=\"5736\">Giliai dr\u0117kinantis kremas<\/p>\n<h2 data-start=\"5738\" data-end=\"5793\"><strong data-start=\"5738\" data-end=\"5793\">Forlled &#8211; Hyalogy P-Effect Deep Moisturizer Savyb\u0117s<\/strong><\/h2>\n<p data-start=\"5795\" data-end=\"6015\">\u2714\ufe0f U\u017etikrina ilgalaik\u012f ir intensyv\u0173 dr\u0117kinim\u0105<br data-start=\"5840\" data-end=\"5843\" \/>\u2714\ufe0f Padeda pagerinti odos glotnum\u0105 ir i\u0161vaizd\u0105<br data-start=\"5888\" data-end=\"5891\" \/>\u2714\ufe0f Palaiko odos tonus\u0105 ir elastingum\u0105<br data-start=\"5928\" data-end=\"5931\" \/>\u2714\ufe0f I\u0161laiko odos komfort\u0105 po proced\u016br\u0173<br data-start=\"5968\" data-end=\"5971\" \/>\u2714\ufe0f Tinka profesionaliai ir nam\u0173 prie\u017ei\u016brai<\/p>\n<\/div>\n<\/div>\n<\/div>\n<\/div>\n","protected":false},"featured_media":78499,"template":"","meta":[],"pwb-brand":[777],"product_brand":[],"product_cat":[738,740],"product_tag":[],"giftcard-category":[],"class_list":{"0":"post-78498","1":"product","2":"type-product","3":"status-publish","4":"has-post-thumbnail","6":"pwb-brand-forlled","7":"product_cat-drekinimas","8":"product_cat-sausai-odai","10":"first","11":"instock","12":"taxable","13":"shipping-taxable","14":"purchasable","15":"product-type-simple"},"acf":[],"brands":[{"id":777,"name":"Forlled","slug":"forlled"}],"_links":{"self":[{"href":"https:\/\/skinstudio.ee\/lt\/wp-json\/wp\/v2\/product\/78498","targetHints":{"allow":["GET"]}}],"collection":[{"href":"https:\/\/skinstudio.ee\/lt\/wp-json\/wp\/v2\/product"}],"about":[{"href":"https:\/\/skinstudio.ee\/lt\/wp-json\/wp\/v2\/types\/product"}],"version-history":[{"count":1,"href":"https:\/\/skinstudio.ee\/lt\/wp-json\/wp\/v2\/product\/78498\/revisions"}],"predecessor-version":[{"id":78500,"href":"https:\/\/skinstudio.ee\/lt\/wp-json\/wp\/v2\/product\/78498\/revisions\/78500"}],"wp:featuredmedia":[{"embeddable":true,"href":"https:\/\/skinstudio.ee\/lt\/wp-json\/wp\/v2\/media\/78499"}],"wp:attachment":[{"href":"https:\/\/skinstudio.ee\/lt\/wp-json\/wp\/v2\/media?parent=78498"}],"wp:term":[{"taxonomy":"pwb-brand","embeddable":true,"href":"https:\/\/skinstudio.ee\/lt\/wp-json\/wp\/v2\/pwb-brand?post=78498"},{"taxonomy":"product_brand","embeddable":true,"href":"https:\/\/skinstudio.ee\/lt\/wp-json\/wp\/v2\/product_brand?post=78498"},{"taxonomy":"product_cat","embeddable":true,"href":"https:\/\/skinstudio.ee\/lt\/wp-json\/wp\/v2\/product_cat?post=78498"},{"taxonomy":"product_tag","embeddable":true,"href":"https:\/\/skinstudio.ee\/lt\/wp-json\/wp\/v2\/product_tag?post=78498"},{"taxonomy":"giftcard-category","embeddable":true,"href":"https:\/\/skinstudio.ee\/lt\/wp-json\/wp\/v2\/giftcard-category?post=78498"}],"curies":[{"name":"wp","href":"https:\/\/api.w.org\/{rel}","templated":true}]}}