{"id":78507,"date":"2024-04-10T13:39:07","date_gmt":"2024-04-10T13:39:07","guid":{"rendered":"https:\/\/skinstudio.ee\/?post_type=product&#038;p=78507"},"modified":"2026-02-13T15:28:34","modified_gmt":"2026-02-13T15:28:34","slug":"hyalogy-re-dify-cream","status":"publish","type":"product","link":"https:\/\/skinstudio.ee\/lt\/catalog\/forlled\/hyalogy-re-dify-cream\/","title":{"rendered":"Hyalogy Re-Dify Cream"},"content":{"rendered":"<p data-start=\"4229\" data-end=\"4453\"><strong data-start=\"4229\" data-end=\"4266\">Hyalogy Re-Dify Cream nuo Forlled<\/strong> \u2013 tai \u0161velni odos prie\u017ei\u016bros priemon\u0117, skirta brand\u017eiai odai. Ji greitai susigeria, intensyviai dr\u0117kina ir padeda palaikyti optimal\u0173 dr\u0117gm\u0117s lyg\u012f, nepalikdama sunkumo ar lipnumo poj\u016b\u010dio.<\/p>\n<p data-start=\"4455\" data-end=\"4672\">Priemon\u0117 padeda pagerinti bendr\u0105 odos i\u0161vaizd\u0105, suteikdama jai glotnumo, stangrumo ir vizualiai pakelt\u0105 efekt\u0105. Reguliariai naudojant oda atrodo atsparesn\u0117, labiau pri\u017ei\u016br\u0117ta ir tolygesn\u0117, o veido kont\u016brai \u2013 ry\u0161kesni.<\/p>\n<p data-start=\"4674\" data-end=\"4815\">Tinka naudoti kaip baigiam\u0105j\u012f odos prie\u017ei\u016bros etap\u0105 ir lengvai \u012fsilieja tiek \u012f rytin\u0119, tiek \u012f vakarin\u0119 rutin\u0105, suteikdama ilgalaik\u012f komfort\u0105.<\/p>\n<p data-start=\"4817\" data-end=\"4962\"><strong data-start=\"4817\" data-end=\"4853\">Kam tinka Hyalogy Re-Dify Cream:<\/strong> brand\u017eiai odai, taip pat odai su suma\u017e\u0117jusiu stangrumu, tankio praradimu, sausumu ir papilk\u0117jusiu atspalviu.<\/p>\n<p data-start=\"4964\" data-end=\"4980\"><strong data-start=\"4964\" data-end=\"4974\">T\u016bris:<\/strong> 50 ml<\/p>\n","protected":false},"excerpt":{"rendered":"<p data-start=\"5155\" data-end=\"5192\">Atjauninantis kremas brand\u017eiai odai<\/p>\n<h2 data-start=\"5194\" data-end=\"5237\"><strong data-start=\"5194\" data-end=\"5237\">Forlled &#8211; Hyalogy Re-Dify Cream Savyb\u0117s<\/strong><\/h2>\n<p data-start=\"5239\" data-end=\"5471\">\u2714\ufe0f Padeda palaikyti odos stangrum\u0105 ir elastingum\u0105<br data-start=\"5288\" data-end=\"5291\" \/>\u2714\ufe0f Suteikia intensyv\u0173 ir ilgalaik\u012f dr\u0117kinim\u0105<br data-start=\"5335\" data-end=\"5338\" \/>\u2714\ufe0f Palaiko vizual\u0173 liftingo ir glotnumo efekt\u0105<br data-start=\"5384\" data-end=\"5387\" \/>\u2714\ufe0f Padeda i\u0161laikyti dr\u0117gm\u0119 ir komfort\u0105<br data-start=\"5425\" data-end=\"5428\" \/>\u2714\ufe0f Gerina bendr\u0105 odos pri\u017ei\u016br\u0117t\u0105 i\u0161vaizd\u0105<\/p>\n","protected":false},"featured_media":78508,"template":"","meta":[],"pwb-brand":[777],"product_brand":[],"product_cat":[738,750],"product_tag":[],"giftcard-category":[],"class_list":{"0":"post-78507","1":"product","2":"type-product","3":"status-publish","4":"has-post-thumbnail","6":"pwb-brand-forlled","7":"product_cat-drekinimas","8":"product_cat-senstanti-oda","10":"first","11":"instock","12":"taxable","13":"shipping-taxable","14":"purchasable","15":"product-type-simple"},"acf":[],"brands":[{"id":777,"name":"Forlled","slug":"forlled"}],"_links":{"self":[{"href":"https:\/\/skinstudio.ee\/lt\/wp-json\/wp\/v2\/product\/78507","targetHints":{"allow":["GET"]}}],"collection":[{"href":"https:\/\/skinstudio.ee\/lt\/wp-json\/wp\/v2\/product"}],"about":[{"href":"https:\/\/skinstudio.ee\/lt\/wp-json\/wp\/v2\/types\/product"}],"version-history":[{"count":1,"href":"https:\/\/skinstudio.ee\/lt\/wp-json\/wp\/v2\/product\/78507\/revisions"}],"predecessor-version":[{"id":78509,"href":"https:\/\/skinstudio.ee\/lt\/wp-json\/wp\/v2\/product\/78507\/revisions\/78509"}],"wp:featuredmedia":[{"embeddable":true,"href":"https:\/\/skinstudio.ee\/lt\/wp-json\/wp\/v2\/media\/78508"}],"wp:attachment":[{"href":"https:\/\/skinstudio.ee\/lt\/wp-json\/wp\/v2\/media?parent=78507"}],"wp:term":[{"taxonomy":"pwb-brand","embeddable":true,"href":"https:\/\/skinstudio.ee\/lt\/wp-json\/wp\/v2\/pwb-brand?post=78507"},{"taxonomy":"product_brand","embeddable":true,"href":"https:\/\/skinstudio.ee\/lt\/wp-json\/wp\/v2\/product_brand?post=78507"},{"taxonomy":"product_cat","embeddable":true,"href":"https:\/\/skinstudio.ee\/lt\/wp-json\/wp\/v2\/product_cat?post=78507"},{"taxonomy":"product_tag","embeddable":true,"href":"https:\/\/skinstudio.ee\/lt\/wp-json\/wp\/v2\/product_tag?post=78507"},{"taxonomy":"giftcard-category","embeddable":true,"href":"https:\/\/skinstudio.ee\/lt\/wp-json\/wp\/v2\/giftcard-category?post=78507"}],"curies":[{"name":"wp","href":"https:\/\/api.w.org\/{rel}","templated":true}]}}