{"id":78516,"date":"2024-04-10T10:04:53","date_gmt":"2024-04-10T10:04:53","guid":{"rendered":"https:\/\/skinstudio.ee\/?post_type=product&#038;p=78516"},"modified":"2026-02-13T15:28:40","modified_gmt":"2026-02-13T15:28:40","slug":"hyalogy-uv-intense-protector-spf-50","status":"publish","type":"product","link":"https:\/\/skinstudio.ee\/lt\/catalog\/forlled\/hyalogy-uv-intense-protector-spf-50\/","title":{"rendered":"Hyalogy UV Intense Protector SPF 50"},"content":{"rendered":"<p data-start=\"4871\" data-end=\"5196\"><strong data-start=\"4871\" data-end=\"4915\">Hyalogy UV Intense Protector nuo Forlled<\/strong> \u2013 tai lengva apsaugin\u0117 emulsija nuo saul\u0117s, skirta intensyviai odos apsaugai nuo \u017ealingo ultravioletini\u0173 spinduli\u0173 poveikio. Ji suformuoja patikim\u0105 apsaugin\u012f barjer\u0105 ir padeda suma\u017einti odos komplikacij\u0173, \u012fskaitant pigmentacij\u0105, rizik\u0105 po estetini\u0173 proced\u016br\u0173 ir aplinkos poveikio.<\/p>\n<p data-start=\"5198\" data-end=\"5395\">Emulsija tolygiai pasiskirsto ant odos, greitai susigeria ir neapsunkina jos, i\u0161laikydama lengvumo poj\u016bt\u012f vis\u0105 dien\u0105. Tinka net jautriai ir nusilpusiai odai, pad\u0117dama i\u0161laikyti komfort\u0105 ir apsaug\u0105.<\/p>\n<p data-start=\"5397\" data-end=\"5548\">Priemon\u0117 gali b\u016bti naudojama kasdien\u0117je prie\u017ei\u016broje ir padidinto saul\u0117s poveikio laikotarpiais, taip pat odos atsistatymo metu po kosmetini\u0173 proced\u016br\u0173.<\/p>\n<p data-start=\"5550\" data-end=\"5712\"><strong data-start=\"5550\" data-end=\"5593\">Kam tinka Hyalogy UV Intense Protector:<\/strong> visiems odos tipams, \u012fskaitant jautri\u0105, nusilpusi\u0105 ir pigmentacijai linkusi\u0105 od\u0105, taip pat od\u0105 po estetini\u0173 proced\u016br\u0173.<\/p>\n<p data-start=\"5714\" data-end=\"5730\"><strong data-start=\"5714\" data-end=\"5724\">T\u016bris:<\/strong> 30 ml<\/p>\n","protected":false},"excerpt":{"rendered":"<p data-start=\"5923\" data-end=\"5961\">Lengva apsaugin\u0117 emulsija nuo saul\u0117s<\/p>\n<h2 data-start=\"5963\" data-end=\"6013\"><strong data-start=\"5963\" data-end=\"6013\">Forlled &#8211; Hyalogy UV Intense Protector Savyb\u0117s<\/strong><\/h2>\n<p data-start=\"6015\" data-end=\"6245\">\u2714\ufe0f U\u017etikrina stipri\u0105 ir patikim\u0105 UV apsaug\u0105<br data-start=\"6058\" data-end=\"6061\" \/>\u2714\ufe0f Ma\u017eina pigmentacijos po proced\u016br\u0173 rizik\u0105<br data-start=\"6104\" data-end=\"6107\" \/>\u2714\ufe0f Tinka jautriai ir nusilpusiai odai<br data-start=\"6144\" data-end=\"6147\" \/>\u2714\ufe0f Saugo od\u0105 nuo agresyvaus miesto aplinkos poveikio<br data-start=\"6199\" data-end=\"6202\" \/>\u2714\ufe0f Lengva ir patogi kasdieniam naudojimui<\/p>\n","protected":false},"featured_media":78517,"template":"","meta":[],"pwb-brand":[777],"product_brand":[],"product_cat":[746,740,732,748],"product_tag":[],"giftcard-category":[],"class_list":{"0":"post-78516","1":"product","2":"type-product","3":"status-publish","4":"has-post-thumbnail","6":"pwb-brand-forlled","7":"product_cat-jautriai-odai","8":"product_cat-sausai-odai","9":"product_cat-spf-apsauga","10":"product_cat-taukainai-adai-lt","12":"first","13":"instock","14":"taxable","15":"shipping-taxable","16":"purchasable","17":"product-type-simple"},"acf":[],"brands":[{"id":777,"name":"Forlled","slug":"forlled"}],"_links":{"self":[{"href":"https:\/\/skinstudio.ee\/lt\/wp-json\/wp\/v2\/product\/78516","targetHints":{"allow":["GET"]}}],"collection":[{"href":"https:\/\/skinstudio.ee\/lt\/wp-json\/wp\/v2\/product"}],"about":[{"href":"https:\/\/skinstudio.ee\/lt\/wp-json\/wp\/v2\/types\/product"}],"version-history":[{"count":1,"href":"https:\/\/skinstudio.ee\/lt\/wp-json\/wp\/v2\/product\/78516\/revisions"}],"predecessor-version":[{"id":78518,"href":"https:\/\/skinstudio.ee\/lt\/wp-json\/wp\/v2\/product\/78516\/revisions\/78518"}],"wp:featuredmedia":[{"embeddable":true,"href":"https:\/\/skinstudio.ee\/lt\/wp-json\/wp\/v2\/media\/78517"}],"wp:attachment":[{"href":"https:\/\/skinstudio.ee\/lt\/wp-json\/wp\/v2\/media?parent=78516"}],"wp:term":[{"taxonomy":"pwb-brand","embeddable":true,"href":"https:\/\/skinstudio.ee\/lt\/wp-json\/wp\/v2\/pwb-brand?post=78516"},{"taxonomy":"product_brand","embeddable":true,"href":"https:\/\/skinstudio.ee\/lt\/wp-json\/wp\/v2\/product_brand?post=78516"},{"taxonomy":"product_cat","embeddable":true,"href":"https:\/\/skinstudio.ee\/lt\/wp-json\/wp\/v2\/product_cat?post=78516"},{"taxonomy":"product_tag","embeddable":true,"href":"https:\/\/skinstudio.ee\/lt\/wp-json\/wp\/v2\/product_tag?post=78516"},{"taxonomy":"giftcard-category","embeddable":true,"href":"https:\/\/skinstudio.ee\/lt\/wp-json\/wp\/v2\/giftcard-category?post=78516"}],"curies":[{"name":"wp","href":"https:\/\/api.w.org\/{rel}","templated":true}]}}