{"id":78539,"date":"2024-04-09T15:20:45","date_gmt":"2024-04-09T15:20:45","guid":{"rendered":"https:\/\/skinstudio.ee\/?post_type=product&#038;p=78539"},"modified":"2026-02-13T15:28:17","modified_gmt":"2026-02-13T15:28:17","slug":"hyalogy-ac-clear-mattifier","status":"publish","type":"product","link":"https:\/\/skinstudio.ee\/lt\/catalog\/forlled\/hyalogy-ac-clear-mattifier\/","title":{"rendered":"Hyalogy AC Clear Mattifier"},"content":{"rendered":"<p data-start=\"5173\" data-end=\"5453\"><strong data-start=\"5173\" data-end=\"5215\">Hyalogy AC Clear Mattifier nuo Forlled<\/strong> \u2013 tai itin lengvas matinantis fluidas, skirtas kasdienei riebios ir mi\u0161rios odos, linkusios \u012f u\u017edegimus bei netobulumus, prie\u017ei\u016brai. Jis suteikia ilgalaik\u012f matin\u012f efekt\u0105 ir padeda i\u0161laikyti tvarking\u0105, pri\u017ei\u016br\u0117t\u0105 odos i\u0161vaizd\u0105 vis\u0105 dien\u0105.<\/p>\n<p data-start=\"5455\" data-end=\"5675\">Fluidas tolygiai pasiskirsto, greitai susigeria ir suteikia odai lengvumo bei komforto poj\u016bt\u012f. Jis vizualiai glotnina odos pavir\u0161i\u0173, ma\u017eina por\u0173 matomum\u0105 ir pagerina bendr\u0105 odos tekst\u016br\u0105, nesukeldamas sausumo ar tempimo.<\/p>\n<p data-start=\"5677\" data-end=\"5889\">Priemon\u0117 puikiai tinka kaip koreguojantis odos prie\u017ei\u016bros etapas ir kaip makia\u017eo pagrindas. Ji padeda kontroliuoti rieb\u0173 blizges\u012f, palaiko odos gaivum\u0105 ir leid\u017eia makia\u017eui i\u0161likti tolygiam bei ilgiau i\u0161silaikyti.<\/p>\n<p data-start=\"5891\" data-end=\"6044\">Reguliariai naudojant oda atrodo lygesn\u0117, labiau subalansuota ir ilgai i\u0161liekanti matin\u0117, o polinkis \u012f rieb\u0173 blizges\u012f ir netobulumus pastebimai suma\u017e\u0117ja.<\/p>\n<p data-start=\"6046\" data-end=\"6191\"><strong data-start=\"6046\" data-end=\"6087\">Kam tinka Hyalogy AC Clear Mattifier:<\/strong> riebiai ir mi\u0161riai odai, taip pat odai, linkusiai \u012f u\u017edegimus, i\u0161sipl\u0117tusias poras ir nelygi\u0105 tekst\u016br\u0105.<\/p>\n<p data-start=\"6193\" data-end=\"6208\"><strong data-start=\"6193\" data-end=\"6203\">T\u016bris:<\/strong> 50 g<\/p>\n","protected":false},"excerpt":{"rendered":"<p data-start=\"6339\" data-end=\"6383\">Matinantis fluidas riebiai ir mi\u0161riai odai<\/p>\n<h2 data-start=\"6385\" data-end=\"6433\"><strong data-start=\"6385\" data-end=\"6433\">Forlled &#8211; Hyalogy AC Clear Mattifier Savyb\u0117s<\/strong><\/h2>\n<p data-start=\"6435\" data-end=\"6669\">\u2714\ufe0f Efektyviai matina ir kontroliuoja rieb\u0173 blizges\u012f<br data-start=\"6486\" data-end=\"6489\" \/>\u2714\ufe0f Vizualiai ma\u017eina poras ir glotnina odos pavir\u0161i\u0173<br data-start=\"6540\" data-end=\"6543\" \/>\u2714\ufe0f Gerina nelygios odos i\u0161vaizd\u0105<br data-start=\"6575\" data-end=\"6578\" \/>\u2714\ufe0f I\u0161laiko komfort\u0105 ir optimal\u0173 dr\u0117gm\u0117s balans\u0105<br data-start=\"6625\" data-end=\"6628\" \/>\u2714\ufe0f Puikiai tinka kaip makia\u017eo pagrindas<\/p>\n","protected":false},"featured_media":78540,"template":"","meta":[],"pwb-brand":[777],"product_brand":[],"product_cat":[738,748],"product_tag":[],"giftcard-category":[],"class_list":{"0":"post-78539","1":"product","2":"type-product","3":"status-publish","4":"has-post-thumbnail","6":"pwb-brand-forlled","7":"product_cat-drekinimas","8":"product_cat-taukainai-adai-lt","10":"first","11":"instock","12":"taxable","13":"shipping-taxable","14":"purchasable","15":"product-type-simple"},"acf":[],"brands":[{"id":777,"name":"Forlled","slug":"forlled"}],"_links":{"self":[{"href":"https:\/\/skinstudio.ee\/lt\/wp-json\/wp\/v2\/product\/78539","targetHints":{"allow":["GET"]}}],"collection":[{"href":"https:\/\/skinstudio.ee\/lt\/wp-json\/wp\/v2\/product"}],"about":[{"href":"https:\/\/skinstudio.ee\/lt\/wp-json\/wp\/v2\/types\/product"}],"version-history":[{"count":1,"href":"https:\/\/skinstudio.ee\/lt\/wp-json\/wp\/v2\/product\/78539\/revisions"}],"predecessor-version":[{"id":78541,"href":"https:\/\/skinstudio.ee\/lt\/wp-json\/wp\/v2\/product\/78539\/revisions\/78541"}],"wp:featuredmedia":[{"embeddable":true,"href":"https:\/\/skinstudio.ee\/lt\/wp-json\/wp\/v2\/media\/78540"}],"wp:attachment":[{"href":"https:\/\/skinstudio.ee\/lt\/wp-json\/wp\/v2\/media?parent=78539"}],"wp:term":[{"taxonomy":"pwb-brand","embeddable":true,"href":"https:\/\/skinstudio.ee\/lt\/wp-json\/wp\/v2\/pwb-brand?post=78539"},{"taxonomy":"product_brand","embeddable":true,"href":"https:\/\/skinstudio.ee\/lt\/wp-json\/wp\/v2\/product_brand?post=78539"},{"taxonomy":"product_cat","embeddable":true,"href":"https:\/\/skinstudio.ee\/lt\/wp-json\/wp\/v2\/product_cat?post=78539"},{"taxonomy":"product_tag","embeddable":true,"href":"https:\/\/skinstudio.ee\/lt\/wp-json\/wp\/v2\/product_tag?post=78539"},{"taxonomy":"giftcard-category","embeddable":true,"href":"https:\/\/skinstudio.ee\/lt\/wp-json\/wp\/v2\/giftcard-category?post=78539"}],"curies":[{"name":"wp","href":"https:\/\/api.w.org\/{rel}","templated":true}]}}